{"id":206442,"date":"2025-03-20T17:57:48","date_gmt":"2025-03-20T17:57:48","guid":{"rendered":"https:\/\/aromasentia.com\/product\/tropical-paradise-soap-slice-watermelon\/"},"modified":"2025-05-31T02:59:25","modified_gmt":"2025-05-31T02:59:25","slug":"tropical-paradise-sapestykke-vannmelon","status":"publish","type":"product","link":"https:\/\/aromasentia.com\/no\/tropical-paradise-sapestykke-vannmelon\/","title":{"rendered":"Tropical Paradise S\u00e5pestykke &#8211; Vannmelon"},"content":{"rendered":"<p>En fantastisk s\u00e5pe med en fantastisk duft av vannmelon med en s\u00f8t og fruktig tropisk duft, fylt med valmuefr\u00f8 som skrubber bort d\u00f8de hudceller for et glatt og skinnende utseende og f\u00f8lelse!<\/p>\n<p>Med v\u00e5re tropiske fruktdufter vil hendene, kroppen og sjelen f\u00f8les renset, n\u00e6ret og fuktet.<\/p>\n<p>S\u00e5peskiver selges innpakket i vokset papir med en ingrediensetikett og veier omtrent 115 g per skive.<\/p>\n<p><strong>MERK: S\u00e5pene v\u00e5re er h\u00e5ndlaget, fargen eller designet kan avvike noe fra bildene som vises.<\/strong><\/p>\n","protected":false},"excerpt":{"rendered":"<p>En fantastisk s\u00e5pe med en fantastisk duft av vannmelon med en s\u00f8t og fruktig tropisk duft, fylt med valmuefr\u00f8 som skrubber bort d\u00f8de hudceller for et glatt og skinnende utseende og f\u00f8lelse! Med v\u00e5re tropiske fruktdufter vil hendene, kroppen og sjelen f\u00f8les renset, n\u00e6ret og fuktet. S\u00e5peskiver selges innpakket i vokset papir med en ingrediensetikett [&hellip;]<\/p>\n","protected":false},"featured_media":300619,"comment_status":"closed","ping_status":"open","template":"","meta":{"_angie_page":false},"product_brand":[],"product_cat":[9413,25843,26848,9439,26492],"product_tag":[],"class_list":{"0":"post-206442","1":"product","2":"type-product","3":"status-publish","4":"has-post-thumbnail","6":"product_cat-bad-spa-og-personlig-pleie","7":"product_cat-dufter-aromaer","8":"product_cat-fruktig","9":"product_cat-okologiske-saper","10":"product_cat-vannmelon","11":"pa_collection-tropical-paradise-soap-loaves-1-3kg-and-slices-no","12":"pa_made-in-storbritannia","14":"first","15":"instock","16":"purchasable","17":"product-type-simple"},"supplier_id":null,"supplier_sku":"DSTPSoap-01","barcode":null,"atum_controlled":true,"out_stock_date":null,"out_stock_threshold":null,"inheritable":false,"inbound_stock":null,"stock_on_hold":0,"sold_today":0,"sales_last_days":0,"reserved_stock":null,"customer_returns":null,"warehouse_damage":null,"lost_in_post":null,"other_logs":null,"out_stock_days":0,"lost_sales":0,"has_location":null,"update_date":"2026-04-27T06:59:51","atum_locations":[],"atum_stock_status":"instock","restock_status":false,"low_stock_amount":"","sales_update_date":"2026-01-30T01:25:27","calc_backorders":null,"_links":{"self":[{"href":"https:\/\/aromasentia.com\/no\/wp-json\/wp\/v2\/product\/206442","targetHints":{"allow":["GET"]}}],"collection":[{"href":"https:\/\/aromasentia.com\/no\/wp-json\/wp\/v2\/product"}],"about":[{"href":"https:\/\/aromasentia.com\/no\/wp-json\/wp\/v2\/types\/product"}],"replies":[{"embeddable":true,"href":"https:\/\/aromasentia.com\/no\/wp-json\/wp\/v2\/comments?post=206442"}],"version-history":[{"count":0,"href":"https:\/\/aromasentia.com\/no\/wp-json\/wp\/v2\/product\/206442\/revisions"}],"wp:featuredmedia":[{"embeddable":true,"href":"https:\/\/aromasentia.com\/no\/wp-json\/wp\/v2\/media\/300619"}],"wp:attachment":[{"href":"https:\/\/aromasentia.com\/no\/wp-json\/wp\/v2\/media?parent=206442"}],"wp:term":[{"taxonomy":"product_brand","embeddable":true,"href":"https:\/\/aromasentia.com\/no\/wp-json\/wp\/v2\/product_brand?post=206442"},{"taxonomy":"product_cat","embeddable":true,"href":"https:\/\/aromasentia.com\/no\/wp-json\/wp\/v2\/product_cat?post=206442"},{"taxonomy":"product_tag","embeddable":true,"href":"https:\/\/aromasentia.com\/no\/wp-json\/wp\/v2\/product_tag?post=206442"}],"curies":[{"name":"wp","href":"https:\/\/api.w.org\/{rel}","templated":true}]}}