{"id":206433,"date":"2025-03-20T17:58:52","date_gmt":"2025-03-20T17:58:52","guid":{"rendered":"https:\/\/aromasentia.com\/product\/vitamin-c-goddesss-body-lotion-orange-lemon\/"},"modified":"2025-05-31T02:59:03","modified_gmt":"2025-05-31T02:59:03","slug":"vitamin-c-goddesss-body-lotion-appelsin-sitron","status":"publish","type":"product","link":"https:\/\/aromasentia.com\/no\/vitamin-c-goddesss-body-lotion-appelsin-sitron\/","title":{"rendered":"Vitamin C Goddess&#8217;S Body Lotion &#8211; Appelsin &#038; Sitron"},"content":{"rendered":"<p><strong>Vitamin C Goddess\u2019s Body Lotion \u2013 Appelsin og Sitron<\/strong> er et luksuri\u00f8st tilskudd til hudpleiekolleksjonen din som lover \u00e5 gi n\u00e6ring til og forynge kundenes hud. Denne bodylotionen p\u00e5 250 ml (8,45 oz) er tilsatt de kraftige fordelene med vitamin C, essensielle oljer og andre hudvennlige ingredienser, noe som gj\u00f8r den til et ideelt valg for selgere som s\u00f8ker hudpleieprodukter av h\u00f8y kvalitet til kundene sine.<\/p>\n<p>Pakket i en elegant og brukervennlig pumpeflaske, sikrer denne bodylotionen praktisk og hygienisk p\u00e5f\u00f8ring. Det visuelt tiltalende designet gj\u00f8r den til et enest\u00e5ende tilskudd til hudpleiesortimentet i butikken din.<\/p>\n<p><strong>N\u00f8kkelfunksjoner:<\/strong><\/p>\n<p><strong>Berikelse av C-vitamin:<\/strong>Denne bodylotionen er tilsatt vitamin C, og lysner opp huden, reduserer aldringstegn og fremmer en sunn, str\u00e5lende hudtone.<\/p>\n<p><strong>Blanding av essensielle oljer:<\/strong>Formulert med appelsinskall- og sitronskall-olje, som gir en forfriskende sitrusduft sammen med antioksidant- og antiseptiske fordeler.<\/p>\n<p><strong>N\u00e6rende ingredienser:<\/strong> Inneholder solsikkefr\u00f8olje og nypeolje, rik p\u00e5 essensielle fettsyrer og vitaminer, som gir dyp fuktighet og n\u00e6ring til huden.<\/p>\n<p><strong>Glatt og fuktighetsgivende:<\/strong>Med en glatt, kremet tekstur som absorberes raskt inn i huden, etterlater denne lotionen den myk og fuktet uten fettete rester. &nbsp;<\/p>\n<p><strong>Fordeler med aromaterapi:<\/strong> Beriket med naturlige forbindelser som limonen, linalool og citral, som gir beroligende og oppl\u00f8ftende aromaterapieffekter og forbedrer den generelle sensoriske opplevelsen.<\/p>\n<p><span style=\"color: rgb(141, 186, 216);\"><strong>Denne C-vitamin-bodylotionen er et must-have-produkt for \u00e5 m\u00f8te den \u00f8kende ettersp\u00f8rselen etter naturlige og effektive hudpleiel\u00f8sninger.<\/strong><\/span> <\/p>\n","protected":false},"excerpt":{"rendered":"<p>Vitamin C Goddess\u2019s Body Lotion \u2013 Appelsin og Sitron er et luksuri\u00f8st tilskudd til hudpleiekolleksjonen din som lover \u00e5 gi n\u00e6ring til og forynge kundenes hud. Denne bodylotionen p\u00e5 250 ml (8,45 oz) er tilsatt de kraftige fordelene med vitamin C, essensielle oljer og andre hudvennlige ingredienser, noe som gj\u00f8r den til et ideelt valg [&hellip;]<\/p>\n","protected":false},"featured_media":300958,"comment_status":"closed","ping_status":"open","template":"","meta":{"_angie_page":false},"product_brand":[27073],"product_cat":[26306,9413,25843,26239,26820],"product_tag":[],"class_list":{"0":"post-206433","1":"product","2":"type-product","3":"status-publish","4":"has-post-thumbnail","6":"product_brand-aw-cosmetics","7":"product_cat-appelsin","8":"product_cat-bad-spa-og-personlig-pleie","9":"product_cat-dufter-aromaer","10":"product_cat-sitron","11":"product_cat-sitrus","12":"pa_collection-vitamin-c-skincare-line-no","13":"pa_made-in-storbritannia","15":"first","16":"instock","17":"purchasable","18":"product-type-simple"},"supplier_id":null,"supplier_sku":"VitC-03","barcode":null,"atum_controlled":true,"out_stock_date":null,"out_stock_threshold":null,"inheritable":false,"inbound_stock":null,"stock_on_hold":0,"sold_today":0,"sales_last_days":0,"reserved_stock":null,"customer_returns":null,"warehouse_damage":null,"lost_in_post":null,"other_logs":null,"out_stock_days":0,"lost_sales":0,"has_location":null,"update_date":"2026-05-04T00:05:00","atum_locations":[],"atum_stock_status":"instock","restock_status":false,"low_stock_amount":"","sales_update_date":"2026-01-30T01:24:59","calc_backorders":null,"_links":{"self":[{"href":"https:\/\/aromasentia.com\/no\/wp-json\/wp\/v2\/product\/206433","targetHints":{"allow":["GET"]}}],"collection":[{"href":"https:\/\/aromasentia.com\/no\/wp-json\/wp\/v2\/product"}],"about":[{"href":"https:\/\/aromasentia.com\/no\/wp-json\/wp\/v2\/types\/product"}],"replies":[{"embeddable":true,"href":"https:\/\/aromasentia.com\/no\/wp-json\/wp\/v2\/comments?post=206433"}],"version-history":[{"count":0,"href":"https:\/\/aromasentia.com\/no\/wp-json\/wp\/v2\/product\/206433\/revisions"}],"wp:featuredmedia":[{"embeddable":true,"href":"https:\/\/aromasentia.com\/no\/wp-json\/wp\/v2\/media\/300958"}],"wp:attachment":[{"href":"https:\/\/aromasentia.com\/no\/wp-json\/wp\/v2\/media?parent=206433"}],"wp:term":[{"taxonomy":"product_brand","embeddable":true,"href":"https:\/\/aromasentia.com\/no\/wp-json\/wp\/v2\/product_brand?post=206433"},{"taxonomy":"product_cat","embeddable":true,"href":"https:\/\/aromasentia.com\/no\/wp-json\/wp\/v2\/product_cat?post=206433"},{"taxonomy":"product_tag","embeddable":true,"href":"https:\/\/aromasentia.com\/no\/wp-json\/wp\/v2\/product_tag?post=206433"}],"curies":[{"name":"wp","href":"https:\/\/api.w.org\/{rel}","templated":true}]}}