{"id":206432,"date":"2025-03-20T17:58:52","date_gmt":"2025-03-20T17:58:52","guid":{"rendered":"https:\/\/aromasentia.com\/product\/brightening-vitamin-c-hand-soap-with-essential-oils\/"},"modified":"2025-05-31T02:59:00","modified_gmt":"2025-05-31T02:59:00","slug":"lysnende-vitamin-c-handsape-med-eterisk-olje","status":"publish","type":"product","link":"https:\/\/aromasentia.com\/no\/lysnende-vitamin-c-handsape-med-eterisk-olje\/","title":{"rendered":"Lysnende Vitamin C-H\u00e5nds\u00e5pe med Eterisk Olje"},"content":{"rendered":"<p><span style=\"color: rgb(75, 80, 88);\"><strong>Lysende vitamin C h\u00e5nds\u00e5pe med essensielle oljer<\/strong> er et perfekt tilskudd til din f\u00f8rsteklasses hudpleiekolleksjon. Hver bar p\u00e5 70 g er utviklet for \u00e5 gi en grundig rensende opplevelse samtidig som den gir n\u00e6ring og revitalisering av huden. Denne luksuri\u00f8se h\u00e5nds\u00e5pen forbedrer hverdagens h\u00e5ndhygiene, noe som gj\u00f8r den til et must for kundene dine.<\/span><\/p>\n<p><span style=\"color: rgb(75, 80, 88);\">Hver bar er vakkert pakket, med et visuelt tiltalende design og tydelig merking, noe som gj\u00f8r den til et attraktivt tillegg til butikkens hudpleiesortiment og en ideell gave til kunder som \u00f8nsker f\u00f8rsteklasses h\u00e5ndpleieprodukter.<\/span><\/p>\n<p><span style=\"color: rgb(75, 80, 88);\"><strong>N\u00f8kkelfunksjoner:<\/strong><\/span><\/p>\n<p><span style=\"color: rgb(75, 80, 88);\">Berikelse av C-vitamin: Denne h\u00e5nds\u00e5pen er tilsatt vitamin C, og lysner opp huden, reduserer aldringstegn og fremmer en sunn, str\u00e5lende hudtone.<\/span><\/p>\n<p><span style=\"color: rgb(75, 80, 88);\"><strong>Blanding av essensielle oljer:<\/strong>Formulert med Appelsinskall-olje og sitronskall-olje. Denne s\u00e5pen tilbyr en forfriskende sitrusduft sammen med antioksidant- og antiseptiske fordeler. &nbsp;<\/span><\/p>\n<p><span style=\"color: rgb(75, 80, 88);\"><strong>Dyprensende:<\/strong> Inneholder milde overflateaktive stoffer som produserer et rikt skum, som effektivt fjerner smuss og urenheter uten \u00e5 fjerne hudens naturlige oljer.&nbsp;<\/span><\/p>\n<p><span style=\"color: rgb(75, 80, 88);\"><strong>Fuktighetsgivende og n\u00e6rende:<\/strong>Beriket med glyserin for \u00e5 holde p\u00e5 fuktigheten og holde huden myk, glatt og hydrert gjennom dagen.&nbsp;<\/span><\/p>\n<p><span style=\"color: rgb(75, 80, 88);\"><strong>Aromaterapifordeler:<\/strong>Beriket med naturlige forbindelser som limonen, linalool og citral, som gir beroligende og oppl\u00f8ftende aromaterapieffekter og forbedrer den generelle sensoriske opplevelsen.&nbsp;<\/span><\/p>\n<p><span style=\"color: rgb(75, 80, 88);\">Med sin attraktive emballasje og overlegne formel tilbyr denne h\u00e5nds\u00e5pen utmerket videresalgsverdi. Det er et viktig produkt for \u00e5 m\u00f8te den \u00f8kende ettersp\u00f8rselen etter luksuri\u00f8se og effektive h\u00e5ndpleiel\u00f8sninger.<\/span> <\/p>\n","protected":false},"excerpt":{"rendered":"<p>Lysende vitamin C h\u00e5nds\u00e5pe med essensielle oljer er et perfekt tilskudd til din f\u00f8rsteklasses hudpleiekolleksjon. Hver bar p\u00e5 70 g er utviklet for \u00e5 gi en grundig rensende opplevelse samtidig som den gir n\u00e6ring og revitalisering av huden. Denne luksuri\u00f8se h\u00e5nds\u00e5pen forbedrer hverdagens h\u00e5ndhygiene, noe som gj\u00f8r den til et must for kundene dine. Hver [&hellip;]<\/p>\n","protected":false},"featured_media":300925,"comment_status":"closed","ping_status":"open","template":"","meta":{"_angie_page":false},"product_brand":[27073],"product_cat":[9413,9439],"product_tag":[],"class_list":{"0":"post-206432","1":"product","2":"type-product","3":"status-publish","4":"has-post-thumbnail","6":"product_brand-aw-cosmetics","7":"product_cat-bad-spa-og-personlig-pleie","8":"product_cat-okologiske-saper","9":"pa_collection-vitamin-c-skincare-line-no","10":"pa_made-in-storbritannia","12":"first","13":"instock","14":"purchasable","15":"product-type-simple"},"supplier_id":null,"supplier_sku":"Vitc-05","barcode":null,"atum_controlled":true,"out_stock_date":null,"out_stock_threshold":null,"inheritable":false,"inbound_stock":null,"stock_on_hold":0,"sold_today":0,"sales_last_days":0,"reserved_stock":null,"customer_returns":null,"warehouse_damage":null,"lost_in_post":null,"other_logs":null,"out_stock_days":0,"lost_sales":0,"has_location":null,"update_date":"2026-04-27T07:26:20","atum_locations":[],"atum_stock_status":"instock","restock_status":false,"low_stock_amount":"","sales_update_date":"2025-09-05T00:21:17","calc_backorders":null,"_links":{"self":[{"href":"https:\/\/aromasentia.com\/no\/wp-json\/wp\/v2\/product\/206432","targetHints":{"allow":["GET"]}}],"collection":[{"href":"https:\/\/aromasentia.com\/no\/wp-json\/wp\/v2\/product"}],"about":[{"href":"https:\/\/aromasentia.com\/no\/wp-json\/wp\/v2\/types\/product"}],"replies":[{"embeddable":true,"href":"https:\/\/aromasentia.com\/no\/wp-json\/wp\/v2\/comments?post=206432"}],"version-history":[{"count":0,"href":"https:\/\/aromasentia.com\/no\/wp-json\/wp\/v2\/product\/206432\/revisions"}],"wp:featuredmedia":[{"embeddable":true,"href":"https:\/\/aromasentia.com\/no\/wp-json\/wp\/v2\/media\/300925"}],"wp:attachment":[{"href":"https:\/\/aromasentia.com\/no\/wp-json\/wp\/v2\/media?parent=206432"}],"wp:term":[{"taxonomy":"product_brand","embeddable":true,"href":"https:\/\/aromasentia.com\/no\/wp-json\/wp\/v2\/product_brand?post=206432"},{"taxonomy":"product_cat","embeddable":true,"href":"https:\/\/aromasentia.com\/no\/wp-json\/wp\/v2\/product_cat?post=206432"},{"taxonomy":"product_tag","embeddable":true,"href":"https:\/\/aromasentia.com\/no\/wp-json\/wp\/v2\/product_tag?post=206432"}],"curies":[{"name":"wp","href":"https:\/\/api.w.org\/{rel}","templated":true}]}}