{"id":206423,"date":"2025-03-20T17:59:53","date_gmt":"2025-03-20T17:59:53","guid":{"rendered":"https:\/\/aromasentia.com\/product\/volcanic-foot-stone-shell-shape\/"},"modified":"2025-05-31T02:58:24","modified_gmt":"2025-05-31T02:58:24","slug":"vulkansk-fotstein-skjellform","status":"publish","type":"product","link":"https:\/\/aromasentia.com\/no\/vulkansk-fotstein-skjellform\/","title":{"rendered":"Vulkansk Fotstein &#8211; Skjellform"},"content":{"rendered":"<p>&nbsp;Vulkansk lavafotstein vil aldri miste sin effektivitet eller form. Naturlig fremstilt vulkansk fotstein hjelper trygt med \u00e5 eksfoliere t\u00f8rr, d\u00f8d hud fra kropp, hender og spesielt f\u00f8tter. &nbsp;<\/p>\n<p>Denne enkle, men fantastiske lille steinen som passer godt i h\u00e5nden din er lett, med en overflate laget av bittesm\u00e5 hull. Den tryggeste og mest naturlige m\u00e5ten \u00e5 eksfoliere og glatte ut huden p\u00e5 kropp, hender og f\u00f8tter. &nbsp;<\/p>\n<p>En terapeutisk blanding av basaltmineraler, silisium, magnesium, jern og oksygen som skaper hullene i steinen, fjerner enkelt t\u00f8rr, d\u00f8d hud fra kropp, hender og f\u00f8tter. De er essensielle for dusjrutinen din.<\/p>\n","protected":false},"excerpt":{"rendered":"<p>&nbsp;Vulkansk lavafotstein vil aldri miste sin effektivitet eller form. Naturlig fremstilt vulkansk fotstein hjelper trygt med \u00e5 eksfoliere t\u00f8rr, d\u00f8d hud fra kropp, hender og spesielt f\u00f8tter. &nbsp; Denne enkle, men fantastiske lille steinen som passer godt i h\u00e5nden din er lett, med en overflate laget av bittesm\u00e5 hull. Den tryggeste og mest naturlige m\u00e5ten [&hellip;]<\/p>\n","protected":false},"featured_media":301182,"comment_status":"closed","ping_status":"open","template":"","meta":[],"product_brand":[],"product_cat":[9413,9445],"product_tag":[],"class_list":{"0":"post-206423","1":"product","2":"type-product","3":"status-publish","4":"has-post-thumbnail","6":"product_cat-bad-spa-og-personlig-pleie","7":"product_cat-borster-skrubb-og-peeling","8":"pa_collection-volcanic-lava-foot-stones-no","9":"pa_made-in-kina","11":"first","12":"instock","13":"purchasable","14":"product-type-simple"},"supplier_id":null,"supplier_sku":"VolC-04","barcode":null,"atum_controlled":true,"out_stock_date":null,"out_stock_threshold":null,"inheritable":false,"inbound_stock":null,"stock_on_hold":0,"sold_today":0,"sales_last_days":0,"reserved_stock":null,"customer_returns":null,"warehouse_damage":null,"lost_in_post":null,"other_logs":null,"out_stock_days":0,"lost_sales":0,"has_location":null,"update_date":"2026-02-09T10:23:42","atum_locations":[],"atum_stock_status":"instock","restock_status":false,"low_stock_amount":"","sales_update_date":"2025-09-05T00:21:20","calc_backorders":null,"_links":{"self":[{"href":"https:\/\/aromasentia.com\/no\/wp-json\/wp\/v2\/product\/206423","targetHints":{"allow":["GET"]}}],"collection":[{"href":"https:\/\/aromasentia.com\/no\/wp-json\/wp\/v2\/product"}],"about":[{"href":"https:\/\/aromasentia.com\/no\/wp-json\/wp\/v2\/types\/product"}],"replies":[{"embeddable":true,"href":"https:\/\/aromasentia.com\/no\/wp-json\/wp\/v2\/comments?post=206423"}],"version-history":[{"count":0,"href":"https:\/\/aromasentia.com\/no\/wp-json\/wp\/v2\/product\/206423\/revisions"}],"wp:featuredmedia":[{"embeddable":true,"href":"https:\/\/aromasentia.com\/no\/wp-json\/wp\/v2\/media\/301182"}],"wp:attachment":[{"href":"https:\/\/aromasentia.com\/no\/wp-json\/wp\/v2\/media?parent=206423"}],"wp:term":[{"taxonomy":"product_brand","embeddable":true,"href":"https:\/\/aromasentia.com\/no\/wp-json\/wp\/v2\/product_brand?post=206423"},{"taxonomy":"product_cat","embeddable":true,"href":"https:\/\/aromasentia.com\/no\/wp-json\/wp\/v2\/product_cat?post=206423"},{"taxonomy":"product_tag","embeddable":true,"href":"https:\/\/aromasentia.com\/no\/wp-json\/wp\/v2\/product_tag?post=206423"}],"curies":[{"name":"wp","href":"https:\/\/api.w.org\/{rel}","templated":true}]}}