{"id":206422,"date":"2025-03-20T17:59:53","date_gmt":"2025-03-20T17:59:53","guid":{"rendered":"https:\/\/aromasentia.com\/product\/pink-lemonade-whipped-cream-soap-120g\/"},"modified":"2025-05-31T02:58:21","modified_gmt":"2025-05-31T02:58:21","slug":"pink-lemonade-whipped-cream-sape-120-g","status":"publish","type":"product","link":"https:\/\/aromasentia.com\/no\/pink-lemonade-whipped-cream-sape-120-g\/","title":{"rendered":"Pink Lemonade Whipped Cream-S\u00e5pe 120 G"},"content":{"rendered":"<p> Uts\u00f8kt<strong>&nbsp;Lemon Sherbet Whipped Soap&nbsp;<\/strong>&#8211; Opplev den forfriskende og syrlige aromaen av<strong><span style=\"color: rgb(235, 107, 86);\">&nbsp;rosa limonade<\/span><\/strong> mens du behandler huden din med en luksuri\u00f8s og oppkvikkende badeopplevelse.<\/p>\n<p>Den kremete konsistensen glir jevnt over huden og skaper et rikt skum som effektivt vasker bort urenheter, samtidig som huden f\u00f8les oppfrisket, forynget og fuktet. Den inneholder fuktighetsgivende egenskaper som bidrar til \u00e5 fukte og revitalisere, og etterlater huden myk, smidig og delikat duftende.&nbsp;<\/p>\n<p>Disse s\u00e5pene er ikke bare en sensorisk fryd, men ogs\u00e5 <strong>cruelty-free, paraben-free, SLS-free og vegan-friendly. <\/strong><\/p>\n<p>Lemon Sherbet Whipped Soap vil garantert tiltrekke seg kunder med sin uimotst\u00e5elige duft og luksuri\u00f8se formel.<\/p>\n<p> Enten du \u00f8nsker \u00e5 fylle butikken, gavebutikken eller spaet ditt, er det et utmerket valg. Den kombinerer kvalitet, overb\u00e6renhet og overkommelig pris, noe som gj\u00f8r den til et must-have-produkt for de som \u00f8nsker et snev av luksus.<\/p>\n<p>\n","protected":false},"excerpt":{"rendered":"<p>Uts\u00f8kt&nbsp;Lemon Sherbet Whipped Soap&nbsp;&#8211; Opplev den forfriskende og syrlige aromaen av&nbsp;rosa limonade mens du behandler huden din med en luksuri\u00f8s og oppkvikkende badeopplevelse. Den kremete konsistensen glir jevnt over huden og skaper et rikt skum som effektivt vasker bort urenheter, samtidig som huden f\u00f8les oppfrisket, forynget og fuktet. Den inneholder fuktighetsgivende egenskaper som bidrar til [&hellip;]<\/p>\n","protected":false},"featured_media":301314,"comment_status":"closed","ping_status":"open","template":"","meta":{"_angie_page":false},"product_brand":[],"product_cat":[9413,25843,9439,26239,26820],"product_tag":[],"class_list":{"0":"post-206422","1":"product","2":"type-product","3":"status-publish","4":"has-post-thumbnail","6":"product_cat-bad-spa-og-personlig-pleie","7":"product_cat-dufter-aromaer","8":"product_cat-okologiske-saper","9":"product_cat-sitron","10":"product_cat-sitrus","11":"pa_collection-whipped-cream-soap-no","12":"pa_made-in-storbritannia","14":"first","15":"instock","16":"purchasable","17":"product-type-simple"},"supplier_id":null,"supplier_sku":"WCS-04","barcode":null,"atum_controlled":true,"out_stock_date":null,"out_stock_threshold":null,"inheritable":false,"inbound_stock":null,"stock_on_hold":0,"sold_today":0,"sales_last_days":0,"reserved_stock":null,"customer_returns":null,"warehouse_damage":null,"lost_in_post":null,"other_logs":null,"out_stock_days":0,"lost_sales":0,"has_location":null,"update_date":"2026-04-27T07:26:52","atum_locations":[],"atum_stock_status":"instock","restock_status":false,"low_stock_amount":"","sales_update_date":"2025-09-05T00:21:20","calc_backorders":null,"_links":{"self":[{"href":"https:\/\/aromasentia.com\/no\/wp-json\/wp\/v2\/product\/206422","targetHints":{"allow":["GET"]}}],"collection":[{"href":"https:\/\/aromasentia.com\/no\/wp-json\/wp\/v2\/product"}],"about":[{"href":"https:\/\/aromasentia.com\/no\/wp-json\/wp\/v2\/types\/product"}],"replies":[{"embeddable":true,"href":"https:\/\/aromasentia.com\/no\/wp-json\/wp\/v2\/comments?post=206422"}],"version-history":[{"count":0,"href":"https:\/\/aromasentia.com\/no\/wp-json\/wp\/v2\/product\/206422\/revisions"}],"wp:featuredmedia":[{"embeddable":true,"href":"https:\/\/aromasentia.com\/no\/wp-json\/wp\/v2\/media\/301314"}],"wp:attachment":[{"href":"https:\/\/aromasentia.com\/no\/wp-json\/wp\/v2\/media?parent=206422"}],"wp:term":[{"taxonomy":"product_brand","embeddable":true,"href":"https:\/\/aromasentia.com\/no\/wp-json\/wp\/v2\/product_brand?post=206422"},{"taxonomy":"product_cat","embeddable":true,"href":"https:\/\/aromasentia.com\/no\/wp-json\/wp\/v2\/product_cat?post=206422"},{"taxonomy":"product_tag","embeddable":true,"href":"https:\/\/aromasentia.com\/no\/wp-json\/wp\/v2\/product_tag?post=206422"}],"curies":[{"name":"wp","href":"https:\/\/api.w.org\/{rel}","templated":true}]}}