{"id":206419,"date":"2025-03-21T00:55:00","date_gmt":"2025-03-21T00:55:00","guid":{"rendered":"https:\/\/aromasentia.com\/product\/mango-lime-whipped-cream-soap-120g\/"},"modified":"2025-05-31T02:58:13","modified_gmt":"2025-05-31T02:58:13","slug":"mango-lime-whipped-cream-sape-120-g","status":"publish","type":"product","link":"https:\/\/aromasentia.com\/no\/mango-lime-whipped-cream-sape-120-g\/","title":{"rendered":"Mango &#038; Lime Whipped Cream-S\u00e5pe 120 G"},"content":{"rendered":"<p><strong>Denne Tropical Mango &amp; Lime Whipped Soap<\/strong> er det perfekte tilskuddet til din bad- og kroppssamling. Denne s\u00e5pen er laget med omhu og tilf\u00f8rt den uimotst\u00e5elige duften av lime og mango, og er en sanseopplevelse som vil gi huden din en forfriskende, n\u00e6rende og velduftende f\u00f8lelse.&nbsp;<\/p>\n<p>Den kremete konsistensen til denne s\u00e5pen glir uanstrengt over huden din og skaper et rikt skum som sk\u00e5nsomt renser bort urenheter samtidig som den fukter og gir fuktighet til huden din. Den inneholder n\u00e6rende egenskaper som bidrar til \u00e5 myke opp og glatte ut huden, slik at den blir smidig og fl\u00f8yelsaktig \u00e5 ta p\u00e5.<\/p>\n<p><strong>Disse s\u00e5pene er ikke bare en sanseglede, men ogs\u00e5 grusomhetsfrie, parabenfrie, SLS-frie og veganvennlige.<\/strong><\/p>\n<p><strong>Uansett om du \u00f8nsker \u00e5 fylle opp butikken, gavebutikken eller spaet ditt, er dette et utmerket valg.nbsp;<\/strong> Den kombinerer kvalitet, overb\u00e6renhet og rimelig pris, noe som gj\u00f8r den til et must-have-produkt for de som \u00f8nsker litt velv\u00e6re.<\/p><\/p>\n","protected":false},"excerpt":{"rendered":"<p>Denne Tropical Mango &amp; Lime Whipped Soap er det perfekte tilskuddet til din bad- og kroppssamling. Denne s\u00e5pen er laget med omhu og tilf\u00f8rt den uimotst\u00e5elige duften av lime og mango, og er en sanseopplevelse som vil gi huden din en forfriskende, n\u00e6rende og velduftende f\u00f8lelse.&nbsp; Den kremete konsistensen til denne s\u00e5pen glir uanstrengt over [&hellip;]<\/p>\n","protected":false},"featured_media":301574,"comment_status":"closed","ping_status":"open","template":"","meta":[],"product_brand":[],"product_cat":[9413,25843,26257,9439,26820],"product_tag":[],"class_list":{"0":"post-206419","1":"product","2":"type-product","3":"status-publish","4":"has-post-thumbnail","6":"product_cat-bad-spa-og-personlig-pleie","7":"product_cat-dufter-aromaer","8":"product_cat-lime","9":"product_cat-okologiske-saper","10":"product_cat-sitrus","11":"pa_collection-whipped-cream-soap-no","12":"pa_made-in-storbritannia","14":"first","15":"instock","16":"purchasable","17":"product-type-simple"},"supplier_id":null,"supplier_sku":"WCS-08","barcode":null,"atum_controlled":true,"out_stock_date":null,"out_stock_threshold":null,"inheritable":false,"inbound_stock":null,"stock_on_hold":0,"sold_today":0,"sales_last_days":0,"reserved_stock":null,"customer_returns":null,"warehouse_damage":null,"lost_in_post":null,"other_logs":null,"out_stock_days":0,"lost_sales":0,"has_location":null,"update_date":"2026-02-10T06:32:31","atum_locations":[],"atum_stock_status":"instock","restock_status":false,"low_stock_amount":"","sales_update_date":"2025-09-05T00:21:22","calc_backorders":null,"_links":{"self":[{"href":"https:\/\/aromasentia.com\/no\/wp-json\/wp\/v2\/product\/206419","targetHints":{"allow":["GET"]}}],"collection":[{"href":"https:\/\/aromasentia.com\/no\/wp-json\/wp\/v2\/product"}],"about":[{"href":"https:\/\/aromasentia.com\/no\/wp-json\/wp\/v2\/types\/product"}],"replies":[{"embeddable":true,"href":"https:\/\/aromasentia.com\/no\/wp-json\/wp\/v2\/comments?post=206419"}],"version-history":[{"count":0,"href":"https:\/\/aromasentia.com\/no\/wp-json\/wp\/v2\/product\/206419\/revisions"}],"wp:featuredmedia":[{"embeddable":true,"href":"https:\/\/aromasentia.com\/no\/wp-json\/wp\/v2\/media\/301574"}],"wp:attachment":[{"href":"https:\/\/aromasentia.com\/no\/wp-json\/wp\/v2\/media?parent=206419"}],"wp:term":[{"taxonomy":"product_brand","embeddable":true,"href":"https:\/\/aromasentia.com\/no\/wp-json\/wp\/v2\/product_brand?post=206419"},{"taxonomy":"product_cat","embeddable":true,"href":"https:\/\/aromasentia.com\/no\/wp-json\/wp\/v2\/product_cat?post=206419"},{"taxonomy":"product_tag","embeddable":true,"href":"https:\/\/aromasentia.com\/no\/wp-json\/wp\/v2\/product_tag?post=206419"}],"curies":[{"name":"wp","href":"https:\/\/api.w.org\/{rel}","templated":true}]}}