{"id":206418,"date":"2025-03-21T00:55:00","date_gmt":"2025-03-21T00:55:00","guid":{"rendered":"https:\/\/aromasentia.com\/product\/banana-whipped-cream-soap-120g\/"},"modified":"2025-05-31T02:58:09","modified_gmt":"2025-05-31T02:58:09","slug":"banan-whipped-cream-sape-120-g","status":"publish","type":"product","link":"https:\/\/aromasentia.com\/no\/banan-whipped-cream-sape-120-g\/","title":{"rendered":"Banan Whipped Cream-S\u00e5pe 120 G"},"content":{"rendered":"<p>Denne funky <strong>Whipped Soap<\/strong> er det perfekte tilskuddet til bad- og kroppssamlingen din. Denne s\u00e5pen er laget med omhu og tilf\u00f8rt den uimotst\u00e5elige duften av modne <strong><span style=\"color: rgb(250, 197, 28);\">bananer<\/span><\/strong>, og er en sanseopplevelse som vil gi huden din en forfriskende, n\u00e6rende og velduftende f\u00f8lelse.S\u00e5pens kremete tekstur glir uanstrengt over huden og skaper et rikt skum som sk\u00e5nsomt renser bort urenheter samtidig som den fukter og gir fuktighet til huden. Den inneholder n\u00e6rende egenskaper som bidrar til \u00e5 myke opp og glatte ut huden, slik at den blir smidig og fl\u00f8yelsmyk \u00e5 ta p\u00e5.<\/p>\n<p>Disse s\u00e5pene er ikke bare en sanseglede, men ogs\u00e5 <strong>skumfrie, parabenfrie, SLS-frie og veganvennlige.<\/strong><\/p>\n<p>Med sin uimotst\u00e5elige duft og luksuri\u00f8se formel vil Whipped Soap garantert bli en kundefavoritt.<\/p>\n<p>Uavhengig av om du \u00f8nsker \u00e5 fylle opp butikken, gavebutikken eller spaet ditt, er det et utmerket valg. Den kombinerer kvalitet, overb\u00e6renhet og rimelig pris, noe som gj\u00f8r den til et must-have-produkt for alle som \u00f8nsker \u00e5 skjemme seg litt bort.&nbsp;<\/p><\/p>\n","protected":false},"excerpt":{"rendered":"<p>Denne funky Whipped Soap er det perfekte tilskuddet til bad- og kroppssamlingen din. Denne s\u00e5pen er laget med omhu og tilf\u00f8rt den uimotst\u00e5elige duften av modne bananer, og er en sanseopplevelse som vil gi huden din en forfriskende, n\u00e6rende og velduftende f\u00f8lelse.S\u00e5pens kremete tekstur glir uanstrengt over huden og skaper et rikt skum som sk\u00e5nsomt [&hellip;]<\/p>\n","protected":false},"featured_media":301501,"comment_status":"closed","ping_status":"open","template":"","meta":[],"product_brand":[],"product_cat":[9413,26566,25843,26848,9439],"product_tag":[],"class_list":{"0":"post-206418","1":"product","2":"type-product","3":"status-publish","4":"has-post-thumbnail","6":"product_cat-bad-spa-og-personlig-pleie","7":"product_cat-banan","8":"product_cat-dufter-aromaer","9":"product_cat-fruktig","10":"product_cat-okologiske-saper","11":"pa_collection-whipped-cream-soap-no","12":"pa_made-in-storbritannia","14":"first","15":"instock","16":"purchasable","17":"product-type-simple"},"supplier_id":null,"supplier_sku":"WCS-01","barcode":null,"atum_controlled":true,"out_stock_date":null,"out_stock_threshold":null,"inheritable":false,"inbound_stock":null,"stock_on_hold":0,"sold_today":0,"sales_last_days":0,"reserved_stock":null,"customer_returns":null,"warehouse_damage":null,"lost_in_post":null,"other_logs":null,"out_stock_days":0,"lost_sales":0,"has_location":null,"update_date":"2026-02-09T12:49:54","atum_locations":[],"atum_stock_status":"instock","restock_status":false,"low_stock_amount":"","sales_update_date":"2025-09-05T00:21:22","calc_backorders":null,"_links":{"self":[{"href":"https:\/\/aromasentia.com\/no\/wp-json\/wp\/v2\/product\/206418","targetHints":{"allow":["GET"]}}],"collection":[{"href":"https:\/\/aromasentia.com\/no\/wp-json\/wp\/v2\/product"}],"about":[{"href":"https:\/\/aromasentia.com\/no\/wp-json\/wp\/v2\/types\/product"}],"replies":[{"embeddable":true,"href":"https:\/\/aromasentia.com\/no\/wp-json\/wp\/v2\/comments?post=206418"}],"version-history":[{"count":0,"href":"https:\/\/aromasentia.com\/no\/wp-json\/wp\/v2\/product\/206418\/revisions"}],"wp:featuredmedia":[{"embeddable":true,"href":"https:\/\/aromasentia.com\/no\/wp-json\/wp\/v2\/media\/301501"}],"wp:attachment":[{"href":"https:\/\/aromasentia.com\/no\/wp-json\/wp\/v2\/media?parent=206418"}],"wp:term":[{"taxonomy":"product_brand","embeddable":true,"href":"https:\/\/aromasentia.com\/no\/wp-json\/wp\/v2\/product_brand?post=206418"},{"taxonomy":"product_cat","embeddable":true,"href":"https:\/\/aromasentia.com\/no\/wp-json\/wp\/v2\/product_cat?post=206418"},{"taxonomy":"product_tag","embeddable":true,"href":"https:\/\/aromasentia.com\/no\/wp-json\/wp\/v2\/product_tag?post=206418"}],"curies":[{"name":"wp","href":"https:\/\/api.w.org\/{rel}","templated":true}]}}