{"id":206416,"date":"2025-03-21T00:55:00","date_gmt":"2025-03-21T00:55:00","guid":{"rendered":"https:\/\/aromasentia.com\/product\/strawberry-kiwi-whipped-cream-soap-120g\/"},"modified":"2025-05-31T02:58:03","modified_gmt":"2025-05-31T02:58:03","slug":"jordbaer-kiwi-whipped-cream-sape-120-g","status":"publish","type":"product","link":"https:\/\/aromasentia.com\/no\/jordbaer-kiwi-whipped-cream-sape-120-g\/","title":{"rendered":"Jordb\u00e6r &#038; Kiwi Whipped Cream-S\u00e5pe 120 G"},"content":{"rendered":"<p>Herlig <strong>Strawberry &amp; Kiwi Whipped Soap&nbsp;<\/strong>&#8211; &nbsp;Unn deg den friske og fruktige duften av <strong><span style=\"color: rgb(184, 49, 47);\">jordb\u00e6r<\/span><\/strong> og <span style=\"color: rgb(65, 168, 95);\"><strong>kiwi<\/strong><\/span> mens du skjemmer bort huden din med en luksuri\u00f8s badeopplevelse.<\/p>\n<p>Den kremete konsistensen glir uanstrengt over huden og skaper et rikt skum som effektivt vasker bort urenheter, samtidig som huden f\u00f8les oppfrisket og fuktig. Den inneholder fuktighetsgivende egenskaper som bidrar til \u00e5 fukte og forynge huden din, slik at den f\u00f8les myk, smidig og velduftende.<\/p>\n<p>Disse s\u00e5pene er ikke bare en sanseglede, men ogs\u00e5 <strong>fruktfrie, parabenfrie, SLS-frie og veganvennlige.<\/strong> <\/strong> <\/p>\n<p>Strawberry &amp; Kiwi Whipped Soap vil helt sikkert tiltrekke seg kunder med sin uimotst\u00e5elige duft og luksuri\u00f8se formel.<\/p>\n<p> Enten du \u00f8nsker \u00e5 fylle p\u00e5 butikken, gavebutikken eller spaet ditt, er det et utmerket valg. Den kombinerer kvalitet, overb\u00e6renhet og overkommelig pris, noe som gj\u00f8r den til et must-have-produkt for de som \u00f8nsker et snev av luksus.<\/p>\n<p>\n","protected":false},"excerpt":{"rendered":"<p>Herlig Strawberry &amp; Kiwi Whipped Soap&nbsp;&#8211; &nbsp;Unn deg den friske og fruktige duften av jordb\u00e6r og kiwi mens du skjemmer bort huden din med en luksuri\u00f8s badeopplevelse. Den kremete konsistensen glir uanstrengt over huden og skaper et rikt skum som effektivt vasker bort urenheter, samtidig som huden f\u00f8les oppfrisket og fuktig. Den inneholder fuktighetsgivende egenskaper [&hellip;]<\/p>\n","protected":false},"featured_media":301374,"comment_status":"closed","ping_status":"open","template":"","meta":{"_angie_page":false},"product_brand":[],"product_cat":[9413,25843,26848,26539,9439],"product_tag":[],"class_list":{"0":"post-206416","1":"product","2":"type-product","3":"status-publish","4":"has-post-thumbnail","6":"product_cat-bad-spa-og-personlig-pleie","7":"product_cat-dufter-aromaer","8":"product_cat-fruktig","9":"product_cat-jordbaer","10":"product_cat-okologiske-saper","11":"pa_collection-whipped-cream-soap-no","12":"pa_made-in-storbritannia","14":"first","15":"instock","16":"purchasable","17":"product-type-simple"},"supplier_id":null,"supplier_sku":"WCS-03","barcode":null,"atum_controlled":true,"out_stock_date":null,"out_stock_threshold":null,"inheritable":false,"inbound_stock":null,"stock_on_hold":0,"sold_today":0,"sales_last_days":0,"reserved_stock":null,"customer_returns":null,"warehouse_damage":null,"lost_in_post":null,"other_logs":null,"out_stock_days":0,"lost_sales":0,"has_location":null,"update_date":"2026-05-11T01:56:49","atum_locations":[],"atum_stock_status":"instock","restock_status":false,"low_stock_amount":"","sales_update_date":"2025-09-05T00:21:22","calc_backorders":null,"_links":{"self":[{"href":"https:\/\/aromasentia.com\/no\/wp-json\/wp\/v2\/product\/206416","targetHints":{"allow":["GET"]}}],"collection":[{"href":"https:\/\/aromasentia.com\/no\/wp-json\/wp\/v2\/product"}],"about":[{"href":"https:\/\/aromasentia.com\/no\/wp-json\/wp\/v2\/types\/product"}],"replies":[{"embeddable":true,"href":"https:\/\/aromasentia.com\/no\/wp-json\/wp\/v2\/comments?post=206416"}],"version-history":[{"count":0,"href":"https:\/\/aromasentia.com\/no\/wp-json\/wp\/v2\/product\/206416\/revisions"}],"wp:featuredmedia":[{"embeddable":true,"href":"https:\/\/aromasentia.com\/no\/wp-json\/wp\/v2\/media\/301374"}],"wp:attachment":[{"href":"https:\/\/aromasentia.com\/no\/wp-json\/wp\/v2\/media?parent=206416"}],"wp:term":[{"taxonomy":"product_brand","embeddable":true,"href":"https:\/\/aromasentia.com\/no\/wp-json\/wp\/v2\/product_brand?post=206416"},{"taxonomy":"product_cat","embeddable":true,"href":"https:\/\/aromasentia.com\/no\/wp-json\/wp\/v2\/product_cat?post=206416"},{"taxonomy":"product_tag","embeddable":true,"href":"https:\/\/aromasentia.com\/no\/wp-json\/wp\/v2\/product_tag?post=206416"}],"curies":[{"name":"wp","href":"https:\/\/api.w.org\/{rel}","templated":true}]}}