{"id":206415,"date":"2025-03-21T00:55:53","date_gmt":"2025-03-21T00:55:53","guid":{"rendered":"https:\/\/aromasentia.com\/product\/white-christmas-whipped-cream-soap-120g\/"},"modified":"2025-05-31T02:57:59","modified_gmt":"2025-05-31T02:57:59","slug":"white-christmas-whipped-cream-sape-120-g","status":"publish","type":"product","link":"https:\/\/aromasentia.com\/no\/white-christmas-whipped-cream-sape-120-g\/","title":{"rendered":"White Christmas Whipped Cream-S\u00e5pe 120 G"},"content":{"rendered":"<p><span style=\"color: rgb(75, 80, 88);\"><strong>Opplev den fengslende h\u00f8ytids\u00e5nden med v\u00e5r White Christmas Whipped Cream Soap (120 g).<\/strong><\/span><\/p>\n<p><span style=\"color: rgb(75, 80, 88);\">Denne overd\u00e5dige s\u00e5pen gir et hint av vinterfortryllelse til hudpleierutinen din, med en dekadent pisket tekstur som b\u00e5de renser og pleier huden din.<\/span><\/p>\n<p><span style=\"color: rgb(75, 80, 88);\">Pyntet med diskret glimmer og delikate sukkersn\u00f8flak, senk deg ned i det fl\u00f8yelsmyke, kremete skummet. La den stemningsfulle juleduften omslutte sansene dine, og etterlat huden din renset, veln\u00e6rt og str\u00e5lende, klar til \u00e5 skinne gjennom h\u00f8ytiden.<\/span><\/p>\n<p><span style=\"color: rgb(41, 105, 176);\"><strong>Duftprofil:<\/strong><\/span><\/p>\n<p><span style=\"color: rgb(75, 80, 88);\"><strong>Toppnoter:<\/strong> Eukalyptus &#8211; Mint Orange<\/span><\/p>\n<p><span style=\"color: rgb(75, 80, 88);\"><strong>Hjertenoter:<\/strong> Lilje &#8211; Hyasint &#8211; Orkide &#8211; Rose &#8211; Jord &#8211; Bringeb\u00e6r &#8211; Jordb\u00e6r &#8211; Bj\u00f8rneb\u00e6r Solb\u00e6r &#8211; Ananas &#8211; Syrin &#8211; Vin<\/span><\/p>\n<p><span style=\"color: rgb(75, 80, 88);\"><strong>Basenoter:<\/strong>Sedertre &#8211; Rav &#8211; Musk &#8211; Brent sukker &#8211; Vanilje<\/span><\/p>\n","protected":false},"excerpt":{"rendered":"<p>Opplev den fengslende h\u00f8ytids\u00e5nden med v\u00e5r White Christmas Whipped Cream Soap (120 g). Denne overd\u00e5dige s\u00e5pen gir et hint av vinterfortryllelse til hudpleierutinen din, med en dekadent pisket tekstur som b\u00e5de renser og pleier huden din. Pyntet med diskret glimmer og delikate sukkersn\u00f8flak, senk deg ned i det fl\u00f8yelsmyke, kremete skummet. La den stemningsfulle juleduften [&hellip;]<\/p>\n","protected":false},"featured_media":668543,"comment_status":"closed","ping_status":"open","template":"","meta":{"_angie_page":false},"product_brand":[],"product_cat":[9413,27381,9439],"product_tag":[],"class_list":{"0":"post-206415","1":"product","2":"type-product","3":"status-publish","4":"has-post-thumbnail","6":"product_cat-bad-spa-og-personlig-pleie","7":"product_cat-juledufter","8":"product_cat-okologiske-saper","9":"pa_collection-whipped-cream-soap-no","10":"pa_made-in-storbritannia","12":"first","13":"instock","14":"purchasable","15":"product-type-simple"},"supplier_id":null,"supplier_sku":"WCS-09","barcode":null,"atum_controlled":true,"out_stock_date":null,"out_stock_threshold":null,"inheritable":false,"inbound_stock":null,"stock_on_hold":0,"sold_today":0,"sales_last_days":0,"reserved_stock":null,"customer_returns":null,"warehouse_damage":null,"lost_in_post":null,"other_logs":null,"out_stock_days":0,"lost_sales":0,"has_location":null,"update_date":"2026-04-27T07:26:52","atum_locations":[],"atum_stock_status":"instock","restock_status":false,"low_stock_amount":"","sales_update_date":"2025-09-05T00:21:24","calc_backorders":null,"_links":{"self":[{"href":"https:\/\/aromasentia.com\/no\/wp-json\/wp\/v2\/product\/206415","targetHints":{"allow":["GET"]}}],"collection":[{"href":"https:\/\/aromasentia.com\/no\/wp-json\/wp\/v2\/product"}],"about":[{"href":"https:\/\/aromasentia.com\/no\/wp-json\/wp\/v2\/types\/product"}],"replies":[{"embeddable":true,"href":"https:\/\/aromasentia.com\/no\/wp-json\/wp\/v2\/comments?post=206415"}],"version-history":[{"count":0,"href":"https:\/\/aromasentia.com\/no\/wp-json\/wp\/v2\/product\/206415\/revisions"}],"wp:featuredmedia":[{"embeddable":true,"href":"https:\/\/aromasentia.com\/no\/wp-json\/wp\/v2\/media\/668543"}],"wp:attachment":[{"href":"https:\/\/aromasentia.com\/no\/wp-json\/wp\/v2\/media?parent=206415"}],"wp:term":[{"taxonomy":"product_brand","embeddable":true,"href":"https:\/\/aromasentia.com\/no\/wp-json\/wp\/v2\/product_brand?post=206415"},{"taxonomy":"product_cat","embeddable":true,"href":"https:\/\/aromasentia.com\/no\/wp-json\/wp\/v2\/product_cat?post=206415"},{"taxonomy":"product_tag","embeddable":true,"href":"https:\/\/aromasentia.com\/no\/wp-json\/wp\/v2\/product_tag?post=206415"}],"curies":[{"name":"wp","href":"https:\/\/api.w.org\/{rel}","templated":true}]}}