{"id":206411,"date":"2025-03-21T00:55:53","date_gmt":"2025-03-21T00:55:53","guid":{"rendered":"https:\/\/aromasentia.com\/product\/cosy-winter-nights-whipped-cream-soap-120g\/"},"modified":"2025-05-31T02:57:47","modified_gmt":"2025-05-31T02:57:47","slug":"cosy-winter-nights-whipped-cream-sape-120-g","status":"publish","type":"product","link":"https:\/\/aromasentia.com\/no\/cosy-winter-nights-whipped-cream-sape-120-g\/","title":{"rendered":"Cosy Winter Nights Whipped Cream S\u00e5pe 120 G"},"content":{"rendered":"<p><span style=\"color: rgb(75, 80, 88);\"><strong>Pakk deg inn i den fortryllende atmosf\u00e6ren til en koselig vinterkveld med v\u00e5r piskede krems\u00e5pe (120 g).<\/strong><\/span><\/p>\n<p><span style=\"color: rgb(75, 80, 88);\">Denne overd\u00e5dige s\u00e5pen er formulert for \u00e5 gi en beroligende rensende opplevelse, og etterlater huden din n\u00e6ret og fl\u00f8yelsmyk \u00e5 ta p\u00e5.<\/span><\/p>\n<p><span style=\"color: rgb(75, 80, 88);\">Forsterket med et subtilt hint av skimrende glitter og utsmykket med delikate sukkerstjerner, forvandler den baderutinen din til et glitrende og rolig tilfluktssted, perfekt egnet for \u00e5 omfavne vinterens magi.<\/span><\/p>\n<p><span style=\"color: rgb(251, 160, 38);\"><strong>Duftprofil:<\/strong><\/span><\/p>\n<p><span style=\"color: rgb(75, 80, 88);\"><strong>Toppnoter: <\/strong>Kanel &#8211; Nellik<\/span><\/p>\n<p><span style=\"color: rgb(75, 80, 88);\"><strong>Hjertenoter: <\/strong>Jasmin &#8211; Fiolett &#8211; Rose<\/span><\/p>\n<p><span style=\"color: rgb(75, 80, 88);\"><strong>Basenoter:<\/strong> Kasjmir &#8211; Tre &#8211; Musk &#8211; Vanilje &#8211; Safran<\/span><\/p>\n","protected":false},"excerpt":{"rendered":"<p>Pakk deg inn i den fortryllende atmosf\u00e6ren til en koselig vinterkveld med v\u00e5r piskede krems\u00e5pe (120 g). Denne overd\u00e5dige s\u00e5pen er formulert for \u00e5 gi en beroligende rensende opplevelse, og etterlater huden din n\u00e6ret og fl\u00f8yelsmyk \u00e5 ta p\u00e5. Forsterket med et subtilt hint av skimrende glitter og utsmykket med delikate sukkerstjerner, forvandler den baderutinen [&hellip;]<\/p>\n","protected":false},"featured_media":668501,"comment_status":"closed","ping_status":"open","template":"","meta":{"_angie_page":false},"product_brand":[],"product_cat":[9413,9439],"product_tag":[],"class_list":{"0":"post-206411","1":"product","2":"type-product","3":"status-publish","4":"has-post-thumbnail","6":"product_cat-bad-spa-og-personlig-pleie","7":"product_cat-okologiske-saper","8":"pa_collection-whipped-cream-soap-no","9":"pa_made-in-storbritannia","11":"first","12":"instock","13":"purchasable","14":"product-type-simple"},"supplier_id":null,"supplier_sku":"WCS-13","barcode":null,"atum_controlled":true,"out_stock_date":null,"out_stock_threshold":null,"inheritable":false,"inbound_stock":null,"stock_on_hold":0,"sold_today":0,"sales_last_days":0,"reserved_stock":null,"customer_returns":null,"warehouse_damage":null,"lost_in_post":null,"other_logs":null,"out_stock_days":0,"lost_sales":0,"has_location":null,"update_date":"2026-04-27T07:26:52","atum_locations":[],"atum_stock_status":"instock","restock_status":false,"low_stock_amount":"","sales_update_date":"2025-09-05T00:21:21","calc_backorders":null,"_links":{"self":[{"href":"https:\/\/aromasentia.com\/no\/wp-json\/wp\/v2\/product\/206411","targetHints":{"allow":["GET"]}}],"collection":[{"href":"https:\/\/aromasentia.com\/no\/wp-json\/wp\/v2\/product"}],"about":[{"href":"https:\/\/aromasentia.com\/no\/wp-json\/wp\/v2\/types\/product"}],"replies":[{"embeddable":true,"href":"https:\/\/aromasentia.com\/no\/wp-json\/wp\/v2\/comments?post=206411"}],"version-history":[{"count":0,"href":"https:\/\/aromasentia.com\/no\/wp-json\/wp\/v2\/product\/206411\/revisions"}],"wp:featuredmedia":[{"embeddable":true,"href":"https:\/\/aromasentia.com\/no\/wp-json\/wp\/v2\/media\/668501"}],"wp:attachment":[{"href":"https:\/\/aromasentia.com\/no\/wp-json\/wp\/v2\/media?parent=206411"}],"wp:term":[{"taxonomy":"product_brand","embeddable":true,"href":"https:\/\/aromasentia.com\/no\/wp-json\/wp\/v2\/product_brand?post=206411"},{"taxonomy":"product_cat","embeddable":true,"href":"https:\/\/aromasentia.com\/no\/wp-json\/wp\/v2\/product_cat?post=206411"},{"taxonomy":"product_tag","embeddable":true,"href":"https:\/\/aromasentia.com\/no\/wp-json\/wp\/v2\/product_tag?post=206411"}],"curies":[{"name":"wp","href":"https:\/\/api.w.org\/{rel}","templated":true}]}}