{"id":206401,"date":"2025-03-21T00:56:52","date_gmt":"2025-03-21T00:56:52","guid":{"rendered":"https:\/\/aromasentia.com\/product\/wild-hare-solid-shampoo-60g-aloe-vera\/"},"modified":"2025-05-31T02:57:10","modified_gmt":"2025-05-31T02:57:10","slug":"wild-hare-solid-sjampobar-60-g-aloe-vera","status":"publish","type":"product","link":"https:\/\/aromasentia.com\/no\/wild-hare-solid-sjampobar-60-g-aloe-vera\/","title":{"rendered":"Wild Hare Solid Sjampobar 60 G &#8211; Aloe Vera"},"content":{"rendered":"<p>Si farvel til en d\u00e5rlig h\u00e5rdag med<strong>Aroma Sentia-ping Wild Hare Solid Shampoo 60g &#8211; Aloe Vera.<\/strong><strong>&nbsp;<\/strong><\/p>\n<p>Denne solide sjampobaren vil gj\u00f8re kundenes h\u00e5r utrolig mykt, pleiet, skinnende og fritt for opphopning.<\/p>\n<p>Fungerer bra i hardt vann. Wild Hare sjampobarer er ogs\u00e5 egnet for vegetarianere og veganere, de er ogs\u00e5 plastfrie, palmeoljefrie, SLS, SLES og parabenfrie.<\/p>\n<p><strong>Bruk:<\/strong>Fukt sjampobaren mellom hendene. Gni den i hendene eller i hodebunnen. Sjampobaren skummer med uimotst\u00e5elige dufter.<\/p>\n<p><strong>Oppbevaring:<\/strong> Oppbevares kj\u00f8lig og t\u00f8rt, helst i en godt drenert s\u00e5pesk\u00e5l.<\/p>\n<p>* Laget i Storbritannia * Reisevennlig 60 g * ca. 40\u201360 vask per vask * Vegansk *<\/p>\n<p><span style=\"color: rgb(184, 49, 47);\"><strong>Ikke la disse fantastiske sjampobarene glippe gjennom hendene dine. Legg til i nettbutikktilbudet ditt n\u00e5<\/strong><\/span>.<\/p>\n","protected":false},"excerpt":{"rendered":"<p>Si farvel til en d\u00e5rlig h\u00e5rdag medAroma Sentia-ping Wild Hare Solid Shampoo 60g &#8211; Aloe Vera.&nbsp; Denne solide sjampobaren vil gj\u00f8re kundenes h\u00e5r utrolig mykt, pleiet, skinnende og fritt for opphopning. Fungerer bra i hardt vann. Wild Hare sjampobarer er ogs\u00e5 egnet for vegetarianere og veganere, de er ogs\u00e5 plastfrie, palmeoljefrie, SLS, SLES og parabenfrie. [&hellip;]<\/p>\n","protected":false},"featured_media":301994,"comment_status":"closed","ping_status":"open","template":"","meta":[],"product_brand":[27166],"product_cat":[26580,9413,25843,26841,9429],"product_tag":[],"class_list":{"0":"post-206401","1":"product","2":"type-product","3":"status-publish","4":"has-post-thumbnail","6":"product_brand-wild-hare","7":"product_cat-aloe-vera","8":"product_cat-bad-spa-og-personlig-pleie","9":"product_cat-dufter-aromaer","10":"product_cat-frisk-og-ren","11":"product_cat-harpleie","12":"pa_collection-wild-hare-solid-shampoo-60g-no","13":"pa_made-in-storbritannia","14":"pa_size-60g","16":"first","17":"instock","18":"purchasable","19":"product-type-simple"},"supplier_id":null,"supplier_sku":"WHSS-02","barcode":null,"atum_controlled":true,"out_stock_date":null,"out_stock_threshold":null,"inheritable":false,"inbound_stock":0,"stock_on_hold":0,"sold_today":0,"sales_last_days":0,"reserved_stock":0,"customer_returns":0,"warehouse_damage":0,"lost_in_post":0,"other_logs":0,"out_stock_days":0,"lost_sales":0,"has_location":false,"update_date":"2026-02-10T16:32:57","atum_locations":[],"atum_stock_status":"instock","restock_status":false,"low_stock_amount":"","sales_update_date":"2025-09-05T00:21:26","calc_backorders":null,"_links":{"self":[{"href":"https:\/\/aromasentia.com\/no\/wp-json\/wp\/v2\/product\/206401","targetHints":{"allow":["GET"]}}],"collection":[{"href":"https:\/\/aromasentia.com\/no\/wp-json\/wp\/v2\/product"}],"about":[{"href":"https:\/\/aromasentia.com\/no\/wp-json\/wp\/v2\/types\/product"}],"replies":[{"embeddable":true,"href":"https:\/\/aromasentia.com\/no\/wp-json\/wp\/v2\/comments?post=206401"}],"version-history":[{"count":0,"href":"https:\/\/aromasentia.com\/no\/wp-json\/wp\/v2\/product\/206401\/revisions"}],"wp:featuredmedia":[{"embeddable":true,"href":"https:\/\/aromasentia.com\/no\/wp-json\/wp\/v2\/media\/301994"}],"wp:attachment":[{"href":"https:\/\/aromasentia.com\/no\/wp-json\/wp\/v2\/media?parent=206401"}],"wp:term":[{"taxonomy":"product_brand","embeddable":true,"href":"https:\/\/aromasentia.com\/no\/wp-json\/wp\/v2\/product_brand?post=206401"},{"taxonomy":"product_cat","embeddable":true,"href":"https:\/\/aromasentia.com\/no\/wp-json\/wp\/v2\/product_cat?post=206401"},{"taxonomy":"product_tag","embeddable":true,"href":"https:\/\/aromasentia.com\/no\/wp-json\/wp\/v2\/product_tag?post=206401"}],"curies":[{"name":"wp","href":"https:\/\/api.w.org\/{rel}","templated":true}]}}