{"id":206398,"date":"2025-03-21T00:57:13","date_gmt":"2025-03-21T00:57:13","guid":{"rendered":"https:\/\/aromasentia.com\/product\/hemu-wood-soap-dish-fish\/"},"modified":"2025-05-31T02:56:59","modified_gmt":"2025-05-31T02:56:59","slug":"sapeskal-i-tre-fra-hemu-fisk","status":"publish","type":"product","link":"https:\/\/aromasentia.com\/no\/sapeskal-i-tre-fra-hemu-fisk\/","title":{"rendered":"S\u00e5pesk\u00e5l I Tre Fra Hemu &#8211; Fisk"},"content":{"rendered":"<p>Fine, moderne design, veldig godt laget av hemu-tre!<\/p>\n<p>Disse enkle <strong>s\u00e5peformede tresk\u00e5lene i fiskeform<\/strong><strong>&nbsp;<\/strong><strong>form<\/strong> vil holde dine naturlige, h\u00e5ndlagde s\u00e5per drenert godt mellom bruk, slik at s\u00e5pen holder seg t\u00f8rr og varer lenger.<\/p>\n<p>Slutt med myke s\u00e5per! Denne sk\u00e5len lar luften str\u00f8mme rundt s\u00e5pen for \u00e5 hjelpe den med \u00e5 t\u00f8rke mellom bruk. Hemu-tre er b\u00e6rekraftig trevirke hentet fra Guger-treet i Kina. Bestill i dag for \u00e5 f\u00e5 disse flotte s\u00e5pesk\u00e5lene&#8230;<\/p>\n","protected":false},"excerpt":{"rendered":"<p>Fine, moderne design, veldig godt laget av hemu-tre! Disse enkle s\u00e5peformede tresk\u00e5lene i fiskeform&nbsp;form vil holde dine naturlige, h\u00e5ndlagde s\u00e5per drenert godt mellom bruk, slik at s\u00e5pen holder seg t\u00f8rr og varer lenger. Slutt med myke s\u00e5per! Denne sk\u00e5len lar luften str\u00f8mme rundt s\u00e5pen for \u00e5 hjelpe den med \u00e5 t\u00f8rke mellom bruk. Hemu-tre er [&hellip;]<\/p>\n","protected":false},"featured_media":302193,"comment_status":"closed","ping_status":"open","template":"","meta":[],"product_brand":[],"product_cat":[9413,9425],"product_tag":[],"class_list":{"0":"post-206398","1":"product","2":"type-product","3":"status-publish","4":"has-post-thumbnail","6":"product_cat-bad-spa-og-personlig-pleie","7":"product_cat-sapeskaler-og-sapedispensere","8":"pa_collection-wooden-soap-dishes-no","9":"pa_made-in-kina","11":"first","12":"instock","13":"purchasable","14":"product-type-simple"},"supplier_id":null,"supplier_sku":"WSoapD-15","barcode":null,"atum_controlled":true,"out_stock_date":null,"out_stock_threshold":null,"inheritable":false,"inbound_stock":0,"stock_on_hold":0,"sold_today":0,"sales_last_days":0,"reserved_stock":0,"customer_returns":0,"warehouse_damage":0,"lost_in_post":0,"other_logs":0,"out_stock_days":0,"lost_sales":0,"has_location":false,"update_date":"2026-01-30T13:10:33","atum_locations":[],"atum_stock_status":"instock","restock_status":false,"low_stock_amount":"","sales_update_date":"2025-09-05T00:21:26","calc_backorders":null,"_links":{"self":[{"href":"https:\/\/aromasentia.com\/no\/wp-json\/wp\/v2\/product\/206398","targetHints":{"allow":["GET"]}}],"collection":[{"href":"https:\/\/aromasentia.com\/no\/wp-json\/wp\/v2\/product"}],"about":[{"href":"https:\/\/aromasentia.com\/no\/wp-json\/wp\/v2\/types\/product"}],"replies":[{"embeddable":true,"href":"https:\/\/aromasentia.com\/no\/wp-json\/wp\/v2\/comments?post=206398"}],"version-history":[{"count":0,"href":"https:\/\/aromasentia.com\/no\/wp-json\/wp\/v2\/product\/206398\/revisions"}],"wp:featuredmedia":[{"embeddable":true,"href":"https:\/\/aromasentia.com\/no\/wp-json\/wp\/v2\/media\/302193"}],"wp:attachment":[{"href":"https:\/\/aromasentia.com\/no\/wp-json\/wp\/v2\/media?parent=206398"}],"wp:term":[{"taxonomy":"product_brand","embeddable":true,"href":"https:\/\/aromasentia.com\/no\/wp-json\/wp\/v2\/product_brand?post=206398"},{"taxonomy":"product_cat","embeddable":true,"href":"https:\/\/aromasentia.com\/no\/wp-json\/wp\/v2\/product_cat?post=206398"},{"taxonomy":"product_tag","embeddable":true,"href":"https:\/\/aromasentia.com\/no\/wp-json\/wp\/v2\/product_tag?post=206398"}],"curies":[{"name":"wp","href":"https:\/\/api.w.org\/{rel}","templated":true}]}}