{"id":206394,"date":"2025-03-21T00:57:40","date_gmt":"2025-03-21T00:57:40","guid":{"rendered":"https:\/\/aromasentia.com\/product\/christmas-fun-bath-bomb-gift-pack\/"},"modified":"2025-05-31T02:56:48","modified_gmt":"2025-05-31T02:56:48","slug":"gavepakke-med-julemoro-badebomber","status":"publish","type":"product","link":"https:\/\/aromasentia.com\/no\/gavepakke-med-julemoro-badebomber\/","title":{"rendered":"Gavepakke med Julemoro Badebomber"},"content":{"rendered":"<p><span style=\"color: rgb(75, 80, 88);\"><strong>Gj\u00f8r deg klar til \u00e5 spre skikkelig julestemning med denne fantastiske julegavepakken med badebomber.<\/strong><\/span><\/p>\n<p><span style=\"color: rgb(75, 80, 88);\">Hvis du \u00f8nsker \u00e5 tiltrekke deg nye og eksisterende kunder med julemagi, eller en bedriftseier som planlegger uforglemmelige firmagaver til venner, ansatte eller kj\u00e6re, er v\u00e5r julegavepakke med badebomber det perfekte valget.<\/span><\/p>\n<p><span style=\"color: rgb(75, 80, 88);\"><strong>Dette settet inneholder:<\/strong><\/span><\/p>\n<p><span style=\"color: rgb(75, 80, 88);\"><strong>1x Pepperkakebadebombe (80 g)<\/strong> <em>med duften: Varm pepperkake:<\/em><\/span><\/p>\n<p><span style=\"color: rgb(97, 189, 109);\">Toppnoter: Appelsin &#8211; Kanel<\/span><\/p>\n<p><span style=\"color: rgb(97, 189, 109);\">Hjertenoter: Ingef\u00e6r, krydder<\/span><\/p>\n<p><span style=\"color: rgb(97, 189, 109);\">Basenoter: Sm\u00f8rkjeks &#8211; Sukker &#8211; Vanilje<\/span><\/p>\n<p><span style=\"color: rgb(75, 80, 88);\"><strong>1x Sk\u00f8ytebadebomber (80 g)<\/strong> <em>med duften: Frosted Sugar Plum:<\/em><\/span><\/p>\n<p><span style=\"color: rgb(97, 189, 109);\">Toppnoter: Plomme &#8211; vinterb\u00e6r<\/span><\/p>\n<p><span style=\"color: rgb(97, 189, 109);\">Hjertenoter: Sukker<\/span><\/p>\n<p><span style=\"color: rgb(97, 189, 109);\">Basenoter: Vanilje<\/span><\/p>\n<p><span style=\"color: rgb(75, 80, 88);\"><strong>1x Sn\u00f8mann-badebombe (80 g)<em> <\/em><\/strong><em>med duften: Kristtorn og Ef\u00f8y:<\/em><\/span><\/p>\n<p><span style=\"color: rgb(97, 189, 109);\">Toppnoter: Rosmarin &#8211; Gr\u00f8nne blader<\/span><\/p>\n<p><span style=\"color: rgb(97, 189, 109);\">Hjertenoter: Sedertre<\/span><\/p>\n<p><span style=\"color: rgb(97, 189, 109);\">Basenoter: Musk &#8211; Ambra (syntetisk alternativ)<\/span><\/p>\n<p><span style=\"color: rgb(75, 80, 88);\"><strong>1x Reinsdyrbadebombe (80 g)<\/strong> <em>med duften: Varm sjokolade:<\/em><\/span><\/p>\n<p><span style=\"color: rgb(97, 189, 109);\">Toppnoter: Sjokolade<\/span><\/p>\n<p><span style=\"color: rgb(97, 189, 109);\">Hjertenoter: Honning<\/span><\/p>\n<p><span style=\"color: rgb(97, 189, 109);\">Basenoter: Vanilje<\/span><\/p>\n<p><span style=\"color: rgb(75, 80, 88);\"><em>Individuelt krympeinnpakket.<\/em><\/span><\/p>\n","protected":false},"excerpt":{"rendered":"<p>Gj\u00f8r deg klar til \u00e5 spre skikkelig julestemning med denne fantastiske julegavepakken med badebomber. Hvis du \u00f8nsker \u00e5 tiltrekke deg nye og eksisterende kunder med julemagi, eller en bedriftseier som planlegger uforglemmelige firmagaver til venner, ansatte eller kj\u00e6re, er v\u00e5r julegavepakke med badebomber det perfekte valget. Dette settet inneholder: 1x Pepperkakebadebombe (80 g) med duften: [&hellip;]<\/p>\n","protected":false},"featured_media":668515,"comment_status":"closed","ping_status":"open","template":"","meta":[],"product_brand":[],"product_cat":[9413,9418,9419,27381],"product_tag":[],"class_list":{"0":"post-206394","1":"product","2":"type-product","3":"status-publish","4":"has-post-thumbnail","6":"product_cat-bad-spa-og-personlig-pleie","7":"product_cat-badebomber","8":"product_cat-gavesett","9":"product_cat-juledufter","10":"pa_collection-christmas-bath-bomb-gift-pack-no","11":"pa_made-in-storbritannia","13":"first","14":"instock","15":"purchasable","16":"product-type-simple"},"supplier_id":null,"supplier_sku":"XBB-06","barcode":null,"atum_controlled":true,"out_stock_date":null,"out_stock_threshold":null,"inheritable":false,"inbound_stock":0,"stock_on_hold":0,"sold_today":0,"sales_last_days":0,"reserved_stock":0,"customer_returns":0,"warehouse_damage":0,"lost_in_post":0,"other_logs":0,"out_stock_days":0,"lost_sales":0,"has_location":false,"update_date":"2026-02-06T00:00:49","atum_locations":[],"atum_stock_status":"instock","restock_status":false,"low_stock_amount":"","sales_update_date":"2026-02-06T00:00:49","calc_backorders":null,"_links":{"self":[{"href":"https:\/\/aromasentia.com\/no\/wp-json\/wp\/v2\/product\/206394","targetHints":{"allow":["GET"]}}],"collection":[{"href":"https:\/\/aromasentia.com\/no\/wp-json\/wp\/v2\/product"}],"about":[{"href":"https:\/\/aromasentia.com\/no\/wp-json\/wp\/v2\/types\/product"}],"replies":[{"embeddable":true,"href":"https:\/\/aromasentia.com\/no\/wp-json\/wp\/v2\/comments?post=206394"}],"version-history":[{"count":0,"href":"https:\/\/aromasentia.com\/no\/wp-json\/wp\/v2\/product\/206394\/revisions"}],"wp:featuredmedia":[{"embeddable":true,"href":"https:\/\/aromasentia.com\/no\/wp-json\/wp\/v2\/media\/668515"}],"wp:attachment":[{"href":"https:\/\/aromasentia.com\/no\/wp-json\/wp\/v2\/media?parent=206394"}],"wp:term":[{"taxonomy":"product_brand","embeddable":true,"href":"https:\/\/aromasentia.com\/no\/wp-json\/wp\/v2\/product_brand?post=206394"},{"taxonomy":"product_cat","embeddable":true,"href":"https:\/\/aromasentia.com\/no\/wp-json\/wp\/v2\/product_cat?post=206394"},{"taxonomy":"product_tag","embeddable":true,"href":"https:\/\/aromasentia.com\/no\/wp-json\/wp\/v2\/product_tag?post=206394"}],"curies":[{"name":"wp","href":"https:\/\/api.w.org\/{rel}","templated":true}]}}