{"id":206393,"date":"2025-03-21T00:57:40","date_gmt":"2025-03-21T00:57:40","guid":{"rendered":"https:\/\/aromasentia.com\/product\/gingerbread-town-christmas-bath-bomb-gift-pack\/"},"modified":"2025-05-31T02:56:46","modified_gmt":"2025-05-31T02:56:46","slug":"gavepakke-med-pepperkakebyens-christmas-badebombe","status":"publish","type":"product","link":"https:\/\/aromasentia.com\/no\/gavepakke-med-pepperkakebyens-christmas-badebombe\/","title":{"rendered":"Gavepakke med Pepperkakebyens Christmas Badebombe"},"content":{"rendered":"<p><span style=\"color: rgb(75, 80, 88);\">Gj\u00f8r deg klar til \u00e5 heve julestemningen og spre skikkelig julestemning med denne fantastiske <strong>Gingerbread Town Christmas Bath Bomb-gavepakken. <\/strong><\/span><\/p>\n<p><span style=\"color: rgb(75, 80, 88);\">Enten du er en forhandler som \u00f8nsker \u00e5 fylle hyllene med julemagi eller en bedriftseier som planlegger uforglemmelige firmagaver, er v\u00e5r julebadebombe-gavepakke det perfekte valget.<\/span><\/p>\n<p><span style=\"color: rgb(75, 80, 88);\">Dette settet inneholder:<\/span><\/p>\n<p><span style=\"color: rgb(75, 80, 88);\"><strong>2x julebadebomber<\/strong> (75 g hver) med duften: <em>Festlig morgen<\/em><\/span><\/p>\n<p><span style=\"color: rgb(235, 107, 86);\">Toppnoter: Semsket skinn &#8211; Rosa pepper &#8211; Fiolettblader &#8211; Safran<\/span><\/p>\n<p><span style=\"color: rgb(235, 107, 86);\">Hjertenoter: Lilje &#8211; Jasmin &#8211; Iris &#8211; Kanel<\/span><\/p>\n<p><span style=\"color: rgb(235, 107, 86);\">Basenoter: L\u00e6r &#8211; Patchouli &#8211; Sandeltre &#8211; Rav &#8211; Fl\u00f8yelsnoter &#8211; Agartre<\/span><\/p>\n<p><span style=\"color: rgb(75, 80, 88);\"><strong>2x Pepperkakehus-badebomber<\/strong> (80 g hver) med duften: <em>Varm pepperkake<\/em><\/span><\/p>\n<p><span style=\"color: rgb(75, 80, 88);\">Toppnoter: Appelsin &#8211; Kanel<\/span><\/p>\n<p><span style=\"color: rgb(235, 107, 86);\">Hjertenoter: Ingef\u00e6r, krydder<\/span><\/p>\n<p><span style=\"color: rgb(235, 107, 86);\">Basenoter: Sm\u00f8rkjeks &#8211; Sukker &#8211; Vanilje<\/span><\/p>\n<p><span style=\"color: rgb(75, 80, 88);\"><em>.Individuelt krympeinnpakket<\/em><\/span><\/p>\n","protected":false},"excerpt":{"rendered":"<p>Gj\u00f8r deg klar til \u00e5 heve julestemningen og spre skikkelig julestemning med denne fantastiske Gingerbread Town Christmas Bath Bomb-gavepakken. Enten du er en forhandler som \u00f8nsker \u00e5 fylle hyllene med julemagi eller en bedriftseier som planlegger uforglemmelige firmagaver, er v\u00e5r julebadebombe-gavepakke det perfekte valget. Dette settet inneholder: 2x julebadebomber (75 g hver) med duften: Festlig [&hellip;]<\/p>\n","protected":false},"featured_media":668529,"comment_status":"closed","ping_status":"open","template":"","meta":[],"product_brand":[],"product_cat":[9413,9418,25843,9419,26193,27381,26890],"product_tag":[],"class_list":{"0":"post-206393","1":"product","2":"type-product","3":"status-publish","4":"has-post-thumbnail","6":"product_cat-bad-spa-og-personlig-pleie","7":"product_cat-badebomber","8":"product_cat-dufter-aromaer","9":"product_cat-gavesett","10":"product_cat-ingefaer","11":"product_cat-juledufter","12":"product_cat-krydret","13":"pa_collection-christmas-bath-bomb-gift-pack-no","14":"pa_made-in-storbritannia","16":"first","17":"instock","18":"purchasable","19":"product-type-simple"},"supplier_id":null,"supplier_sku":"XBB-01","barcode":null,"atum_controlled":true,"out_stock_date":null,"out_stock_threshold":null,"inheritable":false,"inbound_stock":0,"stock_on_hold":0,"sold_today":0,"sales_last_days":0,"reserved_stock":0,"customer_returns":0,"warehouse_damage":0,"lost_in_post":0,"other_logs":0,"out_stock_days":0,"lost_sales":0,"has_location":false,"update_date":"2026-01-30T01:26:36","atum_locations":[],"atum_stock_status":"instock","restock_status":false,"low_stock_amount":"","sales_update_date":"2026-01-30T01:26:36","calc_backorders":null,"_links":{"self":[{"href":"https:\/\/aromasentia.com\/no\/wp-json\/wp\/v2\/product\/206393","targetHints":{"allow":["GET"]}}],"collection":[{"href":"https:\/\/aromasentia.com\/no\/wp-json\/wp\/v2\/product"}],"about":[{"href":"https:\/\/aromasentia.com\/no\/wp-json\/wp\/v2\/types\/product"}],"replies":[{"embeddable":true,"href":"https:\/\/aromasentia.com\/no\/wp-json\/wp\/v2\/comments?post=206393"}],"version-history":[{"count":0,"href":"https:\/\/aromasentia.com\/no\/wp-json\/wp\/v2\/product\/206393\/revisions"}],"wp:featuredmedia":[{"embeddable":true,"href":"https:\/\/aromasentia.com\/no\/wp-json\/wp\/v2\/media\/668529"}],"wp:attachment":[{"href":"https:\/\/aromasentia.com\/no\/wp-json\/wp\/v2\/media?parent=206393"}],"wp:term":[{"taxonomy":"product_brand","embeddable":true,"href":"https:\/\/aromasentia.com\/no\/wp-json\/wp\/v2\/product_brand?post=206393"},{"taxonomy":"product_cat","embeddable":true,"href":"https:\/\/aromasentia.com\/no\/wp-json\/wp\/v2\/product_cat?post=206393"},{"taxonomy":"product_tag","embeddable":true,"href":"https:\/\/aromasentia.com\/no\/wp-json\/wp\/v2\/product_tag?post=206393"}],"curies":[{"name":"wp","href":"https:\/\/api.w.org\/{rel}","templated":true}]}}