{"id":206391,"date":"2025-03-21T00:57:40","date_gmt":"2025-03-21T00:57:40","guid":{"rendered":"https:\/\/aromasentia.com\/product\/follow-the-star-christmas-bath-bomb-gift-pack\/"},"modified":"2025-05-31T02:56:41","modified_gmt":"2025-05-31T02:56:41","slug":"follow-the-star-christmas-badebombe-gavepakke","status":"publish","type":"product","link":"https:\/\/aromasentia.com\/no\/follow-the-star-christmas-badebombe-gavepakke\/","title":{"rendered":"Follow The Star Christmas Badebombe Gavepakke"},"content":{"rendered":"<p><span style=\"color: rgb(75, 80, 88);\">Gj\u00f8r deg klar til \u00e5 heve julestemningen og spre skikkelig julestemning med denne fantastiske <strong>Follow the Star Christmas Bath Bomb Gift Pack<\/strong>.<\/span><\/p>\n<p><span style=\"color: rgb(75, 80, 88);\">Enten du er en forhandler som \u00f8nsker \u00e5 fylle hyllene med julemagi eller en bedriftseier som planlegger uforglemmelige firmagaver, er v\u00e5r julebadebombe-gavepakke det perfekte valget.<\/span><\/p>\n<p><span style=\"color: rgb(75, 80, 88);\"><em>Dette settet inneholder:<\/em><\/span><\/p>\n<p><span style=\"color: rgb(75, 80, 88);\">2x Snowflake Bath Bombs (80 g hver) med duften: White Christmas<\/span><\/p>\n<p><span style=\"color: rgb(235, 107, 86);\">Toppnoter: Eukalyptus &#8211; <em>Mint Appelsin<\/em><\/span><\/p>\n<p><span style=\"color: rgb(235, 107, 86);\">Hjertenoter: Lilje &#8211; Hyasint &#8211; Orkide &#8211; Rose &#8211; Jord &#8211; Bringeb\u00e6r &#8211; Jordb\u00e6r &#8211; Bj\u00f8rneb\u00e6r Solb\u00e6r &#8211; Ananas &#8211; Syrin &#8211; Vin<\/span><\/p>\n<p><span style=\"color: rgb(235, 107, 86);\">Basenoter: Sedertre &#8211; Rav &#8211; Musk &#8211; Brent sukker &#8211; Vanilje<\/span><\/p>\n<p><span style=\"color: rgb(75, 80, 88);\">2x Stjernebadebomber (50 g hver) med duften: <em>Koslige vinternetter<\/em><\/span><\/p>\n<p><span style=\"color: rgb(235, 107, 86);\">Toppnoter: Kanel &#8211; Nellik<\/span><\/p>\n<p><span style=\"color: rgb(235, 107, 86);\">Hjertenoter: Jasmin &#8211; Fiolett &#8211; Rose<\/span><\/p>\n<p><span style=\"color: rgb(235, 107, 86);\">Basenoter: Kasjmir &#8211; Tre &#8211; Musk &#8211; Vanilje &#8211; Safran<\/span><\/p>\n<p><span style=\"color: rgb(75, 80, 88);\"><em>Individuelt krympeinnpakket<\/em><\/span><\/p>\n","protected":false},"excerpt":{"rendered":"<p>Gj\u00f8r deg klar til \u00e5 heve julestemningen og spre skikkelig julestemning med denne fantastiske Follow the Star Christmas Bath Bomb Gift Pack. Enten du er en forhandler som \u00f8nsker \u00e5 fylle hyllene med julemagi eller en bedriftseier som planlegger uforglemmelige firmagaver, er v\u00e5r julebadebombe-gavepakke det perfekte valget. Dette settet inneholder: 2x Snowflake Bath Bombs (80 [&hellip;]<\/p>\n","protected":false},"featured_media":302295,"comment_status":"closed","ping_status":"open","template":"","meta":{"_angie_page":false},"product_brand":[],"product_cat":[9413,9418,9419,27381],"product_tag":[],"class_list":{"0":"post-206391","1":"product","2":"type-product","3":"status-publish","4":"has-post-thumbnail","6":"product_cat-bad-spa-og-personlig-pleie","7":"product_cat-badebomber","8":"product_cat-gavesett","9":"product_cat-juledufter","10":"pa_collection-christmas-bath-bomb-gift-pack-no","11":"pa_made-in-storbritannia","13":"first","14":"instock","15":"purchasable","16":"product-type-simple"},"supplier_id":null,"supplier_sku":"XBB-03","barcode":null,"atum_controlled":true,"out_stock_date":null,"out_stock_threshold":null,"inheritable":false,"inbound_stock":0,"stock_on_hold":0,"sold_today":0,"sales_last_days":0,"reserved_stock":0,"customer_returns":0,"warehouse_damage":0,"lost_in_post":0,"other_logs":0,"out_stock_days":0,"lost_sales":0,"has_location":false,"update_date":"2026-05-08T05:21:31","atum_locations":[],"atum_stock_status":"instock","restock_status":false,"low_stock_amount":"","sales_update_date":"2026-01-30T01:26:26","calc_backorders":null,"_links":{"self":[{"href":"https:\/\/aromasentia.com\/no\/wp-json\/wp\/v2\/product\/206391","targetHints":{"allow":["GET"]}}],"collection":[{"href":"https:\/\/aromasentia.com\/no\/wp-json\/wp\/v2\/product"}],"about":[{"href":"https:\/\/aromasentia.com\/no\/wp-json\/wp\/v2\/types\/product"}],"replies":[{"embeddable":true,"href":"https:\/\/aromasentia.com\/no\/wp-json\/wp\/v2\/comments?post=206391"}],"version-history":[{"count":0,"href":"https:\/\/aromasentia.com\/no\/wp-json\/wp\/v2\/product\/206391\/revisions"}],"wp:featuredmedia":[{"embeddable":true,"href":"https:\/\/aromasentia.com\/no\/wp-json\/wp\/v2\/media\/302295"}],"wp:attachment":[{"href":"https:\/\/aromasentia.com\/no\/wp-json\/wp\/v2\/media?parent=206391"}],"wp:term":[{"taxonomy":"product_brand","embeddable":true,"href":"https:\/\/aromasentia.com\/no\/wp-json\/wp\/v2\/product_brand?post=206391"},{"taxonomy":"product_cat","embeddable":true,"href":"https:\/\/aromasentia.com\/no\/wp-json\/wp\/v2\/product_cat?post=206391"},{"taxonomy":"product_tag","embeddable":true,"href":"https:\/\/aromasentia.com\/no\/wp-json\/wp\/v2\/product_tag?post=206391"}],"curies":[{"name":"wp","href":"https:\/\/api.w.org\/{rel}","templated":true}]}}