{"id":206389,"date":"2025-03-21T00:58:15","date_gmt":"2025-03-21T00:58:15","guid":{"rendered":"https:\/\/aromasentia.com\/product\/zen-shower-steamers-therapy-wellness-quartet-energising-orange\/"},"modified":"2025-05-31T02:56:36","modified_gmt":"2025-05-31T02:56:36","slug":"zen-shower-steamers-therapy-wellness-quartet-energigivende-oransje","status":"publish","type":"product","link":"https:\/\/aromasentia.com\/no\/zen-shower-steamers-therapy-wellness-quartet-energigivende-oransje\/","title":{"rendered":"Zen Shower Steamers &#8211; Therapy Wellness Quartet &#8211; Energigivende (Oransje)"},"content":{"rendered":"<p>? Laget i Sheffield, Storbritannia&nbsp;<\/p>\n<p>? Helt naturlige essensielle oljer: Peppermynte, Frankincense, Sitron + Traneb\u00e6rfr\u00f8&nbsp;<\/p>\n<p>? Veganvennlig og ikke testet p\u00e5 dyr&nbsp;<\/p>\n<p>? Balansert og jordnende aroma&nbsp;<\/p>\n<p>?Hvert sett inneholder 4 dusjdampere<\/p>\n<p>? Vekt p\u00e5 \u00e9n damper &#8211; 50 g<\/p>\n<p>Pakket i en gaveeske, er dette settet ideelt for gave og et must-have for butikken din. Individuelt krympeinnpakket.<\/p>\n","protected":false},"excerpt":{"rendered":"<p>? Laget i Sheffield, Storbritannia&nbsp; ? Helt naturlige essensielle oljer: Peppermynte, Frankincense, Sitron + Traneb\u00e6rfr\u00f8&nbsp; ? Veganvennlig og ikke testet p\u00e5 dyr&nbsp; ? Balansert og jordnende aroma&nbsp; ?Hvert sett inneholder 4 dusjdampere ? Vekt p\u00e5 \u00e9n damper &#8211; 50 g Pakket i en gaveeske, er dette settet ideelt for gave og et must-have for butikken [&hellip;]<\/p>\n","protected":false},"featured_media":302563,"comment_status":"closed","ping_status":"open","template":"","meta":{"_angie_page":false},"product_brand":[],"product_cat":[9413],"product_tag":[],"class_list":{"0":"post-206389","1":"product","2":"type-product","3":"status-publish","4":"has-post-thumbnail","6":"product_cat-bad-spa-og-personlig-pleie","7":"pa_made-in-storbritannia","9":"first","10":"instock","11":"purchasable","12":"product-type-simple"},"supplier_id":null,"supplier_sku":"ZenSS-05","barcode":null,"atum_controlled":true,"out_stock_date":null,"out_stock_threshold":null,"inheritable":false,"inbound_stock":0,"stock_on_hold":0,"sold_today":0,"sales_last_days":0,"reserved_stock":0,"customer_returns":0,"warehouse_damage":0,"lost_in_post":0,"other_logs":0,"out_stock_days":15,"lost_sales":0,"has_location":false,"update_date":"2026-04-30T13:08:37","atum_locations":[],"atum_stock_status":"instock","restock_status":false,"low_stock_amount":"","sales_update_date":"2026-01-30T01:24:42","calc_backorders":null,"_links":{"self":[{"href":"https:\/\/aromasentia.com\/no\/wp-json\/wp\/v2\/product\/206389","targetHints":{"allow":["GET"]}}],"collection":[{"href":"https:\/\/aromasentia.com\/no\/wp-json\/wp\/v2\/product"}],"about":[{"href":"https:\/\/aromasentia.com\/no\/wp-json\/wp\/v2\/types\/product"}],"replies":[{"embeddable":true,"href":"https:\/\/aromasentia.com\/no\/wp-json\/wp\/v2\/comments?post=206389"}],"version-history":[{"count":0,"href":"https:\/\/aromasentia.com\/no\/wp-json\/wp\/v2\/product\/206389\/revisions"}],"wp:featuredmedia":[{"embeddable":true,"href":"https:\/\/aromasentia.com\/no\/wp-json\/wp\/v2\/media\/302563"}],"wp:attachment":[{"href":"https:\/\/aromasentia.com\/no\/wp-json\/wp\/v2\/media?parent=206389"}],"wp:term":[{"taxonomy":"product_brand","embeddable":true,"href":"https:\/\/aromasentia.com\/no\/wp-json\/wp\/v2\/product_brand?post=206389"},{"taxonomy":"product_cat","embeddable":true,"href":"https:\/\/aromasentia.com\/no\/wp-json\/wp\/v2\/product_cat?post=206389"},{"taxonomy":"product_tag","embeddable":true,"href":"https:\/\/aromasentia.com\/no\/wp-json\/wp\/v2\/product_tag?post=206389"}],"curies":[{"name":"wp","href":"https:\/\/api.w.org\/{rel}","templated":true}]}}