{"id":206387,"date":"2025-03-21T00:58:15","date_gmt":"2025-03-21T00:58:15","guid":{"rendered":"https:\/\/aromasentia.com\/product\/zen-shower-steamers-therapy-wellness-quartet-love-potion-pinky-red\/"},"modified":"2025-05-31T02:56:31","modified_gmt":"2025-05-31T02:56:31","slug":"zen-shower-steamers-therapy-wellness-quartet-love-potion-pinky-red","status":"publish","type":"product","link":"https:\/\/aromasentia.com\/no\/zen-shower-steamers-therapy-wellness-quartet-love-potion-pinky-red\/","title":{"rendered":"Zen Shower Steamers &#8211; Therapy Wellness Quartet &#8211; Love Potion (Pinky Red)"},"content":{"rendered":"<p>? Laget i Sheffield, Storbritannia&nbsp;<\/p>\n<p>? Helt naturlige essensielle oljer: Rosegeranium, sort pepper, bergamott, grapefrukt + roseblader&nbsp;<\/p>\n<p>? Veganvennlig og ikke testet p\u00e5 dyr&nbsp;<\/p>\n<p>? Unik og balanserende aroma&nbsp;<\/p>\n<p>? Hvert sett inneholder 4 dusjdampere<\/p>\n<p>? Vekt p\u00e5 \u00e9n damper &#8211; 50 g<\/p>\n<p>Pakket i en gaveeske, er dette settet ideelt for gave og et must-have for butikken din. Individuelt krympeinnpakket.<\/p>\n","protected":false},"excerpt":{"rendered":"<p>? Laget i Sheffield, Storbritannia&nbsp; ? Helt naturlige essensielle oljer: Rosegeranium, sort pepper, bergamott, grapefrukt + roseblader&nbsp; ? Veganvennlig og ikke testet p\u00e5 dyr&nbsp; ? Unik og balanserende aroma&nbsp; ? Hvert sett inneholder 4 dusjdampere ? Vekt p\u00e5 \u00e9n damper &#8211; 50 g Pakket i en gaveeske, er dette settet ideelt for gave og et [&hellip;]<\/p>\n","protected":false},"featured_media":302497,"comment_status":"closed","ping_status":"open","template":"","meta":{"_angie_page":false},"product_brand":[],"product_cat":[9413],"product_tag":[],"class_list":{"0":"post-206387","1":"product","2":"type-product","3":"status-publish","4":"has-post-thumbnail","6":"product_cat-bad-spa-og-personlig-pleie","7":"pa_made-in-storbritannia","9":"first","10":"instock","11":"purchasable","12":"product-type-simple"},"supplier_id":null,"supplier_sku":"ZenSS-03","barcode":null,"atum_controlled":true,"out_stock_date":null,"out_stock_threshold":null,"inheritable":false,"inbound_stock":0,"stock_on_hold":0,"sold_today":0,"sales_last_days":0,"reserved_stock":0,"customer_returns":0,"warehouse_damage":0,"lost_in_post":0,"other_logs":0,"out_stock_days":22,"lost_sales":0,"has_location":false,"update_date":"2026-04-27T07:27:36","atum_locations":[],"atum_stock_status":"instock","restock_status":false,"low_stock_amount":"","sales_update_date":"2026-01-30T01:24:27","calc_backorders":null,"_links":{"self":[{"href":"https:\/\/aromasentia.com\/no\/wp-json\/wp\/v2\/product\/206387","targetHints":{"allow":["GET"]}}],"collection":[{"href":"https:\/\/aromasentia.com\/no\/wp-json\/wp\/v2\/product"}],"about":[{"href":"https:\/\/aromasentia.com\/no\/wp-json\/wp\/v2\/types\/product"}],"replies":[{"embeddable":true,"href":"https:\/\/aromasentia.com\/no\/wp-json\/wp\/v2\/comments?post=206387"}],"version-history":[{"count":0,"href":"https:\/\/aromasentia.com\/no\/wp-json\/wp\/v2\/product\/206387\/revisions"}],"wp:featuredmedia":[{"embeddable":true,"href":"https:\/\/aromasentia.com\/no\/wp-json\/wp\/v2\/media\/302497"}],"wp:attachment":[{"href":"https:\/\/aromasentia.com\/no\/wp-json\/wp\/v2\/media?parent=206387"}],"wp:term":[{"taxonomy":"product_brand","embeddable":true,"href":"https:\/\/aromasentia.com\/no\/wp-json\/wp\/v2\/product_brand?post=206387"},{"taxonomy":"product_cat","embeddable":true,"href":"https:\/\/aromasentia.com\/no\/wp-json\/wp\/v2\/product_cat?post=206387"},{"taxonomy":"product_tag","embeddable":true,"href":"https:\/\/aromasentia.com\/no\/wp-json\/wp\/v2\/product_tag?post=206387"}],"curies":[{"name":"wp","href":"https:\/\/api.w.org\/{rel}","templated":true}]}}