{"id":206386,"date":"2025-03-21T11:18:04","date_gmt":"2025-03-21T11:18:04","guid":{"rendered":"https:\/\/aromasentia.com\/product\/kilner-jar-candle-fell-berry\/"},"modified":"2025-05-31T02:56:18","modified_gmt":"2025-05-31T02:56:18","slug":"kilner-duftlys-i-krukke-fell-berry","status":"publish","type":"product","link":"https:\/\/aromasentia.com\/no\/kilner-duftlys-i-krukke-fell-berry\/","title":{"rendered":"Kilner Duftlys i Krukke &#8211; Fell Berry"},"content":{"rendered":"<p>Vi er stolte av \u00e5 introdusere en ny serie med <strong>Aroma Sentia &#8211; ping soyab\u00f8nnevokslys<\/strong> som er laget av hydrogenert soyab\u00f8nneolje og fri for syntetisk voks eller parafin.<\/p>\n<p>Disse <strong>Kilner-glasslysene<\/strong><strong> &#8211; Fell Berry<\/strong> leveres i store, resirkulerte glass <strong>(400 ml)<\/strong> som kan brukes om igjen, og er pent pakket med et spesielt st\u00f8vdeksel.<\/p>\n<p>Oppgrader din og kundens levetid p\u00e5 lyset. Soyavoks er et perfekt <strong>milj\u00f8vennlig alternativ<\/strong>. Det er s\u00e5 mye renere og mer naturlig enn parafinlys. Litt dyrere, men verdt det. Soyab\u00f8nneglasslys brenner mye bedre og etterlater minimale voksrester. Du kan f\u00e5 <strong>80 timers brennetid<\/strong> ut av disse lysene.<\/p>\n<p>Designet for \u00e5 v\u00e6re en flott og omsorgsfull gave. Hvis du videreselger lys i nettbutikken din, b\u00f8r du absolutt vurdere \u00e5 <strong>legge dem til i portef\u00f8ljen din.<\/strong><\/p>\n","protected":false},"excerpt":{"rendered":"<p>Vi er stolte av \u00e5 introdusere en ny serie med Aroma Sentia &#8211; ping soyab\u00f8nnevokslys som er laget av hydrogenert soyab\u00f8nneolje og fri for syntetisk voks eller parafin. Disse Kilner-glasslysene &#8211; Fell Berry leveres i store, resirkulerte glass (400 ml) som kan brukes om igjen, og er pent pakket med et spesielt st\u00f8vdeksel. Oppgrader din [&hellip;]<\/p>\n","protected":false},"featured_media":302818,"comment_status":"closed","ping_status":"open","template":"","meta":[],"product_brand":[27083],"product_cat":[9270,9274],"product_tag":[],"class_list":{"0":"post-206386","1":"product","2":"type-product","3":"status-publish","4":"has-post-thumbnail","6":"product_brand-agnes-and-cat","7":"product_cat-lysestaker-og-stearinlys","8":"product_cat-soyavokslys","9":"pa_collection-kilner-jar-candles-400-ml-no","10":"pa_made-in-kina","12":"first","13":"instock","14":"purchasable","15":"product-type-simple"},"supplier_id":null,"supplier_sku":"ACKC-03","barcode":null,"atum_controlled":true,"out_stock_date":null,"out_stock_threshold":null,"inheritable":false,"inbound_stock":null,"stock_on_hold":0,"sold_today":0,"sales_last_days":0,"reserved_stock":null,"customer_returns":null,"warehouse_damage":null,"lost_in_post":null,"other_logs":null,"out_stock_days":0,"lost_sales":0,"has_location":null,"update_date":"2026-02-02T08:38:04","atum_locations":[],"atum_stock_status":"instock","restock_status":false,"low_stock_amount":"","sales_update_date":"2025-10-09T03:22:39","calc_backorders":null,"_links":{"self":[{"href":"https:\/\/aromasentia.com\/no\/wp-json\/wp\/v2\/product\/206386","targetHints":{"allow":["GET"]}}],"collection":[{"href":"https:\/\/aromasentia.com\/no\/wp-json\/wp\/v2\/product"}],"about":[{"href":"https:\/\/aromasentia.com\/no\/wp-json\/wp\/v2\/types\/product"}],"replies":[{"embeddable":true,"href":"https:\/\/aromasentia.com\/no\/wp-json\/wp\/v2\/comments?post=206386"}],"version-history":[{"count":0,"href":"https:\/\/aromasentia.com\/no\/wp-json\/wp\/v2\/product\/206386\/revisions"}],"wp:featuredmedia":[{"embeddable":true,"href":"https:\/\/aromasentia.com\/no\/wp-json\/wp\/v2\/media\/302818"}],"wp:attachment":[{"href":"https:\/\/aromasentia.com\/no\/wp-json\/wp\/v2\/media?parent=206386"}],"wp:term":[{"taxonomy":"product_brand","embeddable":true,"href":"https:\/\/aromasentia.com\/no\/wp-json\/wp\/v2\/product_brand?post=206386"},{"taxonomy":"product_cat","embeddable":true,"href":"https:\/\/aromasentia.com\/no\/wp-json\/wp\/v2\/product_cat?post=206386"},{"taxonomy":"product_tag","embeddable":true,"href":"https:\/\/aromasentia.com\/no\/wp-json\/wp\/v2\/product_tag?post=206386"}],"curies":[{"name":"wp","href":"https:\/\/api.w.org\/{rel}","templated":true}]}}