{"id":206377,"date":"2025-03-21T11:18:04","date_gmt":"2025-03-21T11:18:04","guid":{"rendered":"https:\/\/aromasentia.com\/product\/jam-jar-candle-velvet-moon\/"},"modified":"2025-05-31T02:55:41","modified_gmt":"2025-05-31T02:55:41","slug":"duftlys-i-krukke-velvet-moon","status":"publish","type":"product","link":"https:\/\/aromasentia.com\/no\/duftlys-i-krukke-velvet-moon\/","title":{"rendered":"Duftlys i Krukke &#8211; Velvet Moon"},"content":{"rendered":"<p>Vi er stolte av \u00e5 introdusere en ny serie med <strong>Aroma Sentia &#8211; ping soyab\u00f8nnevokslys<\/strong> som er laget av hydrogenert soyab\u00f8nneolje og fri for syntetisk voks eller parafin.<\/p>\n<p>Hver duft best\u00e5r av opptil 36 forskjellige elementer. Det er nettopp dette som gj\u00f8r dem s\u00e5 unike og fantastiske.<\/p>\n<p>Disse Agnes&#038;Cat <strong>syltet\u00f8yslysene &#8211; Velvet Moon<\/strong> leveres i fine resirkulerte glass (220 ml) som kan brukes om igjen n\u00e5r lyset er brent ut.<\/p>\n<p>Soyavoks er et perfekt <strong>milj\u00f8vennlig alternativ<\/strong>. Det er s\u00e5 mye renere og brenner lenger. Litt dyrere, men verdt det. Soyab\u00f8nnevokslys sprer duft vakkert og etterlater minimale voksrester. Disse 100 % naturlige lysene produserer ogs\u00e5 95 % mindre sot, de er veganvennlige og ikke testet p\u00e5 dyr.<\/p>\n<p><\/p>\n<p><strong><span style=\"color: rgb(243, 121, 52);\">Designet for \u00e5 v\u00e6re en flott og omsorgsfull gave. Hvis du videreselger lys i nettbutikken din, b\u00f8r du absolutt vurdere \u00e5 legge dem til i portef\u00f8ljen din.<\/span><\/strong><\/p>\n","protected":false},"excerpt":{"rendered":"<p>Vi er stolte av \u00e5 introdusere en ny serie med Aroma Sentia &#8211; ping soyab\u00f8nnevokslys som er laget av hydrogenert soyab\u00f8nneolje og fri for syntetisk voks eller parafin. Hver duft best\u00e5r av opptil 36 forskjellige elementer. Det er nettopp dette som gj\u00f8r dem s\u00e5 unike og fantastiske. Disse Agnes&#038;Cat syltet\u00f8yslysene &#8211; Velvet Moon leveres i [&hellip;]<\/p>\n","protected":false},"featured_media":302729,"comment_status":"closed","ping_status":"open","template":"","meta":[],"product_brand":[27083],"product_cat":[9270,9274],"product_tag":[],"class_list":{"0":"post-206377","1":"product","2":"type-product","3":"status-publish","4":"has-post-thumbnail","6":"product_brand-agnes-and-cat","7":"product_cat-lysestaker-og-stearinlys","8":"product_cat-soyavokslys","9":"pa_collection-soy-wax-jam-jar-candles-220-ml-no","10":"pa_made-in-kina","12":"first","13":"instock","14":"purchasable","15":"product-type-simple"},"supplier_id":null,"supplier_sku":"ACJJ-13","barcode":null,"atum_controlled":true,"out_stock_date":null,"out_stock_threshold":null,"inheritable":false,"inbound_stock":null,"stock_on_hold":0,"sold_today":0,"sales_last_days":0,"reserved_stock":null,"customer_returns":null,"warehouse_damage":null,"lost_in_post":null,"other_logs":null,"out_stock_days":0,"lost_sales":0,"has_location":null,"update_date":"2026-01-27T14:20:49","atum_locations":[],"atum_stock_status":"instock","restock_status":false,"low_stock_amount":"","sales_update_date":"2026-01-20T05:13:25","calc_backorders":null,"_links":{"self":[{"href":"https:\/\/aromasentia.com\/no\/wp-json\/wp\/v2\/product\/206377","targetHints":{"allow":["GET"]}}],"collection":[{"href":"https:\/\/aromasentia.com\/no\/wp-json\/wp\/v2\/product"}],"about":[{"href":"https:\/\/aromasentia.com\/no\/wp-json\/wp\/v2\/types\/product"}],"replies":[{"embeddable":true,"href":"https:\/\/aromasentia.com\/no\/wp-json\/wp\/v2\/comments?post=206377"}],"version-history":[{"count":0,"href":"https:\/\/aromasentia.com\/no\/wp-json\/wp\/v2\/product\/206377\/revisions"}],"wp:featuredmedia":[{"embeddable":true,"href":"https:\/\/aromasentia.com\/no\/wp-json\/wp\/v2\/media\/302729"}],"wp:attachment":[{"href":"https:\/\/aromasentia.com\/no\/wp-json\/wp\/v2\/media?parent=206377"}],"wp:term":[{"taxonomy":"product_brand","embeddable":true,"href":"https:\/\/aromasentia.com\/no\/wp-json\/wp\/v2\/product_brand?post=206377"},{"taxonomy":"product_cat","embeddable":true,"href":"https:\/\/aromasentia.com\/no\/wp-json\/wp\/v2\/product_cat?post=206377"},{"taxonomy":"product_tag","embeddable":true,"href":"https:\/\/aromasentia.com\/no\/wp-json\/wp\/v2\/product_tag?post=206377"}],"curies":[{"name":"wp","href":"https:\/\/api.w.org\/{rel}","templated":true}]}}