{"id":206368,"date":"2025-03-21T11:18:04","date_gmt":"2025-03-21T11:18:04","guid":{"rendered":"https:\/\/aromasentia.com\/product\/herb-garden-candles-lavender\/"},"modified":"2025-05-31T02:55:10","modified_gmt":"2025-05-31T02:55:10","slug":"herb-garden-duftlys-lavendel","status":"publish","type":"product","link":"https:\/\/aromasentia.com\/no\/herb-garden-duftlys-lavendel\/","title":{"rendered":"Herb Garden Duftlys &#8211; Lavendel"},"content":{"rendered":"<p>Laget med ren rosmarin eterisk olje.<\/p>\n<p>Vi er stolte av \u00e5 introdusere en ny serie med <strong>Aroma Sentia-ping Agnes&#038;Cat &#8211; Lavendel Soyab\u00f8nnevokslys<\/strong>som er laget av hydrogenert soyab\u00f8nneolje og fri for syntetisk voks eller parafin.<\/p>\n<p>Disse aromaterapi-soyalysene presenteres i en fantastisk fargerik potte som kan brukes om igjen til blomster n\u00e5r lyset er brent ut. De leveres med et metallstativ og er pakket i en vakker gaveeske.<\/p>\n<p>Treveke lager den koselige knitrende lyden du vil forelske deg i.<\/p>\n<p>Oppgrader din og kundens levetid for lyset. Soyavoks er et perfekt milj\u00f8vennlig alternativ. Det er s\u00e5 mye renere og mer naturlig enn parafinlys. Litt dyrere, men verdt det. Aromaterapi-soyalys brenner mye bedre og etterlater minimale voksrester.<\/p>\n<p><strong>Designet for \u00e5 v\u00e6re en flott og omsorgsfull gave. Hvis du selger lys i nettbutikken din, b\u00f8r du absolutt vurdere \u00e5 legge dem til i tilbudet ditt.<\/strong><\/p>\n","protected":false},"excerpt":{"rendered":"<p>Laget med ren rosmarin eterisk olje. Vi er stolte av \u00e5 introdusere en ny serie med Aroma Sentia-ping Agnes&#038;Cat &#8211; Lavendel Soyab\u00f8nnevokslyssom er laget av hydrogenert soyab\u00f8nneolje og fri for syntetisk voks eller parafin. Disse aromaterapi-soyalysene presenteres i en fantastisk fargerik potte som kan brukes om igjen til blomster n\u00e5r lyset er brent ut. De [&hellip;]<\/p>\n","protected":false},"featured_media":302648,"comment_status":"closed","ping_status":"open","template":"","meta":[],"product_brand":[27083],"product_cat":[26834,25843,26232,9270,9274],"product_tag":[],"class_list":{"0":"post-206368","1":"product","2":"type-product","3":"status-publish","4":"has-post-thumbnail","6":"product_brand-agnes-and-cat","7":"product_cat-blomster","8":"product_cat-dufter-aromaer","9":"product_cat-lavendel","10":"product_cat-lysestaker-og-stearinlys","11":"product_cat-soyavokslys","12":"pa_collection-aromatherapy-soy-candles-210-g-wooden-wick-no","13":"pa_made-in-kina","15":"first","16":"outofstock","17":"purchasable","18":"product-type-simple"},"supplier_id":null,"supplier_sku":"ACHC-04","barcode":null,"atum_controlled":true,"out_stock_date":"2025-10-09 12:54:49","out_stock_threshold":null,"inheritable":false,"inbound_stock":null,"stock_on_hold":0,"sold_today":0,"sales_last_days":0,"reserved_stock":null,"customer_returns":null,"warehouse_damage":null,"lost_in_post":null,"other_logs":null,"out_stock_days":112,"lost_sales":0,"has_location":null,"update_date":"2026-01-30T01:25:19","atum_locations":[],"atum_stock_status":"outofstock","restock_status":false,"low_stock_amount":"","sales_update_date":"2026-01-30T01:25:19","calc_backorders":null,"_links":{"self":[{"href":"https:\/\/aromasentia.com\/no\/wp-json\/wp\/v2\/product\/206368","targetHints":{"allow":["GET"]}}],"collection":[{"href":"https:\/\/aromasentia.com\/no\/wp-json\/wp\/v2\/product"}],"about":[{"href":"https:\/\/aromasentia.com\/no\/wp-json\/wp\/v2\/types\/product"}],"replies":[{"embeddable":true,"href":"https:\/\/aromasentia.com\/no\/wp-json\/wp\/v2\/comments?post=206368"}],"version-history":[{"count":0,"href":"https:\/\/aromasentia.com\/no\/wp-json\/wp\/v2\/product\/206368\/revisions"}],"wp:featuredmedia":[{"embeddable":true,"href":"https:\/\/aromasentia.com\/no\/wp-json\/wp\/v2\/media\/302648"}],"wp:attachment":[{"href":"https:\/\/aromasentia.com\/no\/wp-json\/wp\/v2\/media?parent=206368"}],"wp:term":[{"taxonomy":"product_brand","embeddable":true,"href":"https:\/\/aromasentia.com\/no\/wp-json\/wp\/v2\/product_brand?post=206368"},{"taxonomy":"product_cat","embeddable":true,"href":"https:\/\/aromasentia.com\/no\/wp-json\/wp\/v2\/product_cat?post=206368"},{"taxonomy":"product_tag","embeddable":true,"href":"https:\/\/aromasentia.com\/no\/wp-json\/wp\/v2\/product_tag?post=206368"}],"curies":[{"name":"wp","href":"https:\/\/api.w.org\/{rel}","templated":true}]}}