{"id":206359,"date":"2025-03-21T11:18:31","date_gmt":"2025-03-21T11:18:31","guid":{"rendered":"https:\/\/aromasentia.com\/product\/tin-candle-moonstone\/"},"modified":"2025-05-31T02:54:36","modified_gmt":"2025-05-31T02:54:36","slug":"duftlys-i-tinnboks-manestein","status":"publish","type":"product","link":"https:\/\/aromasentia.com\/no\/duftlys-i-tinnboks-manestein\/","title":{"rendered":"Duftlys i Tinnboks &#8211; M\u00e5nestein"},"content":{"rendered":"<p>Vi er stolte av \u00e5 introdusere en ny serie med <strong>Aroma Sentia &#8211; ping vokslys<\/strong> som er laget av hydrogenert soyab\u00f8nneolje og fri for syntetisk voks eller parafin.<\/p>\n<p>Disse <strong>200 ml Aroma Sentia &#8211; ping blikklysene &#8211; M\u00e5nestein &nbsp;<\/strong> presenteres i fancy bokser som kan brukes om igjen n\u00e5r lyset er brent ut. De kommer i en pen eske designet i Agnes &#038; Cats ikoniske stil.<\/p>\n<p>Oppgrader din og kundens levetid for lyset. Soyavoks er et perfekt <strong>milj\u00f8vennlig alternativ<\/strong>. Det er s\u00e5 mye renere og mer naturlig enn parafinlys. Litt dyrere, men verdt det. Soyab\u00f8nne blikklys brenner mye bedre og etterlater minimale voksrester. Disse<strong>&nbsp;100 % helt naturlige<\/strong> lysene produserer <strong>95 % mindre sot<\/strong> ogs\u00e5, de er <strong>veganvennlige og ikke testet p\u00e5 dyr.<\/strong><\/p>\n<p><strong>Moonstone<\/strong> er en varm maskulin duft med en blanding av r\u00f8d grapefrukt, r\u00f8d salvie, safran og r\u00f8d sedertre.<\/p>\n<p><strong>Toppnoter:<\/strong> R\u00f8d grapefrukt, sitron, traneb\u00e6r<\/p>\n<p><strong>Hjertenoter:<\/strong> R\u00f8d salvie, lavendel, r\u00f8d safran<\/p>\n<p><strong>Basenoter:<\/strong> R\u00f8d sedertre, varm rav, kaffeb\u00f8nner<\/p>\n<p>Designet for \u00e5 v\u00e6re en flott og omsorgsfull gave. Hvis du videreselger lys, b\u00f8r du absolutt vurdere \u00e5 <strong><span style=\"color: rgb(243, 121, 52);\">legge dem til i portef\u00f8ljen din.<\/span><\/strong><\/p>\n","protected":false},"excerpt":{"rendered":"<p>Vi er stolte av \u00e5 introdusere en ny serie med Aroma Sentia &#8211; ping vokslys som er laget av hydrogenert soyab\u00f8nneolje og fri for syntetisk voks eller parafin. Disse 200 ml Aroma Sentia &#8211; ping blikklysene &#8211; M\u00e5nestein &nbsp; presenteres i fancy bokser som kan brukes om igjen n\u00e5r lyset er brent ut. De kommer [&hellip;]<\/p>\n","protected":false},"featured_media":303052,"comment_status":"closed","ping_status":"open","template":"","meta":{"_angie_page":false},"product_brand":[27083],"product_cat":[25221,9270,25689,9274],"product_tag":[],"class_list":{"0":"post-206359","1":"product","2":"type-product","3":"status-publish","4":"has-post-thumbnail","6":"product_brand-agnes-and-cat","7":"product_cat-krystaller-edelsteiner","8":"product_cat-lysestaker-og-stearinlys","9":"product_cat-manestein","10":"product_cat-soyavokslys","11":"pa_collection-soy-wax-tin-candles-200-ml-no","12":"pa_made-in-kina","14":"first","15":"instock","16":"purchasable","17":"product-type-simple"},"supplier_id":null,"supplier_sku":"ACTC-10","barcode":null,"atum_controlled":true,"out_stock_date":null,"out_stock_threshold":null,"inheritable":false,"inbound_stock":null,"stock_on_hold":0,"sold_today":0,"sales_last_days":0,"reserved_stock":null,"customer_returns":null,"warehouse_damage":null,"lost_in_post":null,"other_logs":null,"out_stock_days":0,"lost_sales":0,"has_location":null,"update_date":"2026-05-04T00:02:48","atum_locations":[],"atum_stock_status":"instock","restock_status":false,"low_stock_amount":"","sales_update_date":"2026-01-30T01:24:23","calc_backorders":null,"_links":{"self":[{"href":"https:\/\/aromasentia.com\/no\/wp-json\/wp\/v2\/product\/206359","targetHints":{"allow":["GET"]}}],"collection":[{"href":"https:\/\/aromasentia.com\/no\/wp-json\/wp\/v2\/product"}],"about":[{"href":"https:\/\/aromasentia.com\/no\/wp-json\/wp\/v2\/types\/product"}],"replies":[{"embeddable":true,"href":"https:\/\/aromasentia.com\/no\/wp-json\/wp\/v2\/comments?post=206359"}],"version-history":[{"count":0,"href":"https:\/\/aromasentia.com\/no\/wp-json\/wp\/v2\/product\/206359\/revisions"}],"wp:featuredmedia":[{"embeddable":true,"href":"https:\/\/aromasentia.com\/no\/wp-json\/wp\/v2\/media\/303052"}],"wp:attachment":[{"href":"https:\/\/aromasentia.com\/no\/wp-json\/wp\/v2\/media?parent=206359"}],"wp:term":[{"taxonomy":"product_brand","embeddable":true,"href":"https:\/\/aromasentia.com\/no\/wp-json\/wp\/v2\/product_brand?post=206359"},{"taxonomy":"product_cat","embeddable":true,"href":"https:\/\/aromasentia.com\/no\/wp-json\/wp\/v2\/product_cat?post=206359"},{"taxonomy":"product_tag","embeddable":true,"href":"https:\/\/aromasentia.com\/no\/wp-json\/wp\/v2\/product_tag?post=206359"}],"curies":[{"name":"wp","href":"https:\/\/api.w.org\/{rel}","templated":true}]}}