{"id":206346,"date":"2025-03-21T11:18:31","date_gmt":"2025-03-21T11:18:31","guid":{"rendered":"https:\/\/aromasentia.com\/product\/small-kilner-jar-candle-japanese-bloom\/"},"modified":"2025-05-31T02:53:56","modified_gmt":"2025-05-31T02:53:56","slug":"kilner-duftlys-i-krukke-lys-japanese-bloom-liten","status":"publish","type":"product","link":"https:\/\/aromasentia.com\/no\/kilner-duftlys-i-krukke-lys-japanese-bloom-liten\/","title":{"rendered":"Kilner Duftlys i Krukke -Lys &#8211; Japanese Bloom Liten"},"content":{"rendered":"<p><span style=\"color: rgb(75, 80, 88);\">Vi er stolte av \u00e5 introdusere en ny serie med <strong>soyab\u00f8nnevokslys<\/strong> som er laget av hydrogenert soyab\u00f8nneolje og fri for syntetisk voks eller parafin.<\/span><\/p>\n<p>Disse <strong style=\"color: rgb(75, 80, 88);\">sm\u00e5 Kilner-glasslysene &#8211; japansk blomst med klips<\/strong> leveres i sm\u00e5, resirkulerte glass (180 ml) som kan brukes om igjen n\u00e5r lyset er brent ut.<\/p>\n<p>Oppgrader din og kundens levetid for lyset. Soyab\u00f8nnevoks er et perfekt <strong style=\"color: rgb(75, 80, 88);\">milj\u00f8vennlig alternativ<\/strong>. Det er s\u00e5 mye renere og brenner lenger. Litt dyrere, men verdt det. Soyab\u00f8nnevokslys sprer duft vakkert og etterlater minimale voksrester. Disse 100 % naturlige lysene produserer ogs\u00e5 95 % mindre sot. Du kan f\u00e5 omtrent 30\u201335 timers brennetid ut av disse lysene.<\/p>\n<p><strong><span style=\"color: rgb(141, 186, 216);\">Designet for \u00e5 v\u00e6re en flott og omsorgsfull gave. Hvis du videreselger lys, b\u00f8r du absolutt vurdere \u00e5 tilby dem i nettbutikken din.<\/span><\/strong><\/p>\n","protected":false},"excerpt":{"rendered":"<p>Vi er stolte av \u00e5 introdusere en ny serie med soyab\u00f8nnevokslys som er laget av hydrogenert soyab\u00f8nneolje og fri for syntetisk voks eller parafin. Disse sm\u00e5 Kilner-glasslysene &#8211; japansk blomst med klips leveres i sm\u00e5, resirkulerte glass (180 ml) som kan brukes om igjen n\u00e5r lyset er brent ut. Oppgrader din og kundens levetid for [&hellip;]<\/p>\n","protected":false},"featured_media":302935,"comment_status":"closed","ping_status":"open","template":"","meta":[],"product_brand":[27083],"product_cat":[9270,9274],"product_tag":[],"class_list":{"0":"post-206346","1":"product","2":"type-product","3":"status-publish","4":"has-post-thumbnail","6":"product_brand-agnes-and-cat","7":"product_cat-lysestaker-og-stearinlys","8":"product_cat-soyavokslys","9":"pa_collection-small-kilner-jar-candle-180-ml-no","10":"pa_made-in-kina","12":"first","13":"instock","14":"purchasable","15":"product-type-simple"},"supplier_id":null,"supplier_sku":"ACKCM-07","barcode":null,"atum_controlled":true,"out_stock_date":null,"out_stock_threshold":null,"inheritable":false,"inbound_stock":null,"stock_on_hold":0,"sold_today":0,"sales_last_days":0,"reserved_stock":null,"customer_returns":null,"warehouse_damage":null,"lost_in_post":null,"other_logs":null,"out_stock_days":0,"lost_sales":0,"has_location":null,"update_date":"2026-02-11T08:30:23","atum_locations":[],"atum_stock_status":"instock","restock_status":false,"low_stock_amount":"","sales_update_date":"2026-01-30T01:24:45","calc_backorders":null,"_links":{"self":[{"href":"https:\/\/aromasentia.com\/no\/wp-json\/wp\/v2\/product\/206346","targetHints":{"allow":["GET"]}}],"collection":[{"href":"https:\/\/aromasentia.com\/no\/wp-json\/wp\/v2\/product"}],"about":[{"href":"https:\/\/aromasentia.com\/no\/wp-json\/wp\/v2\/types\/product"}],"replies":[{"embeddable":true,"href":"https:\/\/aromasentia.com\/no\/wp-json\/wp\/v2\/comments?post=206346"}],"version-history":[{"count":0,"href":"https:\/\/aromasentia.com\/no\/wp-json\/wp\/v2\/product\/206346\/revisions"}],"wp:featuredmedia":[{"embeddable":true,"href":"https:\/\/aromasentia.com\/no\/wp-json\/wp\/v2\/media\/302935"}],"wp:attachment":[{"href":"https:\/\/aromasentia.com\/no\/wp-json\/wp\/v2\/media?parent=206346"}],"wp:term":[{"taxonomy":"product_brand","embeddable":true,"href":"https:\/\/aromasentia.com\/no\/wp-json\/wp\/v2\/product_brand?post=206346"},{"taxonomy":"product_cat","embeddable":true,"href":"https:\/\/aromasentia.com\/no\/wp-json\/wp\/v2\/product_cat?post=206346"},{"taxonomy":"product_tag","embeddable":true,"href":"https:\/\/aromasentia.com\/no\/wp-json\/wp\/v2\/product_tag?post=206346"}],"curies":[{"name":"wp","href":"https:\/\/api.w.org\/{rel}","templated":true}]}}