{"id":206331,"date":"2025-03-21T11:19:05","date_gmt":"2025-03-21T11:19:05","guid":{"rendered":"https:\/\/aromasentia.com\/product\/aromatherapy-soy-candle-200g-clear-thinking\/"},"modified":"2025-05-31T02:53:17","modified_gmt":"2025-05-31T02:53:17","slug":"aromaterapi-soyalys-200-g-clear-thinking","status":"publish","type":"product","link":"https:\/\/aromasentia.com\/no\/aromaterapi-soyalys-200-g-clear-thinking\/","title":{"rendered":"Aromaterapi Soyalys 200 G &#8211; Clear Thinking"},"content":{"rendered":"<p>Laget med<strong>100 % ren rosmarin eterisk olje<\/strong>\/ 200 g soyavoks \/ 40 timers brennetid.<\/p>\n<p>V\u00e5rt nye <strong>aromaterapilys &#8211; Clear Thinking<\/strong> er laget med rene essensielle oljer og naturlig soyavoks for \u00e5 fortrylle og glede kundene dine. Ikke mer, ikke mindre &#8230; s\u00e5 naturlig, s\u00e5 rent, s\u00e5 vegansk \ud83d\ude42<\/p>\n<p>Kombinasjoner av rene oljer som alle fungerer godt sammen for \u00e5 stimulere klar tenkning, avslapning, energi, lykke og mye mer. Sakte og delikat vil aromaen stige mens lyset brenner og fylle ethvert rom med en virkelig aromaterapeutisk duft.<\/p>\n","protected":false},"excerpt":{"rendered":"<p>Laget med100 % ren rosmarin eterisk olje\/ 200 g soyavoks \/ 40 timers brennetid. V\u00e5rt nye aromaterapilys &#8211; Clear Thinking er laget med rene essensielle oljer og naturlig soyavoks for \u00e5 fortrylle og glede kundene dine. Ikke mer, ikke mindre &#8230; s\u00e5 naturlig, s\u00e5 rent, s\u00e5 vegansk \ud83d\ude42 Kombinasjoner av rene oljer som alle fungerer [&hellip;]<\/p>\n","protected":false},"featured_media":303306,"comment_status":"closed","ping_status":"open","template":"","meta":{"_angie_page":false},"product_brand":[],"product_cat":[9270,9274],"product_tag":[],"class_list":{"0":"post-206331","1":"product","2":"type-product","3":"status-publish","4":"has-post-thumbnail","6":"product_cat-lysestaker-og-stearinlys","7":"product_cat-soyavokslys","8":"pa_collection-aromatherapy-soy-wax-candles-200g-no","9":"pa_made-in-kina","10":"pa_size-200g","12":"first","13":"instock","14":"purchasable","15":"product-type-simple"},"supplier_id":null,"supplier_sku":"ASC-02","barcode":null,"atum_controlled":true,"out_stock_date":null,"out_stock_threshold":null,"inheritable":false,"inbound_stock":null,"stock_on_hold":0,"sold_today":0,"sales_last_days":0,"reserved_stock":null,"customer_returns":null,"warehouse_damage":null,"lost_in_post":null,"other_logs":null,"out_stock_days":0,"lost_sales":0,"has_location":null,"update_date":"2026-05-04T00:02:49","atum_locations":[],"atum_stock_status":"instock","restock_status":false,"low_stock_amount":"","sales_update_date":"2025-10-09T03:23:46","calc_backorders":null,"_links":{"self":[{"href":"https:\/\/aromasentia.com\/no\/wp-json\/wp\/v2\/product\/206331","targetHints":{"allow":["GET"]}}],"collection":[{"href":"https:\/\/aromasentia.com\/no\/wp-json\/wp\/v2\/product"}],"about":[{"href":"https:\/\/aromasentia.com\/no\/wp-json\/wp\/v2\/types\/product"}],"replies":[{"embeddable":true,"href":"https:\/\/aromasentia.com\/no\/wp-json\/wp\/v2\/comments?post=206331"}],"version-history":[{"count":0,"href":"https:\/\/aromasentia.com\/no\/wp-json\/wp\/v2\/product\/206331\/revisions"}],"wp:featuredmedia":[{"embeddable":true,"href":"https:\/\/aromasentia.com\/no\/wp-json\/wp\/v2\/media\/303306"}],"wp:attachment":[{"href":"https:\/\/aromasentia.com\/no\/wp-json\/wp\/v2\/media?parent=206331"}],"wp:term":[{"taxonomy":"product_brand","embeddable":true,"href":"https:\/\/aromasentia.com\/no\/wp-json\/wp\/v2\/product_brand?post=206331"},{"taxonomy":"product_cat","embeddable":true,"href":"https:\/\/aromasentia.com\/no\/wp-json\/wp\/v2\/product_cat?post=206331"},{"taxonomy":"product_tag","embeddable":true,"href":"https:\/\/aromasentia.com\/no\/wp-json\/wp\/v2\/product_tag?post=206331"}],"curies":[{"name":"wp","href":"https:\/\/api.w.org\/{rel}","templated":true}]}}