{"id":206321,"date":"2025-03-21T11:19:05","date_gmt":"2025-03-21T11:19:05","guid":{"rendered":"https:\/\/aromasentia.com\/product\/votive-candle-velvet-moon\/"},"modified":"2025-05-31T02:52:36","modified_gmt":"2025-05-31T02:52:36","slug":"votive-lys-duftlys-velvet-moon","status":"publish","type":"product","link":"https:\/\/aromasentia.com\/no\/votive-lys-duftlys-velvet-moon\/","title":{"rendered":"Votive Lys Duftlys &#8211; Velvet Moon"},"content":{"rendered":"<p>Vi er stolte av \u00e5 introdusere en ny serie med <strong>&nbsp;Soyab\u00f8nnevokslys<\/strong> som er laget av hydrogenert soyab\u00f8nneolje og fri for syntetisk voks eller parafin.<\/p>\n<p><strong>Aroma Sentia-ping Votive Candles &#8211; Velvet Moon&nbsp;<\/strong>helles for h\u00e5nd i en hvit glasskrukke som kan brukes om igjen, med et s\u00f8lvlokk. De kommer i en <strong>fargerik gaveeske.<\/strong><\/p>\n<p>Disse lysene er laget med en h\u00f8y konsentrasjon av <strong>duftoljer<\/strong> og bruker kun <strong>naturlig soyavoks<\/strong>.<\/p>\n<p>Oppgrader din og kundens levetid for lyset. Soyavoks er et perfekt<strong>&nbsp;milj\u00f8vennlig<\/strong> alternativ. Det er s\u00e5 mye renere og mer naturlig enn parafinlys. Litt dyrere, men verdt det. Soyab\u00f8nnelys i glass brenner mye bedre og etterlater minimale voksrester.<\/p>\n<p><span style=\"color: rgb(209, 72, 65);\"><strong>Designet for \u00e5 v\u00e6re en flott og omsorgsfull gave. Hvis du videreselger lys, b\u00f8r du absolutt vurdere \u00e5 legge dem til i portef\u00f8ljen din.<\/strong><\/span><\/p>\n","protected":false},"excerpt":{"rendered":"<p>Vi er stolte av \u00e5 introdusere en ny serie med &nbsp;Soyab\u00f8nnevokslys som er laget av hydrogenert soyab\u00f8nneolje og fri for syntetisk voks eller parafin. Aroma Sentia-ping Votive Candles &#8211; Velvet Moon&nbsp;helles for h\u00e5nd i en hvit glasskrukke som kan brukes om igjen, med et s\u00f8lvlokk. De kommer i en fargerik gaveeske. Disse lysene er laget [&hellip;]<\/p>\n","protected":false},"featured_media":303184,"comment_status":"closed","ping_status":"open","template":"","meta":[],"product_brand":[27083],"product_cat":[9270,9274],"product_tag":[],"class_list":{"0":"post-206321","1":"product","2":"type-product","3":"status-publish","4":"has-post-thumbnail","6":"product_brand-agnes-and-cat","7":"product_cat-lysestaker-og-stearinlys","8":"product_cat-soyavokslys","9":"pa_collection-votive-glass-jar-candles-200-ml-no","10":"pa_made-in-kina","12":"first","13":"outofstock","14":"purchasable","15":"product-type-simple"},"supplier_id":null,"supplier_sku":"ACVC-13","barcode":null,"atum_controlled":true,"out_stock_date":"2026-02-04 12:54:15","out_stock_threshold":null,"inheritable":false,"inbound_stock":null,"stock_on_hold":0,"sold_today":0,"sales_last_days":0,"reserved_stock":null,"customer_returns":null,"warehouse_damage":null,"lost_in_post":null,"other_logs":null,"out_stock_days":0,"lost_sales":0,"has_location":null,"update_date":"2026-02-04T12:54:18","atum_locations":[],"atum_stock_status":"outofstock","restock_status":false,"low_stock_amount":"","sales_update_date":"2025-10-09T03:22:47","calc_backorders":null,"_links":{"self":[{"href":"https:\/\/aromasentia.com\/no\/wp-json\/wp\/v2\/product\/206321","targetHints":{"allow":["GET"]}}],"collection":[{"href":"https:\/\/aromasentia.com\/no\/wp-json\/wp\/v2\/product"}],"about":[{"href":"https:\/\/aromasentia.com\/no\/wp-json\/wp\/v2\/types\/product"}],"replies":[{"embeddable":true,"href":"https:\/\/aromasentia.com\/no\/wp-json\/wp\/v2\/comments?post=206321"}],"version-history":[{"count":0,"href":"https:\/\/aromasentia.com\/no\/wp-json\/wp\/v2\/product\/206321\/revisions"}],"wp:featuredmedia":[{"embeddable":true,"href":"https:\/\/aromasentia.com\/no\/wp-json\/wp\/v2\/media\/303184"}],"wp:attachment":[{"href":"https:\/\/aromasentia.com\/no\/wp-json\/wp\/v2\/media?parent=206321"}],"wp:term":[{"taxonomy":"product_brand","embeddable":true,"href":"https:\/\/aromasentia.com\/no\/wp-json\/wp\/v2\/product_brand?post=206321"},{"taxonomy":"product_cat","embeddable":true,"href":"https:\/\/aromasentia.com\/no\/wp-json\/wp\/v2\/product_cat?post=206321"},{"taxonomy":"product_tag","embeddable":true,"href":"https:\/\/aromasentia.com\/no\/wp-json\/wp\/v2\/product_tag?post=206321"}],"curies":[{"name":"wp","href":"https:\/\/api.w.org\/{rel}","templated":true}]}}