{"id":206310,"date":"2025-03-21T11:19:54","date_gmt":"2025-03-21T11:19:54","guid":{"rendered":"https:\/\/aromasentia.com\/product\/ancient-witch-purification-candles-locked-desires\/"},"modified":"2025-05-31T02:51:48","modified_gmt":"2025-05-31T02:51:48","slug":"ancient-witch-renselse-locked-desires","status":"publish","type":"product","link":"https:\/\/aromasentia.com\/no\/ancient-witch-renselse-locked-desires\/","title":{"rendered":"Ancient Witch Renselse &#8211; Locked Desires"},"content":{"rendered":"<p><span style=\"color: rgb(75, 80, 88);\">Lagd for \u00e5 vekke \u00f8nsker og frigj\u00f8re energien inni deg. Dette lyset er tilsatt den potente essensen av <strong>rosmarin eterisk olje<\/strong>, og er ideelt for heksekunst som krever fokus, intensjon og \u00e5ndelig aktivering. Rosmarin, kjent for sin klarhets- og beskyttelsesevne, renser sinnet og gir rom for manifestasjon og jakten p\u00e5 langvarige ambisjoner.<\/span><\/p>\n<p><span style=\"color: rgb(75, 80, 88);\">Flaggermusen innelukket i et bur symboliserer bundet begj\u00e6r som venter p\u00e5 \u00e5 bli l\u00f8slatt. Mens lyset brenner, visualiser bur\u00e5pningen, som setter intensjonene dine fri til \u00e5 stige. La manifestasjonslyset veilede deg mens du kanaliserer energi mot \u00e5 manifestere dine sanneste \u00f8nsker og l\u00e5se opp potensialet i deg.<\/span><\/p>\n<p><span style=\"color: rgb(75, 80, 88);\"><strong>Din trylleformel:<\/strong><\/span><\/p>\n<p><span style=\"color: rgb(75, 80, 88);\"><em>&laquo;Rosemarys kraft, l\u00e5s opp d\u00f8ren, avsl\u00f8r mine dr\u00f8mmer for alltid. Burbegj\u00e6r, ta av, oppst\u00e5, avsl\u00f8r mine \u00f8nsker foran \u00f8ynene mine.&raquo;<\/em><\/span><\/p>\n<p><span style=\"color: rgb(75, 80, 88);\"><strong>Brennetid p\u00e5 opptil 50 timer.<\/strong><\/span><\/p>\n","protected":false},"excerpt":{"rendered":"<p>Lagd for \u00e5 vekke \u00f8nsker og frigj\u00f8re energien inni deg. Dette lyset er tilsatt den potente essensen av rosmarin eterisk olje, og er ideelt for heksekunst som krever fokus, intensjon og \u00e5ndelig aktivering. Rosmarin, kjent for sin klarhets- og beskyttelsesevne, renser sinnet og gir rom for manifestasjon og jakten p\u00e5 langvarige ambisjoner. Flaggermusen innelukket i [&hellip;]<\/p>\n","protected":false},"featured_media":304348,"comment_status":"closed","ping_status":"open","template":"","meta":{"_angie_page":false},"product_brand":[],"product_cat":[9273,9270,9274],"product_tag":[],"class_list":{"0":"post-206310","1":"product","2":"type-product","3":"status-publish","4":"has-post-thumbnail","6":"product_cat-duftlys","7":"product_cat-lysestaker-og-stearinlys","8":"product_cat-soyavokslys","9":"pa_collection-botanical-wooden-wick-soy-candle-no","10":"pa_made-in-kina","12":"first","13":"instock","14":"purchasable","15":"product-type-simple"},"supplier_id":null,"supplier_sku":"AWtPC-05","barcode":null,"atum_controlled":true,"out_stock_date":null,"out_stock_threshold":null,"inheritable":false,"inbound_stock":null,"stock_on_hold":0,"sold_today":0,"sales_last_days":0,"reserved_stock":null,"customer_returns":null,"warehouse_damage":null,"lost_in_post":null,"other_logs":null,"out_stock_days":0,"lost_sales":0,"has_location":null,"update_date":"2026-05-04T00:02:50","atum_locations":[],"atum_stock_status":"instock","restock_status":false,"low_stock_amount":"","sales_update_date":"2025-10-09T03:24:52","calc_backorders":null,"_links":{"self":[{"href":"https:\/\/aromasentia.com\/no\/wp-json\/wp\/v2\/product\/206310","targetHints":{"allow":["GET"]}}],"collection":[{"href":"https:\/\/aromasentia.com\/no\/wp-json\/wp\/v2\/product"}],"about":[{"href":"https:\/\/aromasentia.com\/no\/wp-json\/wp\/v2\/types\/product"}],"replies":[{"embeddable":true,"href":"https:\/\/aromasentia.com\/no\/wp-json\/wp\/v2\/comments?post=206310"}],"version-history":[{"count":0,"href":"https:\/\/aromasentia.com\/no\/wp-json\/wp\/v2\/product\/206310\/revisions"}],"wp:featuredmedia":[{"embeddable":true,"href":"https:\/\/aromasentia.com\/no\/wp-json\/wp\/v2\/media\/304348"}],"wp:attachment":[{"href":"https:\/\/aromasentia.com\/no\/wp-json\/wp\/v2\/media?parent=206310"}],"wp:term":[{"taxonomy":"product_brand","embeddable":true,"href":"https:\/\/aromasentia.com\/no\/wp-json\/wp\/v2\/product_brand?post=206310"},{"taxonomy":"product_cat","embeddable":true,"href":"https:\/\/aromasentia.com\/no\/wp-json\/wp\/v2\/product_cat?post=206310"},{"taxonomy":"product_tag","embeddable":true,"href":"https:\/\/aromasentia.com\/no\/wp-json\/wp\/v2\/product_tag?post=206310"}],"curies":[{"name":"wp","href":"https:\/\/api.w.org\/{rel}","templated":true}]}}