{"id":206302,"date":"2025-03-21T11:19:54","date_gmt":"2025-03-21T11:19:54","guid":{"rendered":"https:\/\/aromasentia.com\/product\/art-tin-candle-parisian-weekend\/"},"modified":"2025-05-31T02:51:03","modified_gmt":"2025-05-31T02:51:03","slug":"duftlys-i-tinnboks-parisian-weekend","status":"publish","type":"product","link":"https:\/\/aromasentia.com\/no\/duftlys-i-tinnboks-parisian-weekend\/","title":{"rendered":"Duftlys i Tinnboks &#8211; Parisian Weekend"},"content":{"rendered":"<p>V\u00e5re engros tinnlys er laget med naturlig soyavoks og en blanding av parfymeoljer av h\u00f8y kvalitet.nbsp;<\/p>\n<p>Soyavokslys er et flott milj\u00f8vennlig alternativ til parafinlys. Valget v\u00e5rt om \u00e5 bruke soyavoks var en enkel avgj\u00f8relse: Soyalys gir en vakker duft og er bedre for planeten. Soyalys brenner ogs\u00e5 30-50 % lenger og inneholder ikke de samme giftstoffene som parafinlys. V\u00e5re 100 % naturlige stearinlys produserer ogs\u00e5 95 % mindre sot!<\/p>\n<p>Presenteres i vakre bokser med kunsttrykk og nydelig topptekst. Store 120 g. Soyavoks. Selges i eske med 6 lys med 3 forskjellige design for hvert tema.<\/p>\n<p>Alle lysene v\u00e5re bruker naturlige produkter og er ikke testet p\u00e5 dyr, noe som betyr at de er veganske.<\/p>\n<p>Du kan ogs\u00e5 gjenbruke eller resirkulere alle emballasjene v\u00e5re! Disse lysene brenner i opptil 23 timer og kommer med sine egne pleieinstruksjoner for \u00e5 hjelpe deg med \u00e5 f\u00e5 mest mulig ut av lyset ditt fra topp til bunn.<\/p>\n<p>\n","protected":false},"excerpt":{"rendered":"<p>V\u00e5re engros tinnlys er laget med naturlig soyavoks og en blanding av parfymeoljer av h\u00f8y kvalitet.nbsp; Soyavokslys er et flott milj\u00f8vennlig alternativ til parafinlys. Valget v\u00e5rt om \u00e5 bruke soyavoks var en enkel avgj\u00f8relse: Soyalys gir en vakker duft og er bedre for planeten. Soyalys brenner ogs\u00e5 30-50 % lenger og inneholder ikke de samme [&hellip;]<\/p>\n","protected":false},"featured_media":303996,"comment_status":"closed","ping_status":"open","template":"","meta":[],"product_brand":[],"product_cat":[9273,9270,9274],"product_tag":[],"class_list":{"0":"post-206302","1":"product","2":"type-product","3":"status-publish","4":"has-post-thumbnail","6":"product_cat-duftlys","7":"product_cat-lysestaker-og-stearinlys","8":"product_cat-soyavokslys","9":"pa_collection-art-tin-candles-no","10":"pa_made-in-kina","12":"first","13":"instock","14":"purchasable","15":"product-type-simple"},"supplier_id":null,"supplier_sku":"ATC-06","barcode":null,"atum_controlled":true,"out_stock_date":null,"out_stock_threshold":null,"inheritable":false,"inbound_stock":null,"stock_on_hold":0,"sold_today":0,"sales_last_days":0,"reserved_stock":null,"customer_returns":null,"warehouse_damage":null,"lost_in_post":null,"other_logs":null,"out_stock_days":0,"lost_sales":0,"has_location":null,"update_date":"2026-01-30T01:26:04","atum_locations":[],"atum_stock_status":"instock","restock_status":false,"low_stock_amount":"","sales_update_date":"2026-01-30T01:26:04","calc_backorders":null,"_links":{"self":[{"href":"https:\/\/aromasentia.com\/no\/wp-json\/wp\/v2\/product\/206302","targetHints":{"allow":["GET"]}}],"collection":[{"href":"https:\/\/aromasentia.com\/no\/wp-json\/wp\/v2\/product"}],"about":[{"href":"https:\/\/aromasentia.com\/no\/wp-json\/wp\/v2\/types\/product"}],"replies":[{"embeddable":true,"href":"https:\/\/aromasentia.com\/no\/wp-json\/wp\/v2\/comments?post=206302"}],"version-history":[{"count":0,"href":"https:\/\/aromasentia.com\/no\/wp-json\/wp\/v2\/product\/206302\/revisions"}],"wp:featuredmedia":[{"embeddable":true,"href":"https:\/\/aromasentia.com\/no\/wp-json\/wp\/v2\/media\/303996"}],"wp:attachment":[{"href":"https:\/\/aromasentia.com\/no\/wp-json\/wp\/v2\/media?parent=206302"}],"wp:term":[{"taxonomy":"product_brand","embeddable":true,"href":"https:\/\/aromasentia.com\/no\/wp-json\/wp\/v2\/product_brand?post=206302"},{"taxonomy":"product_cat","embeddable":true,"href":"https:\/\/aromasentia.com\/no\/wp-json\/wp\/v2\/product_cat?post=206302"},{"taxonomy":"product_tag","embeddable":true,"href":"https:\/\/aromasentia.com\/no\/wp-json\/wp\/v2\/product_tag?post=206302"}],"curies":[{"name":"wp","href":"https:\/\/api.w.org\/{rel}","templated":true}]}}