{"id":206291,"date":"2025-03-21T11:19:54","date_gmt":"2025-03-21T11:19:54","guid":{"rendered":"https:\/\/aromasentia.com\/product\/large-botanical-candles-marsh-violet\/"},"modified":"2025-05-31T02:50:19","modified_gmt":"2025-05-31T02:50:19","slug":"store-botaniske-stearinlys-marsh-violet","status":"publish","type":"product","link":"https:\/\/aromasentia.com\/no\/store-botaniske-stearinlys-marsh-violet\/","title":{"rendered":"Store Botaniske Stearinlys &#8211; Marsh Violet"},"content":{"rendered":"<p><strong><span style=\"color: rgb(75, 80, 88);\">Stor botanisk hage &#8211; Marsh Viola<\/span><\/strong><\/p>\n<p><span style=\"color: rgb(75, 80, 88);\"><strong>Botaniske lys&nbsp;<\/strong>er laget med soyab\u00f8nnevoks, som er en fornybar ressurs og 3 % duftolje. Det brenner lenger enn de fleste parafinvokslys og har en ren, nesten r\u00f8ykfri flamme.&nbsp;<\/span><\/p>\n<p><span style=\"color: rgb(75, 80, 88);\">Botaniske lys leveres i runde keramiske krukker som kan brukes om igjen,&nbsp;er strekkodet og er pent pakket i en presentasjonseske. Hvert lys inneholder en treveke i stedet for en tradisjonell veke<\/span><\/p>\n<p><span style=\"color: rgb(75, 80, 88);\">Merknad: La aldri et brennende lys v\u00e6re uten tilsyn. Brenn lyset utilgjengelig for barn og kj\u00e6ledyr. La det alltid v\u00e6re minst 10 cm mellom brennende lys. Ikke brenn lyset p\u00e5 eller i n\u00e6rheten av noe som kan ta fyr.<\/span><\/p>\n<p><span style=\"color: rgb(75, 80, 88);\">St\u00f8rrelse: Diameter 8 cm, H\u00f8yde 7,5 cm, Vekt 430 g<\/span><\/p>\n<p><span style=\"color: rgb(75, 80, 88);\">Brennetid 30 timer<\/span><\/p>\n","protected":false},"excerpt":{"rendered":"<p>Stor botanisk hage &#8211; Marsh Viola Botaniske lys&nbsp;er laget med soyab\u00f8nnevoks, som er en fornybar ressurs og 3 % duftolje. Det brenner lenger enn de fleste parafinvokslys og har en ren, nesten r\u00f8ykfri flamme.&nbsp; Botaniske lys leveres i runde keramiske krukker som kan brukes om igjen,&nbsp;er strekkodet og er pent pakket i en presentasjonseske. Hvert [&hellip;]<\/p>\n","protected":false},"featured_media":304746,"comment_status":"closed","ping_status":"open","template":"","meta":{"_angie_page":false},"product_brand":[27096],"product_cat":[9273,9270,9274],"product_tag":[],"class_list":{"0":"post-206291","1":"product","2":"type-product","3":"status-publish","4":"has-post-thumbnail","6":"product_brand-ancient-wisdom","7":"product_cat-duftlys","8":"product_cat-lysestaker-og-stearinlys","9":"product_cat-soyavokslys","10":"pa_collection-botanical-wooden-wick-soy-candle-no","11":"pa_made-in-kina","13":"first","14":"instock","15":"purchasable","16":"product-type-simple"},"supplier_id":null,"supplier_sku":"BotC-06","barcode":null,"atum_controlled":true,"out_stock_date":null,"out_stock_threshold":null,"inheritable":false,"inbound_stock":null,"stock_on_hold":0,"sold_today":0,"sales_last_days":0,"reserved_stock":null,"customer_returns":null,"warehouse_damage":null,"lost_in_post":null,"other_logs":null,"out_stock_days":0,"lost_sales":0,"has_location":null,"update_date":"2026-04-27T06:55:25","atum_locations":[],"atum_stock_status":"instock","restock_status":false,"low_stock_amount":"","sales_update_date":"2026-02-06T00:01:31","calc_backorders":null,"_links":{"self":[{"href":"https:\/\/aromasentia.com\/no\/wp-json\/wp\/v2\/product\/206291","targetHints":{"allow":["GET"]}}],"collection":[{"href":"https:\/\/aromasentia.com\/no\/wp-json\/wp\/v2\/product"}],"about":[{"href":"https:\/\/aromasentia.com\/no\/wp-json\/wp\/v2\/types\/product"}],"replies":[{"embeddable":true,"href":"https:\/\/aromasentia.com\/no\/wp-json\/wp\/v2\/comments?post=206291"}],"version-history":[{"count":0,"href":"https:\/\/aromasentia.com\/no\/wp-json\/wp\/v2\/product\/206291\/revisions"}],"wp:featuredmedia":[{"embeddable":true,"href":"https:\/\/aromasentia.com\/no\/wp-json\/wp\/v2\/media\/304746"}],"wp:attachment":[{"href":"https:\/\/aromasentia.com\/no\/wp-json\/wp\/v2\/media?parent=206291"}],"wp:term":[{"taxonomy":"product_brand","embeddable":true,"href":"https:\/\/aromasentia.com\/no\/wp-json\/wp\/v2\/product_brand?post=206291"},{"taxonomy":"product_cat","embeddable":true,"href":"https:\/\/aromasentia.com\/no\/wp-json\/wp\/v2\/product_cat?post=206291"},{"taxonomy":"product_tag","embeddable":true,"href":"https:\/\/aromasentia.com\/no\/wp-json\/wp\/v2\/product_tag?post=206291"}],"curies":[{"name":"wp","href":"https:\/\/api.w.org\/{rel}","templated":true}]}}