{"id":206280,"date":"2025-03-21T11:21:45","date_gmt":"2025-03-21T11:21:45","guid":{"rendered":"https:\/\/aromasentia.com\/product\/centrepiece-iron-votive-candle-holder-5-cup-ledge\/"},"modified":"2025-05-31T02:49:38","modified_gmt":"2025-05-31T02:49:38","slug":"lysestake-i-jern-5-kopper-med-kant","status":"publish","type":"product","link":"https:\/\/aromasentia.com\/no\/lysestake-i-jern-5-kopper-med-kant\/","title":{"rendered":"Lysestake I Jern &#8211; 5 Kopper med Kant"},"content":{"rendered":"<p>St\u00f8rrelse p\u00e5 lysestaken: Lengde: 48,5 Bredde: 8,5 cm, H\u00f8yde 7 cm<\/p>\n<p>St\u00f8rrelse p\u00e5 glasset: Diameter 6,5 cm, H\u00f8yde 6 cm<\/p>\n","protected":false},"excerpt":{"rendered":"<p>St\u00f8rrelse p\u00e5 lysestaken: Lengde: 48,5 Bredde: 8,5 cm, H\u00f8yde 7 cm St\u00f8rrelse p\u00e5 glasset: Diameter 6,5 cm, H\u00f8yde 6 cm<\/p>\n","protected":false},"featured_media":305411,"comment_status":"closed","ping_status":"open","template":"","meta":{"_angie_page":false},"product_brand":[],"product_cat":[9277,9270],"product_tag":[],"class_list":{"0":"post-206280","1":"product","2":"type-product","3":"status-publish","4":"has-post-thumbnail","6":"product_cat-lysestaker","7":"product_cat-lysestaker-og-stearinlys","8":"pa_collection-centerpiece-iron-votive-candle-holders-no","9":"pa_made-in-kina","11":"first","12":"outofstock","13":"purchasable","14":"product-type-simple"},"supplier_id":null,"supplier_sku":"CIVCH-07","barcode":null,"atum_controlled":true,"out_stock_date":"2025-09-04 22:19:58","out_stock_threshold":null,"inheritable":false,"inbound_stock":null,"stock_on_hold":0,"sold_today":0,"sales_last_days":0,"reserved_stock":null,"customer_returns":null,"warehouse_damage":null,"lost_in_post":null,"other_logs":null,"out_stock_days":34,"lost_sales":0,"has_location":null,"update_date":"2026-04-27T06:57:36","atum_locations":[],"atum_stock_status":"outofstock","restock_status":false,"low_stock_amount":"","sales_update_date":"2025-10-09T03:28:08","calc_backorders":null,"_links":{"self":[{"href":"https:\/\/aromasentia.com\/no\/wp-json\/wp\/v2\/product\/206280","targetHints":{"allow":["GET"]}}],"collection":[{"href":"https:\/\/aromasentia.com\/no\/wp-json\/wp\/v2\/product"}],"about":[{"href":"https:\/\/aromasentia.com\/no\/wp-json\/wp\/v2\/types\/product"}],"replies":[{"embeddable":true,"href":"https:\/\/aromasentia.com\/no\/wp-json\/wp\/v2\/comments?post=206280"}],"version-history":[{"count":0,"href":"https:\/\/aromasentia.com\/no\/wp-json\/wp\/v2\/product\/206280\/revisions"}],"wp:featuredmedia":[{"embeddable":true,"href":"https:\/\/aromasentia.com\/no\/wp-json\/wp\/v2\/media\/305411"}],"wp:attachment":[{"href":"https:\/\/aromasentia.com\/no\/wp-json\/wp\/v2\/media?parent=206280"}],"wp:term":[{"taxonomy":"product_brand","embeddable":true,"href":"https:\/\/aromasentia.com\/no\/wp-json\/wp\/v2\/product_brand?post=206280"},{"taxonomy":"product_cat","embeddable":true,"href":"https:\/\/aromasentia.com\/no\/wp-json\/wp\/v2\/product_cat?post=206280"},{"taxonomy":"product_tag","embeddable":true,"href":"https:\/\/aromasentia.com\/no\/wp-json\/wp\/v2\/product_tag?post=206280"}],"curies":[{"name":"wp","href":"https:\/\/api.w.org\/{rel}","templated":true}]}}