{"id":206277,"date":"2025-03-21T11:21:45","date_gmt":"2025-03-21T11:21:45","guid":{"rendered":"https:\/\/aromasentia.com\/product\/centrepiece-iron-votive-candle-holder-3-cup-triangle\/"},"modified":"2025-05-31T02:49:29","modified_gmt":"2025-05-31T02:49:29","slug":"lysestake-i-jern-3-kopper-triangel","status":"publish","type":"product","link":"https:\/\/aromasentia.com\/no\/lysestake-i-jern-3-kopper-triangel\/","title":{"rendered":"Lysestake I Jern &#8211; 3 Kopper Triangel"},"content":{"rendered":"<p>St\u00f8rrelse p\u00e5 lysestaken: Lengde: 22 Bredde: 7,5 cm, H\u00f8yde 21 cm<\/p>\n<p><\/p>\n<p>St\u00f8rrelse p\u00e5 glasset: Diameter 6,5 cm, H\u00f8yde 6 cm<\/p>\n","protected":false},"excerpt":{"rendered":"<p>St\u00f8rrelse p\u00e5 lysestaken: Lengde: 22 Bredde: 7,5 cm, H\u00f8yde 21 cm St\u00f8rrelse p\u00e5 glasset: Diameter 6,5 cm, H\u00f8yde 6 cm<\/p>\n","protected":false},"featured_media":305328,"comment_status":"closed","ping_status":"open","template":"","meta":[],"product_brand":[],"product_cat":[9277,9270],"product_tag":[],"class_list":{"0":"post-206277","1":"product","2":"type-product","3":"status-publish","4":"has-post-thumbnail","6":"product_cat-lysestaker","7":"product_cat-lysestaker-og-stearinlys","8":"pa_collection-centerpiece-iron-votive-candle-holders-no","9":"pa_made-in-kina","11":"first","12":"outofstock","13":"purchasable","14":"product-type-simple"},"supplier_id":null,"supplier_sku":"CIVCH-04","barcode":null,"atum_controlled":true,"out_stock_date":"2025-11-04 22:37:42","out_stock_threshold":null,"inheritable":false,"inbound_stock":null,"stock_on_hold":0,"sold_today":0,"sales_last_days":0,"reserved_stock":null,"customer_returns":null,"warehouse_damage":null,"lost_in_post":null,"other_logs":null,"out_stock_days":93,"lost_sales":0,"has_location":null,"update_date":"2026-02-06T00:00:53","atum_locations":[],"atum_stock_status":"outofstock","restock_status":false,"low_stock_amount":"","sales_update_date":"2026-02-06T00:00:53","calc_backorders":null,"_links":{"self":[{"href":"https:\/\/aromasentia.com\/no\/wp-json\/wp\/v2\/product\/206277","targetHints":{"allow":["GET"]}}],"collection":[{"href":"https:\/\/aromasentia.com\/no\/wp-json\/wp\/v2\/product"}],"about":[{"href":"https:\/\/aromasentia.com\/no\/wp-json\/wp\/v2\/types\/product"}],"replies":[{"embeddable":true,"href":"https:\/\/aromasentia.com\/no\/wp-json\/wp\/v2\/comments?post=206277"}],"version-history":[{"count":0,"href":"https:\/\/aromasentia.com\/no\/wp-json\/wp\/v2\/product\/206277\/revisions"}],"wp:featuredmedia":[{"embeddable":true,"href":"https:\/\/aromasentia.com\/no\/wp-json\/wp\/v2\/media\/305328"}],"wp:attachment":[{"href":"https:\/\/aromasentia.com\/no\/wp-json\/wp\/v2\/media?parent=206277"}],"wp:term":[{"taxonomy":"product_brand","embeddable":true,"href":"https:\/\/aromasentia.com\/no\/wp-json\/wp\/v2\/product_brand?post=206277"},{"taxonomy":"product_cat","embeddable":true,"href":"https:\/\/aromasentia.com\/no\/wp-json\/wp\/v2\/product_cat?post=206277"},{"taxonomy":"product_tag","embeddable":true,"href":"https:\/\/aromasentia.com\/no\/wp-json\/wp\/v2\/product_tag?post=206277"}],"curies":[{"name":"wp","href":"https:\/\/api.w.org\/{rel}","templated":true}]}}