{"id":206272,"date":"2025-03-21T11:21:45","date_gmt":"2025-03-21T11:21:45","guid":{"rendered":"https:\/\/aromasentia.com\/product\/candle-holder-sign-welcome\/"},"modified":"2025-05-31T02:49:14","modified_gmt":"2025-05-31T02:49:14","slug":"lysestakerskilt-velkommen","status":"publish","type":"product","link":"https:\/\/aromasentia.com\/no\/lysestakerskilt-velkommen\/","title":{"rendered":"Lysestakerskilt &#8211; Velkommen"},"content":{"rendered":"<p><span style=\"color: rgb(75, 80, 88);\">La kundene dine lage en vakker utstilling med disse <strong>trelysestakene<\/strong> med <strong>Velkomst<\/strong>. Flott for \u00e5 skape en perfekt koselig atmosf\u00e6re. Med naturlig brunt treverk og et enkelt utsk\u00e5ret design som passer til alle typer interi\u00f8r.<\/span><\/p>\n<p><span style=\"color: rgb(75, 80, 88);\">Kj\u00e6rlig h\u00e5ndlaget i Indonesia av h\u00e5ndverkere. Laget med en solid base og med et lite utsk\u00e5ret rom for ett telys.<\/span><\/p>\n<p><span style=\"color: rgb(75, 80, 88);\">N\u00e5r lyset er tent og plassert p\u00e5 lysholderen, vil alt skape en hyggelig og varm atmosf\u00e6re.<\/span><\/p>\n<p><span style=\"color: rgb(75, 80, 88);\"><strong>MERK: P\u00e5 grunn av naturlige materialer kan sm\u00e5 variasjoner og ufullkommenheter forekomme.<\/strong><\/span><\/p>\n<p><span style=\"color: rgb(141, 186, 216);\"><strong>Gled kundene dine med disse vakre lysestakene, bestill n\u00e5.<\/strong><\/span><\/p>\n","protected":false},"excerpt":{"rendered":"<p>La kundene dine lage en vakker utstilling med disse trelysestakene med Velkomst. Flott for \u00e5 skape en perfekt koselig atmosf\u00e6re. Med naturlig brunt treverk og et enkelt utsk\u00e5ret design som passer til alle typer interi\u00f8r. Kj\u00e6rlig h\u00e5ndlaget i Indonesia av h\u00e5ndverkere. Laget med en solid base og med et lite utsk\u00e5ret rom for ett telys. [&hellip;]<\/p>\n","protected":false},"featured_media":305235,"comment_status":"closed","ping_status":"open","template":"","meta":{"_angie_page":false},"product_brand":[],"product_cat":[9277,9270],"product_tag":[],"class_list":{"0":"post-206272","1":"product","2":"type-product","3":"status-publish","4":"has-post-thumbnail","6":"product_cat-lysestaker","7":"product_cat-lysestaker-og-stearinlys","8":"pa_collection-candle-holder-signs-no","9":"pa_made-in-indonesia","11":"first","12":"instock","13":"purchasable","14":"product-type-simple"},"supplier_id":null,"supplier_sku":"CHS-04","barcode":null,"atum_controlled":true,"out_stock_date":null,"out_stock_threshold":null,"inheritable":false,"inbound_stock":null,"stock_on_hold":0,"sold_today":0,"sales_last_days":0,"reserved_stock":null,"customer_returns":null,"warehouse_damage":null,"lost_in_post":null,"other_logs":null,"out_stock_days":0,"lost_sales":0,"has_location":null,"update_date":"2026-04-27T06:57:22","atum_locations":[],"atum_stock_status":"instock","restock_status":false,"low_stock_amount":"","sales_update_date":"2026-01-30T01:24:50","calc_backorders":null,"_links":{"self":[{"href":"https:\/\/aromasentia.com\/no\/wp-json\/wp\/v2\/product\/206272","targetHints":{"allow":["GET"]}}],"collection":[{"href":"https:\/\/aromasentia.com\/no\/wp-json\/wp\/v2\/product"}],"about":[{"href":"https:\/\/aromasentia.com\/no\/wp-json\/wp\/v2\/types\/product"}],"replies":[{"embeddable":true,"href":"https:\/\/aromasentia.com\/no\/wp-json\/wp\/v2\/comments?post=206272"}],"version-history":[{"count":0,"href":"https:\/\/aromasentia.com\/no\/wp-json\/wp\/v2\/product\/206272\/revisions"}],"wp:featuredmedia":[{"embeddable":true,"href":"https:\/\/aromasentia.com\/no\/wp-json\/wp\/v2\/media\/305235"}],"wp:attachment":[{"href":"https:\/\/aromasentia.com\/no\/wp-json\/wp\/v2\/media?parent=206272"}],"wp:term":[{"taxonomy":"product_brand","embeddable":true,"href":"https:\/\/aromasentia.com\/no\/wp-json\/wp\/v2\/product_brand?post=206272"},{"taxonomy":"product_cat","embeddable":true,"href":"https:\/\/aromasentia.com\/no\/wp-json\/wp\/v2\/product_cat?post=206272"},{"taxonomy":"product_tag","embeddable":true,"href":"https:\/\/aromasentia.com\/no\/wp-json\/wp\/v2\/product_tag?post=206272"}],"curies":[{"name":"wp","href":"https:\/\/api.w.org\/{rel}","templated":true}]}}