{"id":206267,"date":"2025-03-21T11:21:45","date_gmt":"2025-03-21T11:21:45","guid":{"rendered":"https:\/\/aromasentia.com\/product\/chakra-crystal-candles-crown-chakra\/"},"modified":"2025-05-31T02:48:59","modified_gmt":"2025-05-31T02:48:59","slug":"chakra-krystallyss-kronechakra","status":"publish","type":"product","link":"https:\/\/aromasentia.com\/no\/chakra-krystallyss-kronechakra\/","title":{"rendered":"Chakra Krystallyss &#8211; Kronechakra"},"content":{"rendered":"<p><span style=\"color: rgb(75, 80, 88);\"><strong>Opplev kraften i helbredelse med dette chakrakrystalllyset.<\/strong><\/span><\/p>\n<p><span style=\"color: rgb(75, 80, 88);\">Laget med ekte <strong>edelstener, helt naturlig soyavoks, spesialblandet parfyme<\/strong> og <strong>magiske treveker.<\/strong><\/span><\/p>\n<p><span style=\"color: rgb(75, 80, 88);\"><strong>Koble deg til h\u00f8yere bevissthet og \u00e5ndelig opplysning gjennom v\u00e5rt kronechakrakrystalllys<\/strong>. Gjennomsyret av *celestitt* og *selenitt*, resonerer det med essensen av kronechakraet.<\/span><\/p>\n<p><span style=\"color: rgb(75, 80, 88);\">Den forfriskende duften av *Ocean Breeze* l\u00f8fter hum\u00f8ret ditt.<\/span><\/p>\n<p><span style=\"color: rgb(75, 80, 88);\">Esken formidler visdommen, <strong>\u00abI hvert \u00f8yeblikk hvisker universet til deg.\u00bb<\/strong> Tenn dette lyset for \u00e5 f\u00e5 tilgang til guddommelig visdom, overskride jordiske bekymringer og oppleve \u00e5ndelig transcendens.<\/span><\/p>\n<p><span style=\"color: rgb(75, 80, 88);\">N\u00e5r du tenner lyset, vil du f\u00f8le den helbredende energien fra krystallene og den beroligende duften av den spesialblandede aromaen.<\/span><\/p>\n<p><span style=\"color: rgb(75, 80, 88);\"><strong>Etter brenning Med dette lyset kan krukken brukes om igjen, og du kan rengj\u00f8re og ta vare p\u00e5 bergkrystallene.<\/strong><\/span><\/p>\n<p><span style=\"color: rgb(75, 80, 88);\"><em>Brennetid: 17 timer<\/em><\/span><\/p>\n","protected":false},"excerpt":{"rendered":"<p>Opplev kraften i helbredelse med dette chakrakrystalllyset. Laget med ekte edelstener, helt naturlig soyavoks, spesialblandet parfyme og magiske treveker. Koble deg til h\u00f8yere bevissthet og \u00e5ndelig opplysning gjennom v\u00e5rt kronechakrakrystalllys. Gjennomsyret av *celestitt* og *selenitt*, resonerer det med essensen av kronechakraet. Den forfriskende duften av *Ocean Breeze* l\u00f8fter hum\u00f8ret ditt. Esken formidler visdommen, \u00abI hvert [&hellip;]<\/p>\n","protected":false},"featured_media":305126,"comment_status":"closed","ping_status":"open","template":"","meta":{"_angie_page":false},"product_brand":[],"product_cat":[9352,9270],"product_tag":[],"class_list":{"0":"post-206267","1":"product","2":"type-product","3":"status-publish","4":"has-post-thumbnail","6":"product_cat-lys-med-edelstener","7":"product_cat-lysestaker-og-stearinlys","8":"pa_collection-chakra-crystal-candle-root-chakra-no","9":"pa_made-in-kina","11":"first","12":"instock","13":"purchasable","14":"product-type-simple"},"supplier_id":null,"supplier_sku":"ChkCC-07","barcode":null,"atum_controlled":true,"out_stock_date":null,"out_stock_threshold":null,"inheritable":false,"inbound_stock":null,"stock_on_hold":0,"sold_today":0,"sales_last_days":0,"reserved_stock":null,"customer_returns":null,"warehouse_damage":null,"lost_in_post":null,"other_logs":null,"out_stock_days":0,"lost_sales":0,"has_location":null,"update_date":"2026-04-27T06:57:12","atum_locations":[],"atum_stock_status":"instock","restock_status":false,"low_stock_amount":"","sales_update_date":"2025-10-09T03:27:53","calc_backorders":null,"_links":{"self":[{"href":"https:\/\/aromasentia.com\/no\/wp-json\/wp\/v2\/product\/206267","targetHints":{"allow":["GET"]}}],"collection":[{"href":"https:\/\/aromasentia.com\/no\/wp-json\/wp\/v2\/product"}],"about":[{"href":"https:\/\/aromasentia.com\/no\/wp-json\/wp\/v2\/types\/product"}],"replies":[{"embeddable":true,"href":"https:\/\/aromasentia.com\/no\/wp-json\/wp\/v2\/comments?post=206267"}],"version-history":[{"count":0,"href":"https:\/\/aromasentia.com\/no\/wp-json\/wp\/v2\/product\/206267\/revisions"}],"wp:featuredmedia":[{"embeddable":true,"href":"https:\/\/aromasentia.com\/no\/wp-json\/wp\/v2\/media\/305126"}],"wp:attachment":[{"href":"https:\/\/aromasentia.com\/no\/wp-json\/wp\/v2\/media?parent=206267"}],"wp:term":[{"taxonomy":"product_brand","embeddable":true,"href":"https:\/\/aromasentia.com\/no\/wp-json\/wp\/v2\/product_brand?post=206267"},{"taxonomy":"product_cat","embeddable":true,"href":"https:\/\/aromasentia.com\/no\/wp-json\/wp\/v2\/product_cat?post=206267"},{"taxonomy":"product_tag","embeddable":true,"href":"https:\/\/aromasentia.com\/no\/wp-json\/wp\/v2\/product_tag?post=206267"}],"curies":[{"name":"wp","href":"https:\/\/api.w.org\/{rel}","templated":true}]}}