{"id":206263,"date":"2025-03-21T11:21:45","date_gmt":"2025-03-21T11:21:45","guid":{"rendered":"https:\/\/aromasentia.com\/product\/chakra-crystal-candles-solar-plexus-chakra\/"},"modified":"2025-05-31T02:48:21","modified_gmt":"2025-05-31T02:48:21","slug":"chakra-krystallyss-solar-plexus-chakra","status":"publish","type":"product","link":"https:\/\/aromasentia.com\/no\/chakra-krystallyss-solar-plexus-chakra\/","title":{"rendered":"Chakra Krystallyss &#8211; Solar Plexus Chakra"},"content":{"rendered":"<p><span style=\"color: rgb(75, 80, 88);\"><strong>Opplev kraften i helbredelse med dette chakrakrystalllyset.<\/strong><\/span><\/p>\n<p><span style=\"color: rgb(75, 80, 88);\">Laget med ekte edelstener, helt naturlig soyavoks, spesialblandet parfyme og magiske treveker.<\/strong><\/span><\/p>\n<p><span style=\"color: rgb(75, 80, 88);\">\u00d8v din personlige kraft og selvtillit med v\u00e5rt <strong>Solar Plexus<\/strong> <strong>chakrakrystalllys<\/strong>. Tilsatt ametyst og svart agat, legemliggj\u00f8r dette lyset essensen av solar plexus chakraet. <br \/><\/span><\/p>\n<p><span style=\"color: rgb(75, 80, 88);\">Duften \u00abDeep in the Forest\u00bb fremkaller mot og selvsikkerhet.<\/span><\/p>\n<p><span style=\"color: rgb(75, 80, 88);\">Esken b\u00e6rer det styrkende budskapet: <strong>\u00abIkke la deg styre av frykten i tankene dine, la deg lede av dr\u00f8mmene i hjertet ditt.\u00bb Tenn dette lyset for \u00e5 styrke selvtilliten din, utnytte din indre styrke og utstr\u00e5le selvtillit.<\/span><\/p>\n<p><span style=\"color: rgb(75, 80, 88);\">N\u00e5r du tenner lyset, vil du f\u00f8le den helbredende energien fra krystallene og den beroligende duften fra den spesialblandede aromaen.<\/span><\/p>\n<p><span style=\"color: rgb(75, 80, 88);\">Etter at du har brent dette lyset, kan krukken brukes om igjen, og du kan rengj\u00f8re og ta vare p\u00e5 bergkrystallene.<\/span><\/p>\n<p><span style=\"color: rgb(75, 80, 88);\"><em>Brennetid: 17 timer<\/em><\/span><\/p>\n","protected":false},"excerpt":{"rendered":"<p>Opplev kraften i helbredelse med dette chakrakrystalllyset. Laget med ekte edelstener, helt naturlig soyavoks, spesialblandet parfyme og magiske treveker. \u00d8v din personlige kraft og selvtillit med v\u00e5rt Solar Plexus chakrakrystalllys. Tilsatt ametyst og svart agat, legemliggj\u00f8r dette lyset essensen av solar plexus chakraet. Duften \u00abDeep in the Forest\u00bb fremkaller mot og selvsikkerhet. Esken b\u00e6rer det [&hellip;]<\/p>\n","protected":false},"featured_media":304962,"comment_status":"closed","ping_status":"open","template":"","meta":{"_angie_page":false},"product_brand":[],"product_cat":[9352,9270],"product_tag":[],"class_list":{"0":"post-206263","1":"product","2":"type-product","3":"status-publish","4":"has-post-thumbnail","6":"product_cat-lys-med-edelstener","7":"product_cat-lysestaker-og-stearinlys","8":"pa_collection-chakra-crystal-candle-root-chakra-no","9":"pa_made-in-kina","11":"first","12":"instock","13":"purchasable","14":"product-type-simple"},"supplier_id":null,"supplier_sku":"ChkCC-03","barcode":null,"atum_controlled":true,"out_stock_date":null,"out_stock_threshold":null,"inheritable":false,"inbound_stock":null,"stock_on_hold":0,"sold_today":0,"sales_last_days":0,"reserved_stock":null,"customer_returns":null,"warehouse_damage":null,"lost_in_post":null,"other_logs":null,"out_stock_days":0,"lost_sales":0,"has_location":null,"update_date":"2026-04-27T06:57:12","atum_locations":[],"atum_stock_status":"instock","restock_status":false,"low_stock_amount":"","sales_update_date":"2025-10-09T03:27:53","calc_backorders":null,"_links":{"self":[{"href":"https:\/\/aromasentia.com\/no\/wp-json\/wp\/v2\/product\/206263","targetHints":{"allow":["GET"]}}],"collection":[{"href":"https:\/\/aromasentia.com\/no\/wp-json\/wp\/v2\/product"}],"about":[{"href":"https:\/\/aromasentia.com\/no\/wp-json\/wp\/v2\/types\/product"}],"replies":[{"embeddable":true,"href":"https:\/\/aromasentia.com\/no\/wp-json\/wp\/v2\/comments?post=206263"}],"version-history":[{"count":0,"href":"https:\/\/aromasentia.com\/no\/wp-json\/wp\/v2\/product\/206263\/revisions"}],"wp:featuredmedia":[{"embeddable":true,"href":"https:\/\/aromasentia.com\/no\/wp-json\/wp\/v2\/media\/304962"}],"wp:attachment":[{"href":"https:\/\/aromasentia.com\/no\/wp-json\/wp\/v2\/media?parent=206263"}],"wp:term":[{"taxonomy":"product_brand","embeddable":true,"href":"https:\/\/aromasentia.com\/no\/wp-json\/wp\/v2\/product_brand?post=206263"},{"taxonomy":"product_cat","embeddable":true,"href":"https:\/\/aromasentia.com\/no\/wp-json\/wp\/v2\/product_cat?post=206263"},{"taxonomy":"product_tag","embeddable":true,"href":"https:\/\/aromasentia.com\/no\/wp-json\/wp\/v2\/product_tag?post=206263"}],"curies":[{"name":"wp","href":"https:\/\/api.w.org\/{rel}","templated":true}]}}