{"id":206252,"date":"2025-03-21T11:23:59","date_gmt":"2025-03-21T11:23:59","guid":{"rendered":"https:\/\/aromasentia.com\/product\/large-concrete-soy-candle-crushed-vanilla-orange\/"},"modified":"2025-05-31T02:47:56","modified_gmt":"2025-05-31T02:47:56","slug":"stort-soyalys-i-betong-crushed-vanilla-orange","status":"publish","type":"product","link":"https:\/\/aromasentia.com\/no\/stort-soyalys-i-betong-crushed-vanilla-orange\/","title":{"rendered":"Stort Soyalys I Betong &#8211; Crushed Vanilla &#038; Orange"},"content":{"rendered":"<p>Dette vakre og unike betonglyset i treveke er en av v\u00e5re favoritter. De har et naturlig og r\u00e5tt utseende som gir en lett og kj\u00e6rlig f\u00f8lelse.<\/p>\n<p>Filtputer er lagt til i bunnen for \u00e5 forhindre riper p\u00e5 overflater. Den naturlige treveken skaper den beroligende lyden av en knitrende ild! Betongpottens design gj\u00f8r det mulig \u00e5 bruke den om igjen for \u00e5 integrere den i innredningen din n\u00e5r lyset er brent opp, for eksempel som en blomsterpotte.<\/p>\n<p>Det gode med \u00e5 bruke et materiale som betong betyr at hvert produkt er unikt med sine egne anomalier og s\u00e6regenheter. Det er ogs\u00e5 den perfekte valentinsgaven, bryllupsgaven og borddekorasjonen.<\/p>\n","protected":false},"excerpt":{"rendered":"<p>Dette vakre og unike betonglyset i treveke er en av v\u00e5re favoritter. De har et naturlig og r\u00e5tt utseende som gir en lett og kj\u00e6rlig f\u00f8lelse. Filtputer er lagt til i bunnen for \u00e5 forhindre riper p\u00e5 overflater. Den naturlige treveken skaper den beroligende lyden av en knitrende ild! Betongpottens design gj\u00f8r det mulig \u00e5 [&hellip;]<\/p>\n","protected":false},"featured_media":305886,"comment_status":"closed","ping_status":"open","template":"","meta":{"_angie_page":false},"product_brand":[],"product_cat":[26306,25843,9273,9270,26820,9274],"product_tag":[],"class_list":{"0":"post-206252","1":"product","2":"type-product","3":"status-publish","4":"has-post-thumbnail","6":"product_cat-appelsin","7":"product_cat-dufter-aromaer","8":"product_cat-duftlys","9":"product_cat-lysestaker-og-stearinlys","10":"product_cat-sitrus","11":"product_cat-soyavokslys","12":"pa_collection-concrete-wooden-wick-candles-no","13":"pa_made-in-kina","15":"first","16":"instock","17":"purchasable","18":"product-type-simple"},"supplier_id":null,"supplier_sku":"CWC-02","barcode":null,"atum_controlled":true,"out_stock_date":null,"out_stock_threshold":null,"inheritable":false,"inbound_stock":null,"stock_on_hold":0,"sold_today":0,"sales_last_days":0,"reserved_stock":null,"customer_returns":null,"warehouse_damage":null,"lost_in_post":null,"other_logs":null,"out_stock_days":0,"lost_sales":0,"has_location":null,"update_date":"2026-04-27T06:58:54","atum_locations":[],"atum_stock_status":"instock","restock_status":false,"low_stock_amount":"","sales_update_date":"2026-02-06T00:02:40","calc_backorders":null,"_links":{"self":[{"href":"https:\/\/aromasentia.com\/no\/wp-json\/wp\/v2\/product\/206252","targetHints":{"allow":["GET"]}}],"collection":[{"href":"https:\/\/aromasentia.com\/no\/wp-json\/wp\/v2\/product"}],"about":[{"href":"https:\/\/aromasentia.com\/no\/wp-json\/wp\/v2\/types\/product"}],"replies":[{"embeddable":true,"href":"https:\/\/aromasentia.com\/no\/wp-json\/wp\/v2\/comments?post=206252"}],"version-history":[{"count":0,"href":"https:\/\/aromasentia.com\/no\/wp-json\/wp\/v2\/product\/206252\/revisions"}],"wp:featuredmedia":[{"embeddable":true,"href":"https:\/\/aromasentia.com\/no\/wp-json\/wp\/v2\/media\/305886"}],"wp:attachment":[{"href":"https:\/\/aromasentia.com\/no\/wp-json\/wp\/v2\/media?parent=206252"}],"wp:term":[{"taxonomy":"product_brand","embeddable":true,"href":"https:\/\/aromasentia.com\/no\/wp-json\/wp\/v2\/product_brand?post=206252"},{"taxonomy":"product_cat","embeddable":true,"href":"https:\/\/aromasentia.com\/no\/wp-json\/wp\/v2\/product_cat?post=206252"},{"taxonomy":"product_tag","embeddable":true,"href":"https:\/\/aromasentia.com\/no\/wp-json\/wp\/v2\/product_tag?post=206252"}],"curies":[{"name":"wp","href":"https:\/\/api.w.org\/{rel}","templated":true}]}}