{"id":206227,"date":"2025-03-21T11:25:58","date_gmt":"2025-03-21T11:25:58","guid":{"rendered":"https:\/\/aromasentia.com\/product\/hop-hare-crystal-magic-flower-candle-the-sun\/"},"modified":"2025-05-31T02:46:45","modified_gmt":"2025-05-31T02:46:45","slug":"hop-hare-blomster-krystallys-solen","status":"publish","type":"product","link":"https:\/\/aromasentia.com\/no\/hop-hare-blomster-krystallys-solen\/","title":{"rendered":"Hop Hare Blomster Krystallys &#8211; Solen"},"content":{"rendered":"<p><span style=\"color: rgb(75, 80, 88);\">Nyt varmen fra<strong>&nbsp;Lemon Horizon Bliss<\/strong> med dette livlige<strong>&nbsp;Crystal Magic Candle.<\/strong><\/span><\/p>\n<p><span style=\"color: rgb(75, 80, 88);\">Den forfriskende duften av sitrus fyller luften, l\u00f8fter hum\u00f8ret og skaper en solrik atmosf\u00e6re. Komplettert av de muntre <strong>citrin&nbsp;<\/strong>&#8211; og <strong>sodalitt&nbsp;<\/strong>-edelstenene, utstr\u00e5ler dette lyset positivitet. Citrin, kjent som \u00absuksessens stein\u00bb, kombineres med sodalittens harmoniserende energi for \u00e5 skape et rom fylt med optimisme og glede.<\/span><\/p>\n<p><span style=\"color: rgb(75, 80, 88);\">Lys opp omgivelsene dine med solen og fyll rommet ditt med et utbrudd av energigivende lykke. <strong>L\u00f8ft hum\u00f8ret ditt, fremme positivitet og skap en munter atmosf\u00e6re.<\/strong><\/span><\/p>\n<p><span style=\"color: rgb(75, 80, 88);\">Hvert Hop Hare Crystal Magic Candle er et unikt mesterverk innkapslet i en dypgr\u00f8nn glassbeholder med en rustikk treveke. Avdekk magien inni deg n\u00e5r du oppdager en edelsten ledsaget av et dryss av mindre edelstensbiter, noe som skaper en blendende utstilling av naturlige underverker. Essensen i disse lysene forsterkes ytterligere av de delikate, t\u00f8rre blomstene.<\/span><\/p>\n<p><span style=\"color: rgb(75, 80, 88);\"><strong>Brennetid:<\/strong> 22 timer<\/span><\/p>\n","protected":false},"excerpt":{"rendered":"<p>Nyt varmen fra&nbsp;Lemon Horizon Bliss med dette livlige&nbsp;Crystal Magic Candle. Den forfriskende duften av sitrus fyller luften, l\u00f8fter hum\u00f8ret og skaper en solrik atmosf\u00e6re. Komplettert av de muntre citrin&nbsp;&#8211; og sodalitt&nbsp;-edelstenene, utstr\u00e5ler dette lyset positivitet. Citrin, kjent som \u00absuksessens stein\u00bb, kombineres med sodalittens harmoniserende energi for \u00e5 skape et rom fylt med optimisme og glede. [&hellip;]<\/p>\n","protected":false},"featured_media":307218,"comment_status":"closed","ping_status":"open","template":"","meta":{"_angie_page":false},"product_brand":[27114],"product_cat":[9352,9270],"product_tag":[],"class_list":{"0":"post-206227","1":"product","2":"type-product","3":"status-publish","4":"has-post-thumbnail","6":"product_brand-hop-hare","7":"product_cat-lys-med-edelstener","8":"product_cat-lysestaker-og-stearinlys","9":"pa_collection-crystal-floral-candles-hop-hare-no","10":"pa_made-in-kina","12":"first","13":"instock","14":"purchasable","15":"product-type-simple"},"supplier_id":null,"supplier_sku":"HHC-05","barcode":null,"atum_controlled":true,"out_stock_date":null,"out_stock_threshold":null,"inheritable":false,"inbound_stock":null,"stock_on_hold":0,"sold_today":0,"sales_last_days":0,"reserved_stock":null,"customer_returns":null,"warehouse_damage":null,"lost_in_post":null,"other_logs":null,"out_stock_days":0,"lost_sales":0,"has_location":null,"update_date":"2026-04-27T07:07:11","atum_locations":[],"atum_stock_status":"instock","restock_status":false,"low_stock_amount":"","sales_update_date":"2025-09-05T00:21:44","calc_backorders":null,"_links":{"self":[{"href":"https:\/\/aromasentia.com\/no\/wp-json\/wp\/v2\/product\/206227","targetHints":{"allow":["GET"]}}],"collection":[{"href":"https:\/\/aromasentia.com\/no\/wp-json\/wp\/v2\/product"}],"about":[{"href":"https:\/\/aromasentia.com\/no\/wp-json\/wp\/v2\/types\/product"}],"replies":[{"embeddable":true,"href":"https:\/\/aromasentia.com\/no\/wp-json\/wp\/v2\/comments?post=206227"}],"version-history":[{"count":0,"href":"https:\/\/aromasentia.com\/no\/wp-json\/wp\/v2\/product\/206227\/revisions"}],"wp:featuredmedia":[{"embeddable":true,"href":"https:\/\/aromasentia.com\/no\/wp-json\/wp\/v2\/media\/307218"}],"wp:attachment":[{"href":"https:\/\/aromasentia.com\/no\/wp-json\/wp\/v2\/media?parent=206227"}],"wp:term":[{"taxonomy":"product_brand","embeddable":true,"href":"https:\/\/aromasentia.com\/no\/wp-json\/wp\/v2\/product_brand?post=206227"},{"taxonomy":"product_cat","embeddable":true,"href":"https:\/\/aromasentia.com\/no\/wp-json\/wp\/v2\/product_cat?post=206227"},{"taxonomy":"product_tag","embeddable":true,"href":"https:\/\/aromasentia.com\/no\/wp-json\/wp\/v2\/product_tag?post=206227"}],"curies":[{"name":"wp","href":"https:\/\/api.w.org\/{rel}","templated":true}]}}