{"id":206225,"date":"2025-03-21T11:25:58","date_gmt":"2025-03-21T11:25:58","guid":{"rendered":"https:\/\/aromasentia.com\/product\/hop-hare-crystal-magic-flower-candle-the-moon\/"},"modified":"2025-05-31T02:46:29","modified_gmt":"2025-05-31T02:46:29","slug":"hop-hare-blomster-krystallys-manen","status":"publish","type":"product","link":"https:\/\/aromasentia.com\/no\/hop-hare-blomster-krystallys-manen\/","title":{"rendered":"Hop Hare Blomster Krystallys &#8211; M\u00e5nen"},"content":{"rendered":"<p><span style=\"color: rgb(75, 80, 88);\">Opplev roen i m\u00e5nebelyste <strong>Lavender Hills<\/strong> med <strong>The Moon Crystal<\/strong> <strong>Magic Candle<\/strong>. Den beroligende lavendelduften omfavner omgivelsene dine og skaper en oase av fred.<\/span><\/p>\n<p><span style=\"color: rgb(75, 80, 88);\">Forsterket av den beroligende <strong>ametyst<\/strong>-edelstenen, inviterer dette lyset til balanse og harmoni i rommet ditt. Ametyst, \u00e6ret for sine stresslindrende egenskaper, fremmer en rolig atmosf\u00e6re, noe som gj\u00f8r den til den perfekte f\u00f8lgesvennen for avslapnings\u00f8yeblikk.<\/span><\/p>\n<p><span style=\"color: rgb(75, 80, 88);\"><strong>Lys opp rommet ditt med M\u00e5nen, og la den beroligende aromaen og ametystenergien lede deg til en tilstand av lykksalig harmoni.<\/strong><\/span><\/p>\n<p><span style=\"color: rgb(75, 80, 88);\">Hvert Hop Hare Crystal Magic Candle er et unikt mesterverk, innkapslet i en dypgr\u00f8nn glassbeholder med en rustikk treveke. Avdekk magien inni deg n\u00e5r du oppdager en edelsten ledsaget av et dryss av mindre edelstensbiter, som skaper en blendende utstilling av naturlige underverker. Essensen i disse lysene forsterkes ytterligere av de delikate, t\u00f8rre blomstene.<\/span><\/p>\n<p><span style=\"color: rgb(75, 80, 88);\"><strong>Brennetid:<\/strong> 22 timer<\/span><\/p>\n","protected":false},"excerpt":{"rendered":"<p>Opplev roen i m\u00e5nebelyste Lavender Hills med The Moon Crystal Magic Candle. Den beroligende lavendelduften omfavner omgivelsene dine og skaper en oase av fred. Forsterket av den beroligende ametyst-edelstenen, inviterer dette lyset til balanse og harmoni i rommet ditt. Ametyst, \u00e6ret for sine stresslindrende egenskaper, fremmer en rolig atmosf\u00e6re, noe som gj\u00f8r den til den [&hellip;]<\/p>\n","protected":false},"featured_media":307096,"comment_status":"closed","ping_status":"open","template":"","meta":{"_angie_page":false},"product_brand":[27114],"product_cat":[9352,9270],"product_tag":[],"class_list":{"0":"post-206225","1":"product","2":"type-product","3":"status-publish","4":"has-post-thumbnail","6":"product_brand-hop-hare","7":"product_cat-lys-med-edelstener","8":"product_cat-lysestaker-og-stearinlys","9":"pa_collection-crystal-floral-candles-hop-hare-no","10":"pa_made-in-kina","12":"first","13":"instock","14":"purchasable","15":"product-type-simple"},"supplier_id":null,"supplier_sku":"HHC-03","barcode":null,"atum_controlled":true,"out_stock_date":null,"out_stock_threshold":null,"inheritable":false,"inbound_stock":null,"stock_on_hold":0,"sold_today":0,"sales_last_days":0,"reserved_stock":null,"customer_returns":null,"warehouse_damage":null,"lost_in_post":null,"other_logs":null,"out_stock_days":0,"lost_sales":0,"has_location":null,"update_date":"2026-04-27T07:07:11","atum_locations":[],"atum_stock_status":"instock","restock_status":false,"low_stock_amount":"","sales_update_date":"2025-09-05T00:21:43","calc_backorders":null,"_links":{"self":[{"href":"https:\/\/aromasentia.com\/no\/wp-json\/wp\/v2\/product\/206225","targetHints":{"allow":["GET"]}}],"collection":[{"href":"https:\/\/aromasentia.com\/no\/wp-json\/wp\/v2\/product"}],"about":[{"href":"https:\/\/aromasentia.com\/no\/wp-json\/wp\/v2\/types\/product"}],"replies":[{"embeddable":true,"href":"https:\/\/aromasentia.com\/no\/wp-json\/wp\/v2\/comments?post=206225"}],"version-history":[{"count":0,"href":"https:\/\/aromasentia.com\/no\/wp-json\/wp\/v2\/product\/206225\/revisions"}],"wp:featuredmedia":[{"embeddable":true,"href":"https:\/\/aromasentia.com\/no\/wp-json\/wp\/v2\/media\/307096"}],"wp:attachment":[{"href":"https:\/\/aromasentia.com\/no\/wp-json\/wp\/v2\/media?parent=206225"}],"wp:term":[{"taxonomy":"product_brand","embeddable":true,"href":"https:\/\/aromasentia.com\/no\/wp-json\/wp\/v2\/product_brand?post=206225"},{"taxonomy":"product_cat","embeddable":true,"href":"https:\/\/aromasentia.com\/no\/wp-json\/wp\/v2\/product_cat?post=206225"},{"taxonomy":"product_tag","embeddable":true,"href":"https:\/\/aromasentia.com\/no\/wp-json\/wp\/v2\/product_tag?post=206225"}],"curies":[{"name":"wp","href":"https:\/\/api.w.org\/{rel}","templated":true}]}}