{"id":206204,"date":"2025-03-21T11:28:36","date_gmt":"2025-03-21T11:28:36","guid":{"rendered":"https:\/\/aromasentia.com\/product\/pure-olive-wax-jar-candle-120x70-mandarin\/"},"modified":"2025-05-31T02:45:15","modified_gmt":"2025-05-31T02:45:15","slug":"rent-olivenvokslys-120x70-mandarin","status":"publish","type":"product","link":"https:\/\/aromasentia.com\/no\/rent-olivenvokslys-120x70-mandarin\/","title":{"rendered":"Rent Olivenvokslys 120&#215;70 &#8211; Mandarin"},"content":{"rendered":"<p>Lys opp rommet ditt med dette Pure Olive Wax Jar Candle 120&#215;70 &#8211; Mandarin. Dette lyset er laget av naturlig olivenvoks og fylt med den oppl\u00f8ftende, pikante duften av s\u00f8t mandarin i en sjarmerende glasskrukke. Lyset brenner rent og gir en munter, sitrusaktig duft som gir sansene energi og skaper en innbydende atmosf\u00e6re. En herlig og milj\u00f8vennlig m\u00e5te \u00e5 nyte langvarig levende lys og en solfylt duft i hjemmet ditt.<\/p>\n","protected":false},"excerpt":{"rendered":"<p>Lys opp rommet ditt med dette Pure Olive Wax Jar Candle 120&#215;70 &#8211; Mandarin. Dette lyset er laget av naturlig olivenvoks og fylt med den oppl\u00f8ftende, pikante duften av s\u00f8t mandarin i en sjarmerende glasskrukke. Lyset brenner rent og gir en munter, sitrusaktig duft som gir sansene energi og skaper en innbydende atmosf\u00e6re. En herlig [&hellip;]<\/p>\n","protected":false},"featured_media":308316,"comment_status":"closed","ping_status":"open","template":"","meta":{"_angie_page":false},"product_brand":[],"product_cat":[25843,9270,26264,26820],"product_tag":[],"class_list":{"0":"post-206204","1":"product","2":"type-product","3":"status-publish","4":"has-post-thumbnail","6":"product_cat-dufter-aromaer","7":"product_cat-lysestaker-og-stearinlys","8":"product_cat-mandarin","9":"product_cat-sitrus","10":"pa_made-in-tyskland","12":"first","13":"instock","14":"purchasable","15":"product-type-simple"},"supplier_id":null,"supplier_sku":"OliveC-09","barcode":null,"atum_controlled":true,"out_stock_date":null,"out_stock_threshold":null,"inheritable":false,"inbound_stock":null,"stock_on_hold":0,"sold_today":0,"sales_last_days":0,"reserved_stock":null,"customer_returns":null,"warehouse_damage":null,"lost_in_post":null,"other_logs":null,"out_stock_days":0,"lost_sales":0,"has_location":null,"update_date":"2026-02-02T14:18:28","atum_locations":[],"atum_stock_status":"instock","restock_status":false,"low_stock_amount":"","sales_update_date":"2026-01-30T01:26:02","calc_backorders":null,"_links":{"self":[{"href":"https:\/\/aromasentia.com\/no\/wp-json\/wp\/v2\/product\/206204","targetHints":{"allow":["GET"]}}],"collection":[{"href":"https:\/\/aromasentia.com\/no\/wp-json\/wp\/v2\/product"}],"about":[{"href":"https:\/\/aromasentia.com\/no\/wp-json\/wp\/v2\/types\/product"}],"replies":[{"embeddable":true,"href":"https:\/\/aromasentia.com\/no\/wp-json\/wp\/v2\/comments?post=206204"}],"version-history":[{"count":0,"href":"https:\/\/aromasentia.com\/no\/wp-json\/wp\/v2\/product\/206204\/revisions"}],"wp:featuredmedia":[{"embeddable":true,"href":"https:\/\/aromasentia.com\/no\/wp-json\/wp\/v2\/media\/308316"}],"wp:attachment":[{"href":"https:\/\/aromasentia.com\/no\/wp-json\/wp\/v2\/media?parent=206204"}],"wp:term":[{"taxonomy":"product_brand","embeddable":true,"href":"https:\/\/aromasentia.com\/no\/wp-json\/wp\/v2\/product_brand?post=206204"},{"taxonomy":"product_cat","embeddable":true,"href":"https:\/\/aromasentia.com\/no\/wp-json\/wp\/v2\/product_cat?post=206204"},{"taxonomy":"product_tag","embeddable":true,"href":"https:\/\/aromasentia.com\/no\/wp-json\/wp\/v2\/product_tag?post=206204"}],"curies":[{"name":"wp","href":"https:\/\/api.w.org\/{rel}","templated":true}]}}