{"id":206200,"date":"2025-03-21T11:28:36","date_gmt":"2025-03-21T11:28:36","guid":{"rendered":"https:\/\/aromasentia.com\/product\/classic-candle-stand-whitewash-37x10cm-large\/"},"modified":"2025-05-31T02:45:04","modified_gmt":"2025-05-31T02:45:04","slug":"klassisk-lysestake-whitewash-37x10cm-large","status":"publish","type":"product","link":"https:\/\/aromasentia.com\/no\/klassisk-lysestake-whitewash-37x10cm-large\/","title":{"rendered":"Klassisk Lysestake &#8211; Whitewash &#8211; 37x10cm &#8211; Large"},"content":{"rendered":"<p><strong>Wholesale Classic Candle Stand &#8211; Whitewash (Large 37x10cm)&nbsp;<\/strong><\/p>\n<p><strong>Laget av mangotre<\/strong>, kjent for sin styrke og holdbarhet, er hvert stykke unikt med naturlige trekornm\u00f8nstre.<\/p>\n<p>Denne klassiske, h\u00f8ye lysestaken har en tradisjonell silhuett med en <strong>distressed whitewash-finish,<\/strong> som passer perfekt inn i ulike innredningsstiler. <\/p>\n<p>Denne lysestaken m\u00e5ler 37 x 10 cm, og er perfekt for \u00e5 gi et dristig uttrykk i st\u00f8rre rom.<\/p>\n<p>Lager opp i dag for \u00e5 legge til denne tidl\u00f8se varen i butikkens samling!<\/p>\n","protected":false},"excerpt":{"rendered":"<p>Wholesale Classic Candle Stand &#8211; Whitewash (Large 37x10cm)&nbsp; Laget av mangotre, kjent for sin styrke og holdbarhet, er hvert stykke unikt med naturlige trekornm\u00f8nstre. Denne klassiske, h\u00f8ye lysestaken har en tradisjonell silhuett med en distressed whitewash-finish, som passer perfekt inn i ulike innredningsstiler. Denne lysestaken m\u00e5ler 37 x 10 cm, og er perfekt for \u00e5 [&hellip;]<\/p>\n","protected":false},"featured_media":308264,"comment_status":"closed","ping_status":"open","template":"","meta":{"_angie_page":false},"product_brand":[],"product_cat":[9277,9270],"product_tag":[],"class_list":{"0":"post-206200","1":"product","2":"type-product","3":"status-publish","4":"has-post-thumbnail","6":"product_cat-lysestaker","7":"product_cat-lysestaker-og-stearinlys","8":"pa_collection-wooden-candle-holders-no","9":"pa_made-in-india","11":"first","12":"instock","13":"purchasable","14":"product-type-simple"},"supplier_id":null,"supplier_sku":"MWCS-05","barcode":null,"atum_controlled":true,"out_stock_date":null,"out_stock_threshold":null,"inheritable":false,"inbound_stock":null,"stock_on_hold":0,"sold_today":0,"sales_last_days":0,"reserved_stock":null,"customer_returns":null,"warehouse_damage":null,"lost_in_post":null,"other_logs":null,"out_stock_days":0,"lost_sales":0,"has_location":null,"update_date":"2026-04-27T07:14:23","atum_locations":[],"atum_stock_status":"instock","restock_status":false,"low_stock_amount":"","sales_update_date":"2026-01-30T01:26:17","calc_backorders":null,"_links":{"self":[{"href":"https:\/\/aromasentia.com\/no\/wp-json\/wp\/v2\/product\/206200","targetHints":{"allow":["GET"]}}],"collection":[{"href":"https:\/\/aromasentia.com\/no\/wp-json\/wp\/v2\/product"}],"about":[{"href":"https:\/\/aromasentia.com\/no\/wp-json\/wp\/v2\/types\/product"}],"replies":[{"embeddable":true,"href":"https:\/\/aromasentia.com\/no\/wp-json\/wp\/v2\/comments?post=206200"}],"version-history":[{"count":0,"href":"https:\/\/aromasentia.com\/no\/wp-json\/wp\/v2\/product\/206200\/revisions"}],"wp:featuredmedia":[{"embeddable":true,"href":"https:\/\/aromasentia.com\/no\/wp-json\/wp\/v2\/media\/308264"}],"wp:attachment":[{"href":"https:\/\/aromasentia.com\/no\/wp-json\/wp\/v2\/media?parent=206200"}],"wp:term":[{"taxonomy":"product_brand","embeddable":true,"href":"https:\/\/aromasentia.com\/no\/wp-json\/wp\/v2\/product_brand?post=206200"},{"taxonomy":"product_cat","embeddable":true,"href":"https:\/\/aromasentia.com\/no\/wp-json\/wp\/v2\/product_cat?post=206200"},{"taxonomy":"product_tag","embeddable":true,"href":"https:\/\/aromasentia.com\/no\/wp-json\/wp\/v2\/product_tag?post=206200"}],"curies":[{"name":"wp","href":"https:\/\/api.w.org\/{rel}","templated":true}]}}