{"id":206199,"date":"2025-03-21T11:28:36","date_gmt":"2025-03-21T11:28:36","guid":{"rendered":"https:\/\/aromasentia.com\/product\/classic-candle-stand-whitewash-30x10cm-medium\/"},"modified":"2025-05-31T02:45:00","modified_gmt":"2025-05-31T02:45:00","slug":"klassisk-lysestake-whitewash-30x10cm-medium","status":"publish","type":"product","link":"https:\/\/aromasentia.com\/no\/klassisk-lysestake-whitewash-30x10cm-medium\/","title":{"rendered":"Klassisk Lysestake &#8211; Whitewash &#8211; 30x10cm &#8211; Medium"},"content":{"rendered":"<p><strong>Wholesale Classic Candle Stand &#8211; Whitewash (Medium 30x10cm)&nbsp;<\/strong><\/p>\n<p><strong>Lysestaken er laget av mangotre og har b\u00e5de styrke og naturlig skj\u00f8nnhet.<\/p>\n<p>Den tradisjonelle formen kombinert med en rustikk, <strong>hvitkalket finish&nbsp;<\/strong> skaper et allsidig m\u00f8bel som passer til ulike innredningstemaer. Med en st\u00f8rrelse p\u00e5 30 x 10 cm gir denne lysestaken en betydelig tilstedev\u00e6relse uten \u00e5 overvelde mindre rom. <\/p>\n<\/p>\n<p>Lagre opp i dag og forbedre butikkens kolleksjon med denne tidl\u00f8se varen!<\/p>\n<p>\n","protected":false},"excerpt":{"rendered":"<p>Wholesale Classic Candle Stand &#8211; Whitewash (Medium 30x10cm)&nbsp; Lysestaken er laget av mangotre og har b\u00e5de styrke og naturlig skj\u00f8nnhet. Den tradisjonelle formen kombinert med en rustikk, hvitkalket finish&nbsp; skaper et allsidig m\u00f8bel som passer til ulike innredningstemaer. Med en st\u00f8rrelse p\u00e5 30 x 10 cm gir denne lysestaken en betydelig tilstedev\u00e6relse uten \u00e5 overvelde [&hellip;]<\/p>\n","protected":false},"featured_media":308239,"comment_status":"closed","ping_status":"open","template":"","meta":{"_angie_page":false},"product_brand":[],"product_cat":[9277,9270],"product_tag":[],"class_list":{"0":"post-206199","1":"product","2":"type-product","3":"status-publish","4":"has-post-thumbnail","6":"product_cat-lysestaker","7":"product_cat-lysestaker-og-stearinlys","8":"pa_collection-wooden-candle-holders-no","9":"pa_made-in-india","11":"first","12":"instock","13":"purchasable","14":"product-type-simple"},"supplier_id":null,"supplier_sku":"MWCS-04","barcode":null,"atum_controlled":true,"out_stock_date":null,"out_stock_threshold":null,"inheritable":false,"inbound_stock":null,"stock_on_hold":0,"sold_today":0,"sales_last_days":0,"reserved_stock":null,"customer_returns":null,"warehouse_damage":null,"lost_in_post":null,"other_logs":null,"out_stock_days":0,"lost_sales":0,"has_location":null,"update_date":"2026-04-30T13:08:10","atum_locations":[],"atum_stock_status":"instock","restock_status":false,"low_stock_amount":"","sales_update_date":"2026-01-30T01:24:58","calc_backorders":null,"_links":{"self":[{"href":"https:\/\/aromasentia.com\/no\/wp-json\/wp\/v2\/product\/206199","targetHints":{"allow":["GET"]}}],"collection":[{"href":"https:\/\/aromasentia.com\/no\/wp-json\/wp\/v2\/product"}],"about":[{"href":"https:\/\/aromasentia.com\/no\/wp-json\/wp\/v2\/types\/product"}],"replies":[{"embeddable":true,"href":"https:\/\/aromasentia.com\/no\/wp-json\/wp\/v2\/comments?post=206199"}],"version-history":[{"count":0,"href":"https:\/\/aromasentia.com\/no\/wp-json\/wp\/v2\/product\/206199\/revisions"}],"wp:featuredmedia":[{"embeddable":true,"href":"https:\/\/aromasentia.com\/no\/wp-json\/wp\/v2\/media\/308239"}],"wp:attachment":[{"href":"https:\/\/aromasentia.com\/no\/wp-json\/wp\/v2\/media?parent=206199"}],"wp:term":[{"taxonomy":"product_brand","embeddable":true,"href":"https:\/\/aromasentia.com\/no\/wp-json\/wp\/v2\/product_brand?post=206199"},{"taxonomy":"product_cat","embeddable":true,"href":"https:\/\/aromasentia.com\/no\/wp-json\/wp\/v2\/product_cat?post=206199"},{"taxonomy":"product_tag","embeddable":true,"href":"https:\/\/aromasentia.com\/no\/wp-json\/wp\/v2\/product_tag?post=206199"}],"curies":[{"name":"wp","href":"https:\/\/api.w.org\/{rel}","templated":true}]}}