{"id":206197,"date":"2025-03-21T11:28:36","date_gmt":"2025-03-21T11:28:36","guid":{"rendered":"https:\/\/aromasentia.com\/product\/mango-wood-candle-stand-hamsa-large-25x18cm\/"},"modified":"2025-05-31T02:44:53","modified_gmt":"2025-05-31T02:44:53","slug":"lysestake-i-mangotre-hamsa-large-25x18cm","status":"publish","type":"product","link":"https:\/\/aromasentia.com\/no\/lysestake-i-mangotre-hamsa-large-25x18cm\/","title":{"rendered":"Lysestake I Mangotre &#8211; Hamsa &#8211; Large 25x18Cm"},"content":{"rendered":"<p><strong>Lysestake i mangotre &#8211; Hamsa<\/strong><\/p>\n<p>Laget av milj\u00f8vennlig <strong>mangotre<\/strong>, kjent for sin holdbarhet og vakre \u00e5retegning, og hvert stykke er helt unikt. <\/p>\n<p>Denne lysestaken har et <strong>utsk\u00e5ret Hamsa-symbol<\/strong>, som er kjent for \u00e5 gi beskyttelse og positiv energi, og gir kulturell dybde til ethvert rom.<\/p>\n<p>Denne store lysestaken er 25&#215;18 cm og gir et dristig uttrykk.<\/p>\n<p>Lager opp i dag og forbedre butikkens samling med dette vakkert utformede stykket!<\/p>\n","protected":false},"excerpt":{"rendered":"<p>Lysestake i mangotre &#8211; Hamsa Laget av milj\u00f8vennlig mangotre, kjent for sin holdbarhet og vakre \u00e5retegning, og hvert stykke er helt unikt. Denne lysestaken har et utsk\u00e5ret Hamsa-symbol, som er kjent for \u00e5 gi beskyttelse og positiv energi, og gir kulturell dybde til ethvert rom. Denne store lysestaken er 25&#215;18 cm og gir et dristig [&hellip;]<\/p>\n","protected":false},"featured_media":308181,"comment_status":"closed","ping_status":"open","template":"","meta":{"_angie_page":false},"product_brand":[],"product_cat":[9277,9270],"product_tag":[],"class_list":{"0":"post-206197","1":"product","2":"type-product","3":"status-publish","4":"has-post-thumbnail","6":"product_cat-lysestaker","7":"product_cat-lysestaker-og-stearinlys","8":"pa_collection-wooden-candle-holders-no","9":"pa_made-in-india","11":"first","12":"instock","13":"purchasable","14":"product-type-simple"},"supplier_id":null,"supplier_sku":"MWCS-02","barcode":null,"atum_controlled":true,"out_stock_date":null,"out_stock_threshold":null,"inheritable":false,"inbound_stock":null,"stock_on_hold":0,"sold_today":0,"sales_last_days":0,"reserved_stock":null,"customer_returns":null,"warehouse_damage":null,"lost_in_post":null,"other_logs":null,"out_stock_days":0,"lost_sales":0,"has_location":null,"update_date":"2026-04-27T07:14:23","atum_locations":[],"atum_stock_status":"instock","restock_status":false,"low_stock_amount":"","sales_update_date":"2026-01-30T01:24:25","calc_backorders":null,"_links":{"self":[{"href":"https:\/\/aromasentia.com\/no\/wp-json\/wp\/v2\/product\/206197","targetHints":{"allow":["GET"]}}],"collection":[{"href":"https:\/\/aromasentia.com\/no\/wp-json\/wp\/v2\/product"}],"about":[{"href":"https:\/\/aromasentia.com\/no\/wp-json\/wp\/v2\/types\/product"}],"replies":[{"embeddable":true,"href":"https:\/\/aromasentia.com\/no\/wp-json\/wp\/v2\/comments?post=206197"}],"version-history":[{"count":0,"href":"https:\/\/aromasentia.com\/no\/wp-json\/wp\/v2\/product\/206197\/revisions"}],"wp:featuredmedia":[{"embeddable":true,"href":"https:\/\/aromasentia.com\/no\/wp-json\/wp\/v2\/media\/308181"}],"wp:attachment":[{"href":"https:\/\/aromasentia.com\/no\/wp-json\/wp\/v2\/media?parent=206197"}],"wp:term":[{"taxonomy":"product_brand","embeddable":true,"href":"https:\/\/aromasentia.com\/no\/wp-json\/wp\/v2\/product_brand?post=206197"},{"taxonomy":"product_cat","embeddable":true,"href":"https:\/\/aromasentia.com\/no\/wp-json\/wp\/v2\/product_cat?post=206197"},{"taxonomy":"product_tag","embeddable":true,"href":"https:\/\/aromasentia.com\/no\/wp-json\/wp\/v2\/product_tag?post=206197"}],"curies":[{"name":"wp","href":"https:\/\/api.w.org\/{rel}","templated":true}]}}