{"id":206196,"date":"2025-03-21T11:28:36","date_gmt":"2025-03-21T11:28:36","guid":{"rendered":"https:\/\/aromasentia.com\/product\/mango-wood-candle-stand-hamsa-small-18x11cm\/"},"modified":"2025-05-31T02:44:50","modified_gmt":"2025-05-31T02:44:50","slug":"lysestake-i-mangotre-hamsa-18x11cm-liten","status":"publish","type":"product","link":"https:\/\/aromasentia.com\/no\/lysestake-i-mangotre-hamsa-18x11cm-liten\/","title":{"rendered":"Lysestake I Mangotre &#8211; Hamsa &#8211; 18x11Cm Liten"},"content":{"rendered":"<p><strong>Lysestake i mangotre &#8211; Hamsa&nbsp;<\/strong><\/p>\n<p>Laget av milj\u00f8vennlig og slitesterkt<strong>&nbsp;mangotre<\/strong>, har hvert enkelt element naturlige tre\u00e5rer og en unik karakter.<\/p>\n<p><strong>Utsk\u00e5ret Hamsa-symbol&nbsp;<\/strong>p\u00e5 forsiden er vakkert detaljert og tilf\u00f8rer et meningsfylt og dekorativt element. Hamsa-h\u00e5nden er kjent for beskyttelse og lykke.<\/p>\n<p>Denne lysestaken m\u00e5ler 18&#215;11 cm og er ideell for mindre rom, samtidig som den gir et effektfullt uttrykk i ethvert rom.<\/p>\n<p>Lager opp i dag og ta med dette fantastiske stykket til butikkens samling!<\/p>\n<p>\n","protected":false},"excerpt":{"rendered":"<p>Lysestake i mangotre &#8211; Hamsa&nbsp; Laget av milj\u00f8vennlig og slitesterkt&nbsp;mangotre, har hvert enkelt element naturlige tre\u00e5rer og en unik karakter. Utsk\u00e5ret Hamsa-symbol&nbsp;p\u00e5 forsiden er vakkert detaljert og tilf\u00f8rer et meningsfylt og dekorativt element. Hamsa-h\u00e5nden er kjent for beskyttelse og lykke. Denne lysestaken m\u00e5ler 18&#215;11 cm og er ideell for mindre rom, samtidig som den gir [&hellip;]<\/p>\n","protected":false},"featured_media":308140,"comment_status":"closed","ping_status":"open","template":"","meta":{"_angie_page":false},"product_brand":[],"product_cat":[9277,9270],"product_tag":[],"class_list":{"0":"post-206196","1":"product","2":"type-product","3":"status-publish","4":"has-post-thumbnail","6":"product_cat-lysestaker","7":"product_cat-lysestaker-og-stearinlys","8":"pa_collection-wooden-candle-holders-no","9":"pa_made-in-india","11":"first","12":"instock","13":"purchasable","14":"product-type-simple"},"supplier_id":null,"supplier_sku":"MWCS-01","barcode":null,"atum_controlled":true,"out_stock_date":null,"out_stock_threshold":null,"inheritable":false,"inbound_stock":null,"stock_on_hold":0,"sold_today":0,"sales_last_days":0,"reserved_stock":null,"customer_returns":null,"warehouse_damage":null,"lost_in_post":null,"other_logs":null,"out_stock_days":0,"lost_sales":0,"has_location":null,"update_date":"2026-04-27T07:14:23","atum_locations":[],"atum_stock_status":"instock","restock_status":false,"low_stock_amount":"","sales_update_date":"2026-02-06T00:00:50","calc_backorders":null,"_links":{"self":[{"href":"https:\/\/aromasentia.com\/no\/wp-json\/wp\/v2\/product\/206196","targetHints":{"allow":["GET"]}}],"collection":[{"href":"https:\/\/aromasentia.com\/no\/wp-json\/wp\/v2\/product"}],"about":[{"href":"https:\/\/aromasentia.com\/no\/wp-json\/wp\/v2\/types\/product"}],"replies":[{"embeddable":true,"href":"https:\/\/aromasentia.com\/no\/wp-json\/wp\/v2\/comments?post=206196"}],"version-history":[{"count":0,"href":"https:\/\/aromasentia.com\/no\/wp-json\/wp\/v2\/product\/206196\/revisions"}],"wp:featuredmedia":[{"embeddable":true,"href":"https:\/\/aromasentia.com\/no\/wp-json\/wp\/v2\/media\/308140"}],"wp:attachment":[{"href":"https:\/\/aromasentia.com\/no\/wp-json\/wp\/v2\/media?parent=206196"}],"wp:term":[{"taxonomy":"product_brand","embeddable":true,"href":"https:\/\/aromasentia.com\/no\/wp-json\/wp\/v2\/product_brand?post=206196"},{"taxonomy":"product_cat","embeddable":true,"href":"https:\/\/aromasentia.com\/no\/wp-json\/wp\/v2\/product_cat?post=206196"},{"taxonomy":"product_tag","embeddable":true,"href":"https:\/\/aromasentia.com\/no\/wp-json\/wp\/v2\/product_tag?post=206196"}],"curies":[{"name":"wp","href":"https:\/\/api.w.org\/{rel}","templated":true}]}}