{"id":206195,"date":"2025-03-21T11:28:36","date_gmt":"2025-03-21T11:28:36","guid":{"rendered":"https:\/\/aromasentia.com\/product\/magic-spell-candle-seduction\/"},"modified":"2025-05-31T02:44:47","modified_gmt":"2025-05-31T02:44:47","slug":"magisk-parafinlys-forforelse","status":"publish","type":"product","link":"https:\/\/aromasentia.com\/no\/magisk-parafinlys-forforelse\/","title":{"rendered":"Magisk Parafinlys &#8211; Forf\u00f8relse"},"content":{"rendered":"<p><strong>Aroma Sentia-ping Magisk Spell Lys &#8211; Forf\u00f8ring<\/strong>er styrket av det rene elementet ild, som representerer transformasjon.<\/p>\n<p>Sett pris p\u00e5 at den ydmyke flammen kan forandre alt og ingenting. Den kan forvandle et kj\u00e6rlighetsbrev til aske, hjelpe med \u00e5 lage mat for \u00e5 opprettholde liv, eller kaste et fortryllende romantisk glimt for \u00e5 fange et hjerte.<\/p>\n<p>Denne transformerende energien er det du kanaliserer, og dermed muliggj\u00f8r endringene du \u00f8nsker i livet ditt.<\/p>\n<p>Brennetid:<strong>50 timer<\/strong><\/p>\n<p>Vekt: <strong>280 g<\/strong><\/p>\n","protected":false},"excerpt":{"rendered":"<p>Aroma Sentia-ping Magisk Spell Lys &#8211; Forf\u00f8ringer styrket av det rene elementet ild, som representerer transformasjon. Sett pris p\u00e5 at den ydmyke flammen kan forandre alt og ingenting. Den kan forvandle et kj\u00e6rlighetsbrev til aske, hjelpe med \u00e5 lage mat for \u00e5 opprettholde liv, eller kaste et fortryllende romantisk glimt for \u00e5 fange et hjerte. [&hellip;]<\/p>\n","protected":false},"featured_media":308123,"comment_status":"closed","ping_status":"open","template":"","meta":{"_angie_page":false},"product_brand":[],"product_cat":[9273,9352,9270],"product_tag":[],"class_list":{"0":"post-206195","1":"product","2":"type-product","3":"status-publish","4":"has-post-thumbnail","6":"product_cat-duftlys","7":"product_cat-lys-med-edelstener","8":"product_cat-lysestaker-og-stearinlys","9":"pa_collection-magic-spell-candles-no","10":"pa_made-in-kina","12":"first","13":"instock","14":"purchasable","15":"product-type-simple"},"supplier_id":null,"supplier_sku":"MSC-12","barcode":null,"atum_controlled":true,"out_stock_date":null,"out_stock_threshold":null,"inheritable":false,"inbound_stock":null,"stock_on_hold":0,"sold_today":0,"sales_last_days":0,"reserved_stock":null,"customer_returns":null,"warehouse_damage":null,"lost_in_post":null,"other_logs":null,"out_stock_days":0,"lost_sales":0,"has_location":null,"update_date":"2026-05-04T00:03:58","atum_locations":[],"atum_stock_status":"instock","restock_status":false,"low_stock_amount":"","sales_update_date":"2025-09-05T00:21:50","calc_backorders":null,"_links":{"self":[{"href":"https:\/\/aromasentia.com\/no\/wp-json\/wp\/v2\/product\/206195","targetHints":{"allow":["GET"]}}],"collection":[{"href":"https:\/\/aromasentia.com\/no\/wp-json\/wp\/v2\/product"}],"about":[{"href":"https:\/\/aromasentia.com\/no\/wp-json\/wp\/v2\/types\/product"}],"replies":[{"embeddable":true,"href":"https:\/\/aromasentia.com\/no\/wp-json\/wp\/v2\/comments?post=206195"}],"version-history":[{"count":0,"href":"https:\/\/aromasentia.com\/no\/wp-json\/wp\/v2\/product\/206195\/revisions"}],"wp:featuredmedia":[{"embeddable":true,"href":"https:\/\/aromasentia.com\/no\/wp-json\/wp\/v2\/media\/308123"}],"wp:attachment":[{"href":"https:\/\/aromasentia.com\/no\/wp-json\/wp\/v2\/media?parent=206195"}],"wp:term":[{"taxonomy":"product_brand","embeddable":true,"href":"https:\/\/aromasentia.com\/no\/wp-json\/wp\/v2\/product_brand?post=206195"},{"taxonomy":"product_cat","embeddable":true,"href":"https:\/\/aromasentia.com\/no\/wp-json\/wp\/v2\/product_cat?post=206195"},{"taxonomy":"product_tag","embeddable":true,"href":"https:\/\/aromasentia.com\/no\/wp-json\/wp\/v2\/product_tag?post=206195"}],"curies":[{"name":"wp","href":"https:\/\/api.w.org\/{rel}","templated":true}]}}