{"id":206164,"date":"2025-03-21T11:30:21","date_gmt":"2025-03-21T11:30:21","guid":{"rendered":"https:\/\/aromasentia.com\/product\/pure-olive-wax-candle-90x60-white\/"},"modified":"2025-05-31T02:42:54","modified_gmt":"2025-05-31T02:42:54","slug":"rent-olivenvokslys-90x60-hvit","status":"publish","type":"product","link":"https:\/\/aromasentia.com\/no\/rent-olivenvokslys-90x60-hvit\/","title":{"rendered":"Rent Olivenvokslys 90&#215;60 &#8211; Hvit"},"content":{"rendered":"<p>Nyt ren, enkel eleganse med dette Pure Olive Wax Candle 90&#215;60 &#8211; White. Dette klassiske, hvite bloklyset p\u00e5 90&#215;60 mm er laget av naturlig, rentbrennende olivenvoks og er tidl\u00f8st allsidig. Det har en klar, jevn flamme som er perfekt for \u00e5 skape en rolig og innbydende atmosf\u00e6re til enhver anledning, fra hverdagslige \u00f8yeblikk til spesielle feiringer. Et milj\u00f8bevisst og minimalistisk valg som utfyller enhver innredningsstil med sin rene, milde gl\u00f8d og diskrete skj\u00f8nnhet.<\/p>\n","protected":false},"excerpt":{"rendered":"<p>Nyt ren, enkel eleganse med dette Pure Olive Wax Candle 90&#215;60 &#8211; White. Dette klassiske, hvite bloklyset p\u00e5 90&#215;60 mm er laget av naturlig, rentbrennende olivenvoks og er tidl\u00f8st allsidig. Det har en klar, jevn flamme som er perfekt for \u00e5 skape en rolig og innbydende atmosf\u00e6re til enhver anledning, fra hverdagslige \u00f8yeblikk til spesielle [&hellip;]<\/p>\n","protected":false},"featured_media":308343,"comment_status":"closed","ping_status":"open","template":"","meta":{"_angie_page":false},"product_brand":[],"product_cat":[9270],"product_tag":[],"class_list":{"0":"post-206164","1":"product","2":"type-product","3":"status-publish","4":"has-post-thumbnail","6":"product_cat-lysestaker-og-stearinlys","7":"pa_made-in-tyskland","9":"first","10":"outofstock","11":"purchasable","12":"product-type-simple"},"supplier_id":null,"supplier_sku":"OliveC-01","barcode":null,"atum_controlled":true,"out_stock_date":"2025-09-05 02:14:13","out_stock_threshold":null,"inheritable":false,"inbound_stock":null,"stock_on_hold":0,"sold_today":0,"sales_last_days":0,"reserved_stock":null,"customer_returns":null,"warehouse_damage":null,"lost_in_post":null,"other_logs":null,"out_stock_days":0,"lost_sales":0,"has_location":null,"update_date":"2026-04-27T07:16:35","atum_locations":[],"atum_stock_status":"outofstock","restock_status":false,"low_stock_amount":"","sales_update_date":"2025-09-05T00:21:51","calc_backorders":null,"_links":{"self":[{"href":"https:\/\/aromasentia.com\/no\/wp-json\/wp\/v2\/product\/206164","targetHints":{"allow":["GET"]}}],"collection":[{"href":"https:\/\/aromasentia.com\/no\/wp-json\/wp\/v2\/product"}],"about":[{"href":"https:\/\/aromasentia.com\/no\/wp-json\/wp\/v2\/types\/product"}],"replies":[{"embeddable":true,"href":"https:\/\/aromasentia.com\/no\/wp-json\/wp\/v2\/comments?post=206164"}],"version-history":[{"count":0,"href":"https:\/\/aromasentia.com\/no\/wp-json\/wp\/v2\/product\/206164\/revisions"}],"wp:featuredmedia":[{"embeddable":true,"href":"https:\/\/aromasentia.com\/no\/wp-json\/wp\/v2\/media\/308343"}],"wp:attachment":[{"href":"https:\/\/aromasentia.com\/no\/wp-json\/wp\/v2\/media?parent=206164"}],"wp:term":[{"taxonomy":"product_brand","embeddable":true,"href":"https:\/\/aromasentia.com\/no\/wp-json\/wp\/v2\/product_brand?post=206164"},{"taxonomy":"product_cat","embeddable":true,"href":"https:\/\/aromasentia.com\/no\/wp-json\/wp\/v2\/product_cat?post=206164"},{"taxonomy":"product_tag","embeddable":true,"href":"https:\/\/aromasentia.com\/no\/wp-json\/wp\/v2\/product_tag?post=206164"}],"curies":[{"name":"wp","href":"https:\/\/api.w.org\/{rel}","templated":true}]}}