{"id":206145,"date":"2025-03-21T11:31:49","date_gmt":"2025-03-21T11:31:49","guid":{"rendered":"https:\/\/aromasentia.com\/product\/petrified-wood-candle-holder-single-low\/"},"modified":"2025-05-31T02:41:27","modified_gmt":"2025-05-31T02:41:27","slug":"lysestake-i-forsteinet-tre-enkel-lav","status":"publish","type":"product","link":"https:\/\/aromasentia.com\/no\/lysestake-i-forsteinet-tre-enkel-lav\/","title":{"rendered":"Lysestake I Forsteinet Tre &#8211; Enkel Lav"},"content":{"rendered":"<p>Oppdag disse lysestakene i forstenet tre, kj\u00e6rlig h\u00e5ndlaget i Indonesia av dyktige h\u00e5ndverkere.<\/p>\n<p>Hvert stykke er unikt og kan betraktes som et kunstverk. Dette unike naturmaterialet skapes n\u00e5r tre begraves i sediment og deretter mineraliseres.<\/p>\n<p>Disse er flotte for \u00e5 skape en perfekt koselig atmosf\u00e6re, og vil spesielt se perfekt ut som et midtpunkt p\u00e5 ethvert bord. Et stilig rustikt tilbeh\u00f8r, helt naturlig og elegant, det vil passe inn i mange interi\u00f8rer og definitivt fange oppmerksomheten.<\/p>\n<p>Avhengig av modell kan lysestakene som kommer i fantastiske fargevariasjoner, romme fra 1 til 3 telys.<\/p>\n<p><strong>MERK: Farger og m\u00f8nstre kan avvike fra de som vises p\u00e5 bildene. Hver lysestak er unik ogs\u00e5 p\u00e5 grunn av sprekker som oppst\u00e5r i forstenningsprosessen.<\/strong><\/p>\n<p>&nbsp;<\/p>\n","protected":false},"excerpt":{"rendered":"<p>Oppdag disse lysestakene i forstenet tre, kj\u00e6rlig h\u00e5ndlaget i Indonesia av dyktige h\u00e5ndverkere. Hvert stykke er unikt og kan betraktes som et kunstverk. Dette unike naturmaterialet skapes n\u00e5r tre begraves i sediment og deretter mineraliseres. Disse er flotte for \u00e5 skape en perfekt koselig atmosf\u00e6re, og vil spesielt se perfekt ut som et midtpunkt p\u00e5 [&hellip;]<\/p>\n","protected":false},"featured_media":310039,"comment_status":"closed","ping_status":"open","template":"","meta":{"_angie_page":false},"product_brand":[],"product_cat":[25712,25221,9277,9270],"product_tag":[],"class_list":{"0":"post-206145","1":"product","2":"type-product","3":"status-publish","4":"has-post-thumbnail","6":"product_cat-forsteinet-tre","7":"product_cat-krystaller-edelsteiner","8":"product_cat-lysestaker","9":"product_cat-lysestaker-og-stearinlys","10":"pa_collection-petrified-wood-candle-holders-no","11":"pa_made-in-indonesia","13":"first","14":"instock","15":"purchasable","16":"product-type-simple"},"supplier_id":null,"supplier_sku":"PetW-01","barcode":null,"atum_controlled":true,"out_stock_date":null,"out_stock_threshold":null,"inheritable":false,"inbound_stock":null,"stock_on_hold":0,"sold_today":0,"sales_last_days":0,"reserved_stock":null,"customer_returns":null,"warehouse_damage":null,"lost_in_post":null,"other_logs":null,"out_stock_days":0,"lost_sales":0,"has_location":null,"update_date":"2026-04-27T07:17:53","atum_locations":[],"atum_stock_status":"instock","restock_status":false,"low_stock_amount":"","sales_update_date":"2026-01-30T01:26:23","calc_backorders":null,"_links":{"self":[{"href":"https:\/\/aromasentia.com\/no\/wp-json\/wp\/v2\/product\/206145","targetHints":{"allow":["GET"]}}],"collection":[{"href":"https:\/\/aromasentia.com\/no\/wp-json\/wp\/v2\/product"}],"about":[{"href":"https:\/\/aromasentia.com\/no\/wp-json\/wp\/v2\/types\/product"}],"replies":[{"embeddable":true,"href":"https:\/\/aromasentia.com\/no\/wp-json\/wp\/v2\/comments?post=206145"}],"version-history":[{"count":0,"href":"https:\/\/aromasentia.com\/no\/wp-json\/wp\/v2\/product\/206145\/revisions"}],"wp:featuredmedia":[{"embeddable":true,"href":"https:\/\/aromasentia.com\/no\/wp-json\/wp\/v2\/media\/310039"}],"wp:attachment":[{"href":"https:\/\/aromasentia.com\/no\/wp-json\/wp\/v2\/media?parent=206145"}],"wp:term":[{"taxonomy":"product_brand","embeddable":true,"href":"https:\/\/aromasentia.com\/no\/wp-json\/wp\/v2\/product_brand?post=206145"},{"taxonomy":"product_cat","embeddable":true,"href":"https:\/\/aromasentia.com\/no\/wp-json\/wp\/v2\/product_cat?post=206145"},{"taxonomy":"product_tag","embeddable":true,"href":"https:\/\/aromasentia.com\/no\/wp-json\/wp\/v2\/product_tag?post=206145"}],"curies":[{"name":"wp","href":"https:\/\/api.w.org\/{rel}","templated":true}]}}