{"id":206139,"date":"2025-03-21T11:31:49","date_gmt":"2025-03-21T11:31:49","guid":{"rendered":"https:\/\/aromasentia.com\/product\/single-pillar-candle-60x150mm-ivory\/"},"modified":"2025-05-31T02:41:07","modified_gmt":"2025-05-31T02:41:07","slug":"enkelt-soylelys-60x150mm-elfenben","status":"publish","type":"product","link":"https:\/\/aromasentia.com\/no\/enkelt-soylelys-60x150mm-elfenben\/","title":{"rendered":"Enkelt S\u00f8ylelys 60x150mm &#8211; Elfenben"},"content":{"rendered":"<p>Tilf\u00f8r innredningen din staselig eleganse med dette enkle bloklyset 60&#215;150 mm &#8211; elfenben. Dette h\u00f8ye, uparfymerte bloklyset i en sofistikert elfenbensfarge m\u00e5ler 60 mm i diameter og 150 mm i h\u00f8yden. Den imponerende st\u00f8rrelsen og den klassiske fargen gj\u00f8r det til et vakkert midtpunkt eller et elegant tillegg til ethvert dekorativt arrangement. Det brenner lenge og gir et varmt og innbydende lys som skaper en tidl\u00f8s atmosf\u00e6re i ethvert rom.<\/p>\n","protected":false},"excerpt":{"rendered":"<p>Tilf\u00f8r innredningen din staselig eleganse med dette enkle bloklyset 60&#215;150 mm &#8211; elfenben. Dette h\u00f8ye, uparfymerte bloklyset i en sofistikert elfenbensfarge m\u00e5ler 60 mm i diameter og 150 mm i h\u00f8yden. Den imponerende st\u00f8rrelsen og den klassiske fargen gj\u00f8r det til et vakkert midtpunkt eller et elegant tillegg til ethvert dekorativt arrangement. Det brenner lenge [&hellip;]<\/p>\n","protected":false},"featured_media":309705,"comment_status":"closed","ping_status":"open","template":"","meta":{"_angie_page":false},"product_brand":[],"product_cat":[9270,9291],"product_tag":[],"class_list":{"0":"post-206139","1":"product","2":"type-product","3":"status-publish","4":"has-post-thumbnail","6":"product_cat-lysestaker-og-stearinlys","7":"product_cat-soylelys","8":"pa_collection-pillar-candle-no","9":"pa_made-in-polen","11":"first","12":"instock","13":"purchasable","14":"product-type-simple"},"supplier_id":null,"supplier_sku":"DSPC-13","barcode":null,"atum_controlled":true,"out_stock_date":null,"out_stock_threshold":null,"inheritable":false,"inbound_stock":null,"stock_on_hold":0,"sold_today":0,"sales_last_days":0,"reserved_stock":null,"customer_returns":null,"warehouse_damage":null,"lost_in_post":null,"other_logs":null,"out_stock_days":0,"lost_sales":0,"has_location":null,"update_date":"2026-04-27T06:59:41","atum_locations":[],"atum_stock_status":"instock","restock_status":false,"low_stock_amount":"","sales_update_date":"2026-01-30T01:25:26","calc_backorders":null,"_links":{"self":[{"href":"https:\/\/aromasentia.com\/no\/wp-json\/wp\/v2\/product\/206139","targetHints":{"allow":["GET"]}}],"collection":[{"href":"https:\/\/aromasentia.com\/no\/wp-json\/wp\/v2\/product"}],"about":[{"href":"https:\/\/aromasentia.com\/no\/wp-json\/wp\/v2\/types\/product"}],"replies":[{"embeddable":true,"href":"https:\/\/aromasentia.com\/no\/wp-json\/wp\/v2\/comments?post=206139"}],"version-history":[{"count":0,"href":"https:\/\/aromasentia.com\/no\/wp-json\/wp\/v2\/product\/206139\/revisions"}],"wp:featuredmedia":[{"embeddable":true,"href":"https:\/\/aromasentia.com\/no\/wp-json\/wp\/v2\/media\/309705"}],"wp:attachment":[{"href":"https:\/\/aromasentia.com\/no\/wp-json\/wp\/v2\/media?parent=206139"}],"wp:term":[{"taxonomy":"product_brand","embeddable":true,"href":"https:\/\/aromasentia.com\/no\/wp-json\/wp\/v2\/product_brand?post=206139"},{"taxonomy":"product_cat","embeddable":true,"href":"https:\/\/aromasentia.com\/no\/wp-json\/wp\/v2\/product_cat?post=206139"},{"taxonomy":"product_tag","embeddable":true,"href":"https:\/\/aromasentia.com\/no\/wp-json\/wp\/v2\/product_tag?post=206139"}],"curies":[{"name":"wp","href":"https:\/\/api.w.org\/{rel}","templated":true}]}}