{"id":206125,"date":"2025-03-21T11:33:11","date_gmt":"2025-03-21T11:33:11","guid":{"rendered":"https:\/\/aromasentia.com\/product\/set-of-10-spell-candles-good-energy\/"},"modified":"2025-05-31T02:40:02","modified_gmt":"2025-05-31T02:40:02","slug":"parafinlys-god-energi-10stk","status":"publish","type":"product","link":"https:\/\/aromasentia.com\/no\/parafinlys-god-energi-10stk\/","title":{"rendered":"Parafinlys &#8211; God Energi 10Stk."},"content":{"rendered":"<p>Orange lys brukes ofte i ulike ritualer og seremonier p\u00e5 grunn av den gode energien som er forbundet med dem.<\/p>\n<p>Orange rituelle lys kan brukes til \u00e5 manifestere glede, lykke, entusiasme, kreativitet og til \u00e5 utvikle \u00e5ndelig og f\u00f8lelsesmessig modenhet. De kan ogs\u00e5 brukes til \u00e5 helbrede seksuelle problemer og problemer i parforhold.<\/p>\n<p><em>St\u00f8rrelse p\u00e5 ett lys: 12,5&#215;1 cm<\/em><\/p>\n","protected":false},"excerpt":{"rendered":"<p>Orange lys brukes ofte i ulike ritualer og seremonier p\u00e5 grunn av den gode energien som er forbundet med dem. Orange rituelle lys kan brukes til \u00e5 manifestere glede, lykke, entusiasme, kreativitet og til \u00e5 utvikle \u00e5ndelig og f\u00f8lelsesmessig modenhet. De kan ogs\u00e5 brukes til \u00e5 helbrede seksuelle problemer og problemer i parforhold. St\u00f8rrelse p\u00e5 [&hellip;]<\/p>\n","protected":false},"featured_media":310675,"comment_status":"closed","ping_status":"open","template":"","meta":[],"product_brand":[],"product_cat":[9270],"product_tag":[],"class_list":{"0":"post-206125","1":"product","2":"type-product","3":"status-publish","4":"has-post-thumbnail","6":"product_cat-lysestaker-og-stearinlys","7":"pa_made-in-india","9":"first","10":"outofstock","11":"purchasable","12":"product-type-simple"},"supplier_id":null,"supplier_sku":"SCand-02","barcode":null,"atum_controlled":true,"out_stock_date":"2025-10-09 12:47:10","out_stock_threshold":null,"inheritable":false,"inbound_stock":null,"stock_on_hold":0,"sold_today":0,"sales_last_days":0,"reserved_stock":null,"customer_returns":null,"warehouse_damage":null,"lost_in_post":null,"other_logs":null,"out_stock_days":112,"lost_sales":0,"has_location":null,"update_date":"2026-01-30T01:25:13","atum_locations":[],"atum_stock_status":"outofstock","restock_status":false,"low_stock_amount":"","sales_update_date":"2026-01-30T01:25:13","calc_backorders":null,"_links":{"self":[{"href":"https:\/\/aromasentia.com\/no\/wp-json\/wp\/v2\/product\/206125","targetHints":{"allow":["GET"]}}],"collection":[{"href":"https:\/\/aromasentia.com\/no\/wp-json\/wp\/v2\/product"}],"about":[{"href":"https:\/\/aromasentia.com\/no\/wp-json\/wp\/v2\/types\/product"}],"replies":[{"embeddable":true,"href":"https:\/\/aromasentia.com\/no\/wp-json\/wp\/v2\/comments?post=206125"}],"version-history":[{"count":0,"href":"https:\/\/aromasentia.com\/no\/wp-json\/wp\/v2\/product\/206125\/revisions"}],"wp:featuredmedia":[{"embeddable":true,"href":"https:\/\/aromasentia.com\/no\/wp-json\/wp\/v2\/media\/310675"}],"wp:attachment":[{"href":"https:\/\/aromasentia.com\/no\/wp-json\/wp\/v2\/media?parent=206125"}],"wp:term":[{"taxonomy":"product_brand","embeddable":true,"href":"https:\/\/aromasentia.com\/no\/wp-json\/wp\/v2\/product_brand?post=206125"},{"taxonomy":"product_cat","embeddable":true,"href":"https:\/\/aromasentia.com\/no\/wp-json\/wp\/v2\/product_cat?post=206125"},{"taxonomy":"product_tag","embeddable":true,"href":"https:\/\/aromasentia.com\/no\/wp-json\/wp\/v2\/product_tag?post=206125"}],"curies":[{"name":"wp","href":"https:\/\/api.w.org\/{rel}","templated":true}]}}