{"id":206121,"date":"2025-03-21T11:33:11","date_gmt":"2025-03-21T11:33:11","guid":{"rendered":"https:\/\/aromasentia.com\/product\/no-0-granite-candle-holder\/"},"modified":"2025-05-31T02:39:49","modified_gmt":"2025-05-31T02:39:49","slug":"no-0-lysestake-i-granitt","status":"publish","type":"product","link":"https:\/\/aromasentia.com\/no\/no-0-lysestake-i-granitt\/","title":{"rendered":"No.0 Lysestake I Granitt"},"content":{"rendered":"<p><strong>Grosshandel Granitt tall<\/strong> <strong>lysestaker &#8211; Nr. 0&nbsp;<\/strong>vil vise alle passende stearinlys bare perfekt og legge til det moderne preget til ethvert oppholdsrom.<\/p>\n<p>Inspirere kunden din til \u00e5 bruke dem som dekorasjon for bryllupsbord eller i bursdagsfester.<\/p>\n<p>N\u00f8ye h\u00e5ndlaget med oppmerksomhet og detaljer i Indonesia av en liten familiebedrift.&nbsp;<\/p>\n<p>Disse designene i sandstein og granitt gj\u00f8r at du kan lage en enest\u00e5ende skjerm som helt sikkert vil fungere til din fordel. <\/p>\n<\/p>\n<p>Bestill n\u00e5 og legg til den siste finpussen i hjemmet til kundene dine.<\/strong><\/p>\n<\/p>\n<p>Bestill n\u00e5 og legg til den siste finpussen i hjemmet til kundene dine.<\/strong><\/p>\n","protected":false},"excerpt":{"rendered":"<p>Grosshandel Granitt tall lysestaker &#8211; Nr. 0&nbsp;vil vise alle passende stearinlys bare perfekt og legge til det moderne preget til ethvert oppholdsrom. Inspirere kunden din til \u00e5 bruke dem som dekorasjon for bryllupsbord eller i bursdagsfester. N\u00f8ye h\u00e5ndlaget med oppmerksomhet og detaljer i Indonesia av en liten familiebedrift.&nbsp; Disse designene i sandstein og granitt gj\u00f8r [&hellip;]<\/p>\n","protected":false},"featured_media":310487,"comment_status":"closed","ping_status":"open","template":"","meta":[],"product_brand":[],"product_cat":[9270],"product_tag":[],"class_list":{"0":"post-206121","1":"product","2":"type-product","3":"status-publish","4":"has-post-thumbnail","6":"product_cat-lysestaker-og-stearinlys","7":"pa_made-in-indonesia","9":"first","10":"outofstock","11":"purchasable","12":"product-type-simple"},"supplier_id":null,"supplier_sku":"SBN-10S","barcode":null,"atum_controlled":true,"out_stock_date":"2025-10-09 12:47:23","out_stock_threshold":null,"inheritable":false,"inbound_stock":null,"stock_on_hold":0,"sold_today":0,"sales_last_days":0,"reserved_stock":null,"customer_returns":null,"warehouse_damage":null,"lost_in_post":null,"other_logs":null,"out_stock_days":112,"lost_sales":0,"has_location":null,"update_date":"2026-01-30T01:25:13","atum_locations":[],"atum_stock_status":"outofstock","restock_status":false,"low_stock_amount":"","sales_update_date":"2026-01-30T01:25:13","calc_backorders":null,"_links":{"self":[{"href":"https:\/\/aromasentia.com\/no\/wp-json\/wp\/v2\/product\/206121","targetHints":{"allow":["GET"]}}],"collection":[{"href":"https:\/\/aromasentia.com\/no\/wp-json\/wp\/v2\/product"}],"about":[{"href":"https:\/\/aromasentia.com\/no\/wp-json\/wp\/v2\/types\/product"}],"replies":[{"embeddable":true,"href":"https:\/\/aromasentia.com\/no\/wp-json\/wp\/v2\/comments?post=206121"}],"version-history":[{"count":0,"href":"https:\/\/aromasentia.com\/no\/wp-json\/wp\/v2\/product\/206121\/revisions"}],"wp:featuredmedia":[{"embeddable":true,"href":"https:\/\/aromasentia.com\/no\/wp-json\/wp\/v2\/media\/310487"}],"wp:attachment":[{"href":"https:\/\/aromasentia.com\/no\/wp-json\/wp\/v2\/media?parent=206121"}],"wp:term":[{"taxonomy":"product_brand","embeddable":true,"href":"https:\/\/aromasentia.com\/no\/wp-json\/wp\/v2\/product_brand?post=206121"},{"taxonomy":"product_cat","embeddable":true,"href":"https:\/\/aromasentia.com\/no\/wp-json\/wp\/v2\/product_cat?post=206121"},{"taxonomy":"product_tag","embeddable":true,"href":"https:\/\/aromasentia.com\/no\/wp-json\/wp\/v2\/product_tag?post=206121"}],"curies":[{"name":"wp","href":"https:\/\/api.w.org\/{rel}","templated":true}]}}