{"id":206115,"date":"2025-03-21T11:33:11","date_gmt":"2025-03-21T11:33:11","guid":{"rendered":"https:\/\/aromasentia.com\/product\/rainbow-jar-candle-rose\/"},"modified":"2025-05-31T02:39:24","modified_gmt":"2025-05-31T02:39:24","slug":"rainbow-duftlys-i-krukke-candle-rose","status":"publish","type":"product","link":"https:\/\/aromasentia.com\/no\/rainbow-duftlys-i-krukke-candle-rose\/","title":{"rendered":"Rainbow Duftlys i Krukke Candle &#8211; Rose"},"content":{"rendered":"<p>En nydelig regnbuegave som lyse opp kundens dag. Bestill n\u00e5.<\/p>\n<p>Vekt: 570 gram<\/p>\n<p>Brennetid: ~32 timer<\/p>\n<p>H\u00f8yde: 8,0 cm<\/p>\n<p>Diameter: 8,0 cm<\/p>\n<p>Laget i Polen av parafinvoks.<\/p>\n<p><strong>Merk: Les etiketten f\u00f8r bruk.<\/strong><\/p>\n","protected":false},"excerpt":{"rendered":"<p>En nydelig regnbuegave som lyse opp kundens dag. Bestill n\u00e5. Vekt: 570 gram Brennetid: ~32 timer H\u00f8yde: 8,0 cm Diameter: 8,0 cm Laget i Polen av parafinvoks. Merk: Les etiketten f\u00f8r bruk.<\/p>\n","protected":false},"featured_media":310329,"comment_status":"closed","ping_status":"open","template":"","meta":[],"product_brand":[],"product_cat":[26834,25843,9273,9270,26366],"product_tag":[],"class_list":{"0":"post-206115","1":"product","2":"type-product","3":"status-publish","4":"has-post-thumbnail","6":"product_cat-blomster","7":"product_cat-dufter-aromaer","8":"product_cat-duftlys","9":"product_cat-lysestaker-og-stearinlys","10":"product_cat-rose","11":"pa_collection-rainbow-jar-candles-no","12":"pa_made-in-polen","14":"first","15":"outofstock","16":"purchasable","17":"product-type-simple"},"supplier_id":null,"supplier_sku":"RJC-07","barcode":null,"atum_controlled":true,"out_stock_date":"2025-11-17 09:21:39","out_stock_threshold":null,"inheritable":false,"inbound_stock":null,"stock_on_hold":0,"sold_today":0,"sales_last_days":0,"reserved_stock":null,"customer_returns":null,"warehouse_damage":null,"lost_in_post":null,"other_logs":null,"out_stock_days":80,"lost_sales":0,"has_location":null,"update_date":"2026-02-06T00:00:59","atum_locations":[],"atum_stock_status":"outofstock","restock_status":false,"low_stock_amount":"","sales_update_date":"2026-02-06T00:00:59","calc_backorders":null,"_links":{"self":[{"href":"https:\/\/aromasentia.com\/no\/wp-json\/wp\/v2\/product\/206115","targetHints":{"allow":["GET"]}}],"collection":[{"href":"https:\/\/aromasentia.com\/no\/wp-json\/wp\/v2\/product"}],"about":[{"href":"https:\/\/aromasentia.com\/no\/wp-json\/wp\/v2\/types\/product"}],"replies":[{"embeddable":true,"href":"https:\/\/aromasentia.com\/no\/wp-json\/wp\/v2\/comments?post=206115"}],"version-history":[{"count":0,"href":"https:\/\/aromasentia.com\/no\/wp-json\/wp\/v2\/product\/206115\/revisions"}],"wp:featuredmedia":[{"embeddable":true,"href":"https:\/\/aromasentia.com\/no\/wp-json\/wp\/v2\/media\/310329"}],"wp:attachment":[{"href":"https:\/\/aromasentia.com\/no\/wp-json\/wp\/v2\/media?parent=206115"}],"wp:term":[{"taxonomy":"product_brand","embeddable":true,"href":"https:\/\/aromasentia.com\/no\/wp-json\/wp\/v2\/product_brand?post=206115"},{"taxonomy":"product_cat","embeddable":true,"href":"https:\/\/aromasentia.com\/no\/wp-json\/wp\/v2\/product_cat?post=206115"},{"taxonomy":"product_tag","embeddable":true,"href":"https:\/\/aromasentia.com\/no\/wp-json\/wp\/v2\/product_tag?post=206115"}],"curies":[{"name":"wp","href":"https:\/\/api.w.org\/{rel}","templated":true}]}}