{"id":206112,"date":"2025-03-21T11:36:29","date_gmt":"2025-03-21T11:36:29","guid":{"rendered":"https:\/\/aromasentia.com\/product\/soybean-jar-candle-bamboo\/"},"modified":"2025-05-31T02:39:17","modified_gmt":"2025-05-31T02:39:17","slug":"soyabonne-duftlys-i-krukke-bambus","status":"publish","type":"product","link":"https:\/\/aromasentia.com\/no\/soyabonne-duftlys-i-krukke-bambus\/","title":{"rendered":"Soyab\u00f8nne Duftlys I Krukke &#8211; Bambus"},"content":{"rendered":"<p>Designet for \u00e5 v\u00e6re en vakker og omtenksom gave, vil <strong>Bambus soyab\u00f8nner lys<\/strong> v\u00e6re et perfekt tilskudd til samlingen din.<\/p>\n<p>Dette lyset er laget av hydrogenert soyab\u00f8nneolje, som betyr at det er fritt for syntetisk voks eller parafin. Presentert i en stor, resirkulert glasskrukke, kan dette vakre lyset gjenbrukes og er pent pakket med et spesielt st\u00f8vdeksel. Og hvis den vakre emballasjen ikke tiltrekker deg, vil den aromatiske bambusduften definitivt gj\u00f8re det.<\/p>\n<p>Soyavoks er s\u00e5 mye finere, renere og mer naturlig enn parafinlys. Litt dyrere, men verdt det. Soyab\u00f8nner lys brenner renere og kj\u00f8ligere og etterlater minimale voksrester.<\/p>\n<p>Ja, dyrere enn parafinvoks, men sammenlign v\u00e5r pris p\u00e5 soyavoks &#8211; laget i v\u00e5r egen fabrikk for \u00e5 sikre renhet og kvalitet &#8211; god verdi sammenlignet med eksisterende produkter. Garantert 3 % duftniv\u00e5, lang brenntid og sv\u00e6rt milj\u00f8vennlig.<\/p>\n<p>H\u00f8y kvalitet, god verdi, ser fantastisk ut og lukter fantastisk &#8230; hvordan kan du motst\u00e5 det?<\/p>\n<p>Bestill i dag for \u00e5 f\u00e5 dette vakre produktet.<\/p>\n","protected":false},"excerpt":{"rendered":"<p>Designet for \u00e5 v\u00e6re en vakker og omtenksom gave, vil Bambus soyab\u00f8nner lys v\u00e6re et perfekt tilskudd til samlingen din. Dette lyset er laget av hydrogenert soyab\u00f8nneolje, som betyr at det er fritt for syntetisk voks eller parafin. Presentert i en stor, resirkulert glasskrukke, kan dette vakre lyset gjenbrukes og er pent pakket med et [&hellip;]<\/p>\n","protected":false},"featured_media":311352,"comment_status":"closed","ping_status":"open","template":"","meta":[],"product_brand":[],"product_cat":[9273,9270,9274],"product_tag":[],"class_list":{"0":"post-206112","1":"product","2":"type-product","3":"status-publish","4":"has-post-thumbnail","6":"product_cat-duftlys","7":"product_cat-lysestaker-og-stearinlys","8":"product_cat-soyavokslys","9":"pa_collection-soy-wax-jar-candle-no","10":"pa_made-in-kina","12":"first","13":"outofstock","14":"purchasable","15":"product-type-simple"},"supplier_id":null,"supplier_sku":"SoyC-07","barcode":null,"atum_controlled":true,"out_stock_date":"2025-10-09 12:45:21","out_stock_threshold":null,"inheritable":false,"inbound_stock":null,"stock_on_hold":0,"sold_today":0,"sales_last_days":0,"reserved_stock":null,"customer_returns":null,"warehouse_damage":null,"lost_in_post":null,"other_logs":null,"out_stock_days":112,"lost_sales":0,"has_location":null,"update_date":"2026-01-30T01:25:12","atum_locations":[],"atum_stock_status":"outofstock","restock_status":false,"low_stock_amount":"","sales_update_date":"2026-01-30T01:25:12","calc_backorders":null,"_links":{"self":[{"href":"https:\/\/aromasentia.com\/no\/wp-json\/wp\/v2\/product\/206112","targetHints":{"allow":["GET"]}}],"collection":[{"href":"https:\/\/aromasentia.com\/no\/wp-json\/wp\/v2\/product"}],"about":[{"href":"https:\/\/aromasentia.com\/no\/wp-json\/wp\/v2\/types\/product"}],"replies":[{"embeddable":true,"href":"https:\/\/aromasentia.com\/no\/wp-json\/wp\/v2\/comments?post=206112"}],"version-history":[{"count":0,"href":"https:\/\/aromasentia.com\/no\/wp-json\/wp\/v2\/product\/206112\/revisions"}],"wp:featuredmedia":[{"embeddable":true,"href":"https:\/\/aromasentia.com\/no\/wp-json\/wp\/v2\/media\/311352"}],"wp:attachment":[{"href":"https:\/\/aromasentia.com\/no\/wp-json\/wp\/v2\/media?parent=206112"}],"wp:term":[{"taxonomy":"product_brand","embeddable":true,"href":"https:\/\/aromasentia.com\/no\/wp-json\/wp\/v2\/product_brand?post=206112"},{"taxonomy":"product_cat","embeddable":true,"href":"https:\/\/aromasentia.com\/no\/wp-json\/wp\/v2\/product_cat?post=206112"},{"taxonomy":"product_tag","embeddable":true,"href":"https:\/\/aromasentia.com\/no\/wp-json\/wp\/v2\/product_tag?post=206112"}],"curies":[{"name":"wp","href":"https:\/\/api.w.org\/{rel}","templated":true}]}}