{"id":206086,"date":"2025-03-21T11:38:53","date_gmt":"2025-03-21T11:38:53","guid":{"rendered":"https:\/\/aromasentia.com\/product\/midnight-rose-soy-pot-of-fragrance-candle\/"},"modified":"2025-06-28T22:41:34","modified_gmt":"2025-06-28T22:41:34","slug":"midnight-rose-soy-duftlys-i-potte","status":"publish","type":"product","link":"https:\/\/aromasentia.com\/no\/midnight-rose-soy-duftlys-i-potte\/","title":{"rendered":"Midnight Rose Soy Duftlys I Potte"},"content":{"rendered":"<p>Dette sortimentet av <strong>grossist Midnight Rose soyalys<\/strong> presenteres i glasskrukker med korklokk. Hvert lys har en naturlig etikett festet med jutesnor. Hver eske inneholder 6 soyalys i krukke, klare til \u00e5 settes i hyllene i butikken din.<\/p>\n<p>Soy Pot of Fragrance Candles lages p\u00e5 v\u00e5r fabrikk i Yiwu for \u00e5 sikre renhet og kvalitet, og er sv\u00e6rt prisgunstige sammenlignet med eksisterende soyaprodukter. Garantert 3% duftniv\u00e5, lang brennende og veldig milj\u00f8vennlig.<\/p>\n<p>Brenntiden til dette soyalyset er omtrent 20 timer. Hvis du \u00f8nsker \u00e5 brenne soyalyset ditt over lengre tid, er det viktig \u00e5 la lyset brenne i ca. 2 timer i begynnelsen, slik at lyset f\u00e5r en innledende minnebrenning. Dette vil \u00f8ke duftspredningen og gi en full smeltep\u00f8l av voks. Hold alltid veken i midten.<\/p>\n<p>For \u00e5 unng\u00e5 at soyavokslyset ditt produserer svart sot, m\u00e5 du alltid trimme veken til &frac14; f\u00f8r du tenner lyset. Brenn alltid lyset p\u00e5 en stabil og varmebestandig overflate. Hold deg unna trekk. Ikke brenn lyset n\u00e5r voksen er mindre enn &frac12; tomme fra bunnen. Ikke r\u00f8r eller flytt p\u00e5 lyset mens det brenner eller hvis voksen er varm. Oppbevares utilgjengelig for barn og kj\u00e6ledyr. Ikke la det v\u00e6re uten tilsyn mens lyset brenner.<\/p>\n<p><strong>Vennligst ikke brenn lyset kontinuerlig over lengre tid.<\/strong><\/p>\n<p><strong>Vennligst s\u00f8rg for at veken ikke er lengre enn 5-10 mm f\u00f8r du bruker lyset (klipp av veken f\u00f8r hver gang du bruker det om n\u00f8dvendig)<\/strong><\/p>\n","protected":false},"excerpt":{"rendered":"<p>Dette sortimentet av grossist Midnight Rose soyalys presenteres i glasskrukker med korklokk. Hvert lys har en naturlig etikett festet med jutesnor. Hver eske inneholder 6 soyalys i krukke, klare til \u00e5 settes i hyllene i butikken din. Soy Pot of Fragrance Candles lages p\u00e5 v\u00e5r fabrikk i Yiwu for \u00e5 sikre renhet og kvalitet, og [&hellip;]<\/p>\n","protected":false},"featured_media":312127,"comment_status":"closed","ping_status":"open","template":"","meta":[],"product_brand":[],"product_cat":[26834,25843,9270,26366,9274],"product_tag":[],"class_list":{"0":"post-206086","1":"product","2":"type-product","3":"status-publish","4":"has-post-thumbnail","6":"product_cat-blomster","7":"product_cat-dufter-aromaer","8":"product_cat-lysestaker-og-stearinlys","9":"product_cat-rose","10":"product_cat-soyavokslys","11":"pa_collection-soy-wax-candle-pots-no","12":"pa_made-in-kina","14":"first","15":"instock","16":"purchasable","17":"product-type-simple"},"supplier_id":null,"supplier_sku":"SoyP-10","barcode":null,"atum_controlled":true,"out_stock_date":null,"out_stock_threshold":null,"inheritable":false,"inbound_stock":null,"stock_on_hold":0,"sold_today":0,"sales_last_days":0,"reserved_stock":null,"customer_returns":null,"warehouse_damage":null,"lost_in_post":null,"other_logs":null,"out_stock_days":0,"lost_sales":0,"has_location":null,"update_date":"2026-02-10T07:14:54","atum_locations":[],"atum_stock_status":"instock","restock_status":false,"low_stock_amount":"","sales_update_date":"2025-09-05T00:22:12","calc_backorders":null,"_links":{"self":[{"href":"https:\/\/aromasentia.com\/no\/wp-json\/wp\/v2\/product\/206086","targetHints":{"allow":["GET"]}}],"collection":[{"href":"https:\/\/aromasentia.com\/no\/wp-json\/wp\/v2\/product"}],"about":[{"href":"https:\/\/aromasentia.com\/no\/wp-json\/wp\/v2\/types\/product"}],"replies":[{"embeddable":true,"href":"https:\/\/aromasentia.com\/no\/wp-json\/wp\/v2\/comments?post=206086"}],"version-history":[{"count":0,"href":"https:\/\/aromasentia.com\/no\/wp-json\/wp\/v2\/product\/206086\/revisions"}],"wp:featuredmedia":[{"embeddable":true,"href":"https:\/\/aromasentia.com\/no\/wp-json\/wp\/v2\/media\/312127"}],"wp:attachment":[{"href":"https:\/\/aromasentia.com\/no\/wp-json\/wp\/v2\/media?parent=206086"}],"wp:term":[{"taxonomy":"product_brand","embeddable":true,"href":"https:\/\/aromasentia.com\/no\/wp-json\/wp\/v2\/product_brand?post=206086"},{"taxonomy":"product_cat","embeddable":true,"href":"https:\/\/aromasentia.com\/no\/wp-json\/wp\/v2\/product_cat?post=206086"},{"taxonomy":"product_tag","embeddable":true,"href":"https:\/\/aromasentia.com\/no\/wp-json\/wp\/v2\/product_tag?post=206086"}],"curies":[{"name":"wp","href":"https:\/\/api.w.org\/{rel}","templated":true}]}}