{"id":206082,"date":"2025-03-21T11:39:37","date_gmt":"2025-03-21T11:39:37","guid":{"rendered":"https:\/\/aromasentia.com\/product\/taper-candle-burgundy\/"},"modified":"2025-05-31T02:37:17","modified_gmt":"2025-05-31T02:37:17","slug":"stearinlys-burgunder","status":"publish","type":"product","link":"https:\/\/aromasentia.com\/no\/stearinlys-burgunder\/","title":{"rendered":"Stearinlys &#8211; Burgunder"},"content":{"rendered":"<p>\u00d8yeblikkets lys med<strong>AWGfits-Taper Candles &#8211; Burgunder.<\/strong><\/p>\n<p>Dette er et essensielt produkt for enhver gavebutikk. Ogs\u00e5 ideelt for restauranter, catering og selskaper. Perfekt for \u00e5 skape stemningsfull belysning til kundenes spisebord eller oppholdsrom.<\/p>\n<p>Taper Candles gir omtrent 7 timers brennetid med en ren, jevn flamme, de r\u00f8yker eller drypper ikke og er lukt- og s\u00f8lfrie. Laget i Polen.<\/p>\n<p>Selges i eske med 10 lys. Velg mellom forskjellige farger. Lysene er dyppet i farge og laget av parafinvoks.<\/p>\n<p>* <strong>H\u00f8yde:<\/strong> 24,5 cm * <strong>Diameter:<\/strong> 2,3 cm * <strong>Vekt p\u00e5 et lys:<\/strong> 0,53 g * <strong>Brennetid:<\/strong> 7 timer<\/p>\n<p>Merk: Les etiketten f\u00f8r bruk.<\/p>\n<p><strong>Disse lysene er nesten for fine til \u00e5 tennes. Legg dem til i produktportef\u00f8ljen din i dag for \u00e5 f\u00e5 nye kunder og nytt salg.<\/strong><\/p>\n","protected":false},"excerpt":{"rendered":"<p>\u00d8yeblikkets lys medAWGfits-Taper Candles &#8211; Burgunder. Dette er et essensielt produkt for enhver gavebutikk. Ogs\u00e5 ideelt for restauranter, catering og selskaper. Perfekt for \u00e5 skape stemningsfull belysning til kundenes spisebord eller oppholdsrom. Taper Candles gir omtrent 7 timers brennetid med en ren, jevn flamme, de r\u00f8yker eller drypper ikke og er lukt- og s\u00f8lfrie. Laget [&hellip;]<\/p>\n","protected":false},"featured_media":312501,"comment_status":"closed","ping_status":"open","template":"","meta":{"_angie_page":false},"product_brand":[],"product_cat":[9270,9291],"product_tag":[],"class_list":{"0":"post-206082","1":"product","2":"type-product","3":"status-publish","4":"has-post-thumbnail","6":"product_cat-lysestaker-og-stearinlys","7":"product_cat-soylelys","8":"pa_collection-pack-of-10-taper-candles-no","9":"pa_made-in-polen","11":"first","12":"outofstock","13":"purchasable","14":"product-type-simple"},"supplier_id":null,"supplier_sku":"TCand-04","barcode":null,"atum_controlled":true,"out_stock_date":"2025-09-05 16:26:28","out_stock_threshold":null,"inheritable":false,"inbound_stock":null,"stock_on_hold":0,"sold_today":0,"sales_last_days":0,"reserved_stock":null,"customer_returns":null,"warehouse_damage":null,"lost_in_post":null,"other_logs":null,"out_stock_days":0,"lost_sales":0,"has_location":null,"update_date":"2026-04-27T07:24:05","atum_locations":[],"atum_stock_status":"outofstock","restock_status":false,"low_stock_amount":"","sales_update_date":"2025-09-05T00:22:16","calc_backorders":null,"_links":{"self":[{"href":"https:\/\/aromasentia.com\/no\/wp-json\/wp\/v2\/product\/206082","targetHints":{"allow":["GET"]}}],"collection":[{"href":"https:\/\/aromasentia.com\/no\/wp-json\/wp\/v2\/product"}],"about":[{"href":"https:\/\/aromasentia.com\/no\/wp-json\/wp\/v2\/types\/product"}],"replies":[{"embeddable":true,"href":"https:\/\/aromasentia.com\/no\/wp-json\/wp\/v2\/comments?post=206082"}],"version-history":[{"count":0,"href":"https:\/\/aromasentia.com\/no\/wp-json\/wp\/v2\/product\/206082\/revisions"}],"wp:featuredmedia":[{"embeddable":true,"href":"https:\/\/aromasentia.com\/no\/wp-json\/wp\/v2\/media\/312501"}],"wp:attachment":[{"href":"https:\/\/aromasentia.com\/no\/wp-json\/wp\/v2\/media?parent=206082"}],"wp:term":[{"taxonomy":"product_brand","embeddable":true,"href":"https:\/\/aromasentia.com\/no\/wp-json\/wp\/v2\/product_brand?post=206082"},{"taxonomy":"product_cat","embeddable":true,"href":"https:\/\/aromasentia.com\/no\/wp-json\/wp\/v2\/product_cat?post=206082"},{"taxonomy":"product_tag","embeddable":true,"href":"https:\/\/aromasentia.com\/no\/wp-json\/wp\/v2\/product_tag?post=206082"}],"curies":[{"name":"wp","href":"https:\/\/api.w.org\/{rel}","templated":true}]}}